{"id":12339,"date":"2024-09-19T09:47:08","date_gmt":"2024-09-19T07:47:08","guid":{"rendered":"https:\/\/unpanierpournoel.com\/?post_type=product&#038;p=12339"},"modified":"2024-09-19T10:01:02","modified_gmt":"2024-09-19T08:01:02","slug":"cafe-arabique","status":"publish","type":"product","link":"https:\/\/unpanierpournoel.com\/es\/produit\/cafe-arabique\/","title":{"rendered":"Caf\u00e9 ar\u00e1bica"},"content":{"rendered":"<p>PROCEDENCIA: Ecuador<br \/>\nCARACTER\u00cdSTICAS: Caf\u00e9 Ar\u00e1bica org\u00e1nico<br \/>\nPRECIO: CHF 10 (200 g)<br \/>\nPRESENTACI\u00d3N : Para tostarPROCEDENCIA: Ecuador<br \/>\nCARACTER\u00cdSTICAS: Caf\u00e9 Ar\u00e1bica org\u00e1nico<br \/>\nPRECIO: CHF 10 (200 g)<br \/>\nPRESENTACI\u00d3N : Para tostar<\/p>","protected":false},"excerpt":{"rendered":"<p>Caf\u00e9 verde en grano (para tostar)Caf\u00e9 verde en grano (para tostar)<\/p>\n","protected":false},"featured_media":12340,"template":"","meta":[],"product_cat":[24],"product_tag":[],"_links":{"self":[{"href":"https:\/\/unpanierpournoel.com\/es\/wp-json\/wp\/v2\/product\/12339"}],"collection":[{"href":"https:\/\/unpanierpournoel.com\/es\/wp-json\/wp\/v2\/product"}],"about":[{"href":"https:\/\/unpanierpournoel.com\/es\/wp-json\/wp\/v2\/types\/product"}],"wp:featuredmedia":[{"embeddable":true,"href":"https:\/\/unpanierpournoel.com\/es\/wp-json\/wp\/v2\/media\/12340"}],"wp:attachment":[{"href":"https:\/\/unpanierpournoel.com\/es\/wp-json\/wp\/v2\/media?parent=12339"}],"wp:term":[{"taxonomy":"product_cat","embeddable":true,"href":"https:\/\/unpanierpournoel.com\/es\/wp-json\/wp\/v2\/product_cat?post=12339"},{"taxonomy":"product_tag","embeddable":true,"href":"https:\/\/unpanierpournoel.com\/es\/wp-json\/wp\/v2\/product_tag?post=12339"}],"curies":[{"name":"wp","href":"https:\/\/api.w.org\/{rel}","templated":true}]}}