{"id":12076,"date":"2024-05-22T18:04:48","date_gmt":"2024-05-22T16:04:48","guid":{"rendered":"https:\/\/unpanierpournoel.com\/?post_type=product&#038;p=12076"},"modified":"2025-07-30T16:27:43","modified_gmt":"2025-07-30T14:27:43","slug":"fritada-pour-le-5-octobre-2025","status":"publish","type":"product","link":"https:\/\/unpanierpournoel.com\/es\/produit\/fritada-pour-le-5-octobre-2025\/","title":{"rendered":"Fritada para el 5 de Octubre 2025"},"content":{"rendered":"<p><strong>ORIGEN<\/strong>: Ecuador<\/p>\n<p><strong>CARACTER\u00cdSTICAS<\/strong>: Carne de cerdo (cocinada a fuego lento) marinada con condimentos (ajo, cebolla, comino, or\u00e9gano, lim\u00f3n, etc.) acompa\u00f1ada de patatas al vapor, Mot\u00e9 (ma\u00edz blanco al vapor), tostado (ma\u00edz amarillo frito), maduro (pl\u00e1tano maduro frito), mandioca (frita), curtido (ensalada) con salsa.<\/p>\n<p><strong>PRECIO<\/strong>: CHF 25.- (500 g)<\/p>\n<p><strong>PRESENTACI\u00d3N<\/strong>:<\/p>\n<ul>\n<li style=\"list-style-type: none;\">\n<ul>\n<li>En el sitio o para llevar el 6 de Octubre a la <span lang=\"EN-US\">Grande Salle, Oulens-Sous-Echallens<\/span><\/li>\n<\/ul>\n<\/li>\n<\/ul>\n<p><strong>ORIGEN<\/strong>: Ecuador<\/p>\n<p><strong>CARACTER\u00cdSTICAS<\/strong>: Carne de cerdo (cocinada a fuego lento) marinada con condimentos (ajo, cebolla, comino, or\u00e9gano, lim\u00f3n, etc.) acompa\u00f1ada de patatas al vapor, Mot\u00e9 (ma\u00edz blanco al vapor), tostado (ma\u00edz amarillo frito), maduro (pl\u00e1tano maduro frito), mandioca (frita), curtido (ensalada) con salsa.<\/p>\n<p><strong>PRECIO<\/strong>: CHF 25.- (500 g)<\/p>\n<p><strong>PRESENTACI\u00d3N<\/strong>:<\/p>\n<ul>\n<li style=\"list-style-type: none;\">\n<ul>\n<li>En el sitio o para llevar el 5 de Octubre a la <span style=\"font-size: 1rem;\">Salle de la Paroisse R\u00e9form\u00e9e de Renens, <\/span><span style=\"font-size: 1rem;\">Rue du village 4, <\/span><span style=\"font-size: 1rem;\">1020 Renens<\/span><\/li>\n<\/ul>\n<\/li>\n<\/ul>\n<p><\/p>","protected":false},"excerpt":{"rendered":"<p>Plato t\u00edpico ecuatoriano de cerdo, ma\u00edz y patatas<\/p>\n<p>Reservas abiertas para el 6 de octubre de 2025<\/p>\n","protected":false},"featured_media":12077,"template":"","meta":[],"product_cat":[25],"product_tag":[],"_links":{"self":[{"href":"https:\/\/unpanierpournoel.com\/es\/wp-json\/wp\/v2\/product\/12076"}],"collection":[{"href":"https:\/\/unpanierpournoel.com\/es\/wp-json\/wp\/v2\/product"}],"about":[{"href":"https:\/\/unpanierpournoel.com\/es\/wp-json\/wp\/v2\/types\/product"}],"wp:featuredmedia":[{"embeddable":true,"href":"https:\/\/unpanierpournoel.com\/es\/wp-json\/wp\/v2\/media\/12077"}],"wp:attachment":[{"href":"https:\/\/unpanierpournoel.com\/es\/wp-json\/wp\/v2\/media?parent=12076"}],"wp:term":[{"taxonomy":"product_cat","embeddable":true,"href":"https:\/\/unpanierpournoel.com\/es\/wp-json\/wp\/v2\/product_cat?post=12076"},{"taxonomy":"product_tag","embeddable":true,"href":"https:\/\/unpanierpournoel.com\/es\/wp-json\/wp\/v2\/product_tag?post=12076"}],"curies":[{"name":"wp","href":"https:\/\/api.w.org\/{rel}","templated":true}]}}