{"id":9978,"date":"2022-12-14T04:17:10","date_gmt":"2022-12-14T03:17:10","guid":{"rendered":"https:\/\/unpanierpournoel.com\/?page_id=9978"},"modified":"2023-02-05T17:47:50","modified_gmt":"2023-02-05T16:47:50","slug":"carte-de-noel-2022","status":"publish","type":"page","link":"https:\/\/unpanierpournoel.com\/es\/carte-de-noel-2022\/","title":{"rendered":"Tarjeta de Navidad 2022"},"content":{"rendered":"<p><\/p>\n\n\n\n<figure class=\"wp-block-image size-large\"><img decoding=\"async\" src=\"https:\/\/unpanierpournoel.com\/wp-content\/uploads\/2022\/12\/logo_highresolution-1-1024x357.jpg\" alt=\"\" class=\"wp-image-9984\"\/><\/figure>\n\n\n\n<p class=\"has-text-align-center has-vivid-red-color has-white-background-color has-text-color has-background has-x-large-font-size\"><strong><em><mark style=\"background-color:rgba(0, 0, 0, 0)\" class=\"has-inline-color has-vivid-red-color\">Feliz Navidad  2022<\/mark><\/em><\/strong><\/p>\n\n\n\n<figure class=\"wp-block-image size-large\"><img decoding=\"async\" src=\"https:\/\/unpanierpournoel.com\/wp-content\/uploads\/2022\/12\/IMG_6496-7-690x1024.jpg\" alt=\"\" class=\"wp-image-10049\"\/><\/figure>\n\n\n\n<p class=\"has-vivid-green-cyan-color has-white-background-color has-text-color has-background has-medium-font-size\"><strong>\u00ab<strong>\u00abAlgunos regalos son grandes, otros peque\u00f1os, pero los que salen del coraz\u00f3n son los mejores de todos<\/strong>.<\/strong>\u00ab<\/p>\n\n\n\n<p class=\"has-text-align-center\"><mark style=\"background-color:rgba(0, 0, 0, 0)\" class=\"has-inline-color has-vivid-green-cyan-color\"><strong>Les deseamos paz, amor y prosperidad en su futuro&#8230;<\/strong><\/mark><\/p>\n\n\n\n<p class=\"has-vivid-cyan-blue-color has-text-color\"><mark style=\"background-color:rgba(0, 0, 0, 0)\" class=\"has-inline-color has-black-color\">disfrute de nuestro trabajo  2021 en<\/mark> <strong><a rel=\"noreferrer noopener\" href=\"http:\/\/https\/\/youtu.be\/gnTr7JipHKA\" data-type=\"URL\" data-id=\"https\/\/youtu.be\/gnTr7JipHKA\" target=\"_blank\"><mark style=\"background-color:rgba(0, 0, 0, 0)\" class=\"has-inline-color has-vivid-cyan-blue-color\">v\u00eddeo<\/mark><\/a><\/strong><\/p>\n\n\n\n<div class=\"wp-block-columns is-layout-flex wp-container-core-columns-is-layout-5 wp-block-columns-is-layout-flex\">\n<div class=\"wp-block-column is-layout-flow wp-block-column-is-layout-flow\"><\/div>\n\n\n\n<div class=\"wp-block-column is-layout-flow wp-block-column-is-layout-flow\">\n<figure class=\"wp-block-image size-full\"><img loading=\"lazy\" decoding=\"async\" width=\"242\" height=\"134\" src=\"https:\/\/unpanierpournoel.com\/wp-content\/uploads\/2021\/06\/hacer-une-donacion.jpg\" alt=\"\" class=\"wp-image-8466\"\/><\/figure>\n<\/div>\n\n\n\n<div class=\"wp-block-column is-layout-flow wp-block-column-is-layout-flow\"><\/div>\n<\/div>\n\n\n\n<p>Puede seguirnos en: <mark style=\"background-color:rgba(0, 0, 0, 0)\" class=\"has-inline-color has-vivid-green-cyan-color\"> <\/mark><strong><a rel=\"noreferrer noopener\" href=\"https:\/\/www.facebook.com\/asso.uppn\/\" data-type=\"URL\" data-id=\"https:\/\/www.facebook.com\/asso.uppn\/\" target=\"_blank\"><mark style=\"background-color:rgba(0, 0, 0, 0)\" class=\"has-inline-color has-vivid-cyan-blue-color\">Faceboo<\/mark><\/a><a href=\"https:\/\/www.facebook.com\/asso.uppn\/\" data-type=\"URL\" data-id=\"https:\/\/www.facebook.com\/asso.uppn\/\"><mark style=\"background-color:rgba(0, 0, 0, 0)\" class=\"has-inline-color has-vivid-cyan-blue-color\">k<\/mark><\/a><\/strong><\/p>\n\n\n\n<p class=\"has-black-color has-text-color\">Para m\u00e1s informaci\u00f3n, visite nuestro sitio web: <strong><a rel=\"noreferrer noopener\" href=\"https:\/\/unpanierpournoel.com\" data-type=\"URL\" data-id=\"https:\/\/unpanierpournoel.com\" target=\"_blank\">www.unpanierpournoel.com<\/a><\/strong><\/p>\n\n\n\n<figure class=\"wp-block-image size-large\"><img loading=\"lazy\" decoding=\"async\" width=\"1024\" height=\"140\" src=\"https:\/\/unpanierpournoel.com\/wp-content\/uploads\/2021\/06\/image2-1024x140.jpg\" alt=\"\" class=\"wp-image-8382\" srcset=\"https:\/\/unpanierpournoel.com\/wp-content\/uploads\/2021\/06\/image2-1024x140.jpg 1024w, https:\/\/unpanierpournoel.com\/wp-content\/uploads\/2021\/06\/image2-350x48.jpg 350w, https:\/\/unpanierpournoel.com\/wp-content\/uploads\/2021\/06\/image2-300x41.jpg 300w, https:\/\/unpanierpournoel.com\/wp-content\/uploads\/2021\/06\/image2-768x105.jpg 768w, https:\/\/unpanierpournoel.com\/wp-content\/uploads\/2021\/06\/image2.jpg 1488w\" sizes=\"(max-width: 767px) 89vw, (max-width: 1000px) 54vw, (max-width: 1071px) 543px, 580px\" \/><\/figure>","protected":false},"excerpt":{"rendered":"<p>Feliz Navidad 2022 \u00ab\u00abAlgunos regalos son grandes, otros peque\u00f1os, pero los que salen del coraz\u00f3n son los mejores de todos.\u00ab Les deseamos paz, amor y prosperidad en su futuro&#8230; disfrute de nuestro trabajo 2021 en v\u00eddeo Puede seguirnos en: Facebook Para m\u00e1s informaci\u00f3n, visite nuestro sitio web: www.unpanierpournoel.com<\/p>\n","protected":false},"author":3,"featured_media":0,"parent":0,"menu_order":0,"comment_status":"closed","ping_status":"closed","template":"","meta":{"footnotes":""},"_links":{"self":[{"href":"https:\/\/unpanierpournoel.com\/es\/wp-json\/wp\/v2\/pages\/9978"}],"collection":[{"href":"https:\/\/unpanierpournoel.com\/es\/wp-json\/wp\/v2\/pages"}],"about":[{"href":"https:\/\/unpanierpournoel.com\/es\/wp-json\/wp\/v2\/types\/page"}],"author":[{"embeddable":true,"href":"https:\/\/unpanierpournoel.com\/es\/wp-json\/wp\/v2\/users\/3"}],"replies":[{"embeddable":true,"href":"https:\/\/unpanierpournoel.com\/es\/wp-json\/wp\/v2\/comments?post=9978"}],"version-history":[{"count":73,"href":"https:\/\/unpanierpournoel.com\/es\/wp-json\/wp\/v2\/pages\/9978\/revisions"}],"predecessor-version":[{"id":10163,"href":"https:\/\/unpanierpournoel.com\/es\/wp-json\/wp\/v2\/pages\/9978\/revisions\/10163"}],"wp:attachment":[{"href":"https:\/\/unpanierpournoel.com\/es\/wp-json\/wp\/v2\/media?parent=9978"}],"curies":[{"name":"wp","href":"https:\/\/api.w.org\/{rel}","templated":true}]}}