{"id":9644,"date":"2022-10-27T15:00:26","date_gmt":"2022-10-27T13:00:26","guid":{"rendered":"https:\/\/unpanierpournoel.com\/?page_id=9644"},"modified":"2022-11-17T08:50:48","modified_gmt":"2022-11-17T07:50:48","slug":"agenda-des-stands-2022","status":"publish","type":"page","link":"https:\/\/unpanierpournoel.com\/es\/agenda-des-stands-2022\/","title":{"rendered":"Agenda de stands 2022"},"content":{"rendered":"<p><\/p>\n\n\n\n<p>-S\u00e1bado 15 de octubre de 2022 &#8211; Tesoro a peque\u00f1o precio &#8211; Yverdon<\/p>\n\n\n\n<p>-Domingo 16 de octubre de 2022 &#8211; Tesoro a peque\u00f1o precio &#8211; Yverdon<\/p>\n\n\n\n<p>-Viernes 21 de octubre de 2022 &#8211; Migros Midi-Coindet &#8211; Av. Gustave-Coindet 11, 1800 Vevey<\/p>\n\n\n\n<p>-S\u00e1bado 22 de octubre de 2022 &#8212; Migros Midi-Coindet &#8211; Av. Gustave-Coindet 11, 1800 Vevey<\/p>\n\n\n\n<p>-Domingo 23 de octubre de 2022 &#8211; Restoroute de Bavois A1, 1372 Bavois<\/p>\n\n\n\n<p>-S\u00e1bado 29 de octubre de 2022 &#8211; Migros Cossonay &#8211; Rue de Chavannes 1, 1304 Cossonay<\/p>\n\n\n\n<p>-Domingo 30 de octubre de 2022 &#8211; Restoroute de Bavois &#8211; A1, 1372 Bavois<\/p>\n\n\n\n<p>-S\u00e1bado 5 de noviembre de 2022 &#8211; Migros Etoy- Rte Suisse 26, 1163 Etoy<\/p>\n\n\n\n<p>-Domingo 6 de noviembre de 2022 &#8211; Vide-Grenier \u00e0 Puidoux &nbsp;<\/p>\n\n\n\n<p>-S\u00e1bado 12 de noviembre de 2022 &#8211; Migros Payerne &#8211; Rue du Temple 19, 1530 Payerne<\/p>\n\n\n\n<p>-Domingo 13 de noviembre de 2022 &#8211; Vide grenier de la promenade- Place d&#8217;Armes, Promenade Auguste-Fallet-Yverdon &nbsp;<\/p>\n\n\n\n<p>-S\u00e1bado 19 de noviembre de 2022 &#8211; Migros Croset &#8211; Chemin de Croset 7, 1024 Ecublens<\/p>\n\n\n\n<p>-S\u00e1bado 26 de noviembre de 2022 &#8211; Migros Plainpalais &#8211; Rue de Carouge 64, 1205 Gen\u00e8ve<\/p>\n\n\n\n<p>-Lunes 28 de noviembre de 2022 &#8211; M\u00e9tropole Yverdon<\/p>","protected":false},"excerpt":{"rendered":"<p>-S\u00e1bado 15 de octubre de 2022 &#8211; Tesoro a peque\u00f1o precio &#8211; Yverdon -Domingo 16 de octubre de 2022 &#8211; Tesoro a peque\u00f1o precio &#8211; Yverdon -Viernes 21 de octubre de 2022 &#8211; Migros Midi-Coindet &#8211; Av. Gustave-Coindet 11, 1800 Vevey -S\u00e1bado 22 de octubre de 2022 &#8212; Migros Midi-Coindet &#8211; Av. Gustave-Coindet 11, 1800 &hellip; <\/p>\n<p class=\"link-more\"><a href=\"https:\/\/unpanierpournoel.com\/es\/agenda-des-stands-2022\/\" class=\"more-link\">Continuar leyendo<span class=\"screen-reader-text\"> \u00abAgenda de stands 2022\u00bb<\/span><\/a><\/p>\n","protected":false},"author":3,"featured_media":0,"parent":0,"menu_order":0,"comment_status":"closed","ping_status":"closed","template":"","meta":{"footnotes":""},"_links":{"self":[{"href":"https:\/\/unpanierpournoel.com\/es\/wp-json\/wp\/v2\/pages\/9644"}],"collection":[{"href":"https:\/\/unpanierpournoel.com\/es\/wp-json\/wp\/v2\/pages"}],"about":[{"href":"https:\/\/unpanierpournoel.com\/es\/wp-json\/wp\/v2\/types\/page"}],"author":[{"embeddable":true,"href":"https:\/\/unpanierpournoel.com\/es\/wp-json\/wp\/v2\/users\/3"}],"replies":[{"embeddable":true,"href":"https:\/\/unpanierpournoel.com\/es\/wp-json\/wp\/v2\/comments?post=9644"}],"version-history":[{"count":40,"href":"https:\/\/unpanierpournoel.com\/es\/wp-json\/wp\/v2\/pages\/9644\/revisions"}],"predecessor-version":[{"id":9960,"href":"https:\/\/unpanierpournoel.com\/es\/wp-json\/wp\/v2\/pages\/9644\/revisions\/9960"}],"wp:attachment":[{"href":"https:\/\/unpanierpournoel.com\/es\/wp-json\/wp\/v2\/media?parent=9644"}],"curies":[{"name":"wp","href":"https:\/\/api.w.org\/{rel}","templated":true}]}}