{"id":9095,"date":"2022-10-19T17:36:57","date_gmt":"2022-10-19T15:36:57","guid":{"rendered":"https:\/\/unpanierpournoel.com\/?page_id=9095"},"modified":"2022-11-20T14:53:16","modified_gmt":"2022-11-20T13:53:16","slug":"tombola-de-noel-2022","status":"publish","type":"page","link":"https:\/\/unpanierpournoel.com\/es\/tombola-de-noel-2022\/","title":{"rendered":"rifa de Navidad 2022"},"content":{"rendered":"<p><\/p>\n\n\n\n<p class=\"has-text-align-center has-medium-font-size\"><strong>Pruebe su suerte en el Sorteo de Navidad 2022 por CHF 5 <\/strong><\/p>\n\n\n\n<p class=\"has-text-align-center\"><strong>PRIMER PREMIO<\/strong><\/p>\n\n\n\n<figure class=\"wp-block-image size-large\"><img decoding=\"async\" src=\"https:\/\/unpanierpournoel.com\/wp-content\/uploads\/2022\/10\/20221006_183800-1024x791.jpg\" alt=\"\" class=\"wp-image-9094\"\/><\/figure>\n\n\n\n<p class=\"has-text-align-center\">Un vuelo panor\u00e1mico sobre los Alpes suizos.<\/p>\n\n\n\n<p class=\"has-text-align-center\"> Vuelo ofrecido por Stefan Baumann, que tambi\u00e9n ser\u00e1 su piloto.<\/p>\n\n\n\n<p class=\"has-text-align-center\"><strong>SEGUNDO PREMIO <\/strong><\/p>\n\n\n\n<figure class=\"wp-block-image\"><img loading=\"lazy\" decoding=\"async\" width=\"1006\" height=\"759\" src=\"https:\/\/unpanierpournoel.com\/wp-content\/uploads\/2022\/10\/IMG_CC3092A5D625-1.jpeg\" alt=\"\" class=\"wp-image-9195\" srcset=\"https:\/\/unpanierpournoel.com\/wp-content\/uploads\/2022\/10\/IMG_CC3092A5D625-1.jpeg 1006w, https:\/\/unpanierpournoel.com\/wp-content\/uploads\/2022\/10\/IMG_CC3092A5D625-1-350x264.jpeg 350w, https:\/\/unpanierpournoel.com\/wp-content\/uploads\/2022\/10\/IMG_CC3092A5D625-1-300x226.jpeg 300w, https:\/\/unpanierpournoel.com\/wp-content\/uploads\/2022\/10\/IMG_CC3092A5D625-1-768x579.jpeg 768w\" sizes=\"(max-width: 767px) 89vw, (max-width: 1000px) 54vw, (max-width: 1071px) 543px, 580px\" \/><\/figure>\n\n\n\n<p class=\"has-text-align-center\">Tratamiento Facial ofrecido por Marisol de <mark style=\"background-color:rgba(0, 0, 0, 0)\" class=\"has-inline-color has-vivid-cyan-blue-color\">EVER SECRET<\/mark> que se ocupar\u00e1 de usted. <\/p>\n\n\n\n<p class=\"has-text-align-center\"><br>Pida su n\u00famero por tel\u00e9fono +41 79 907 8795, por correo electr\u00f3nico <mark style=\"background-color:rgba(0, 0, 0, 0)\" class=\"has-inline-color has-vivid-cyan-blue-color\">uppnoel@gmail.com<\/mark> o vis\u00edtenos en los pr\u00f3ximos stands. Estas son las fechas y ubicaciones de las casetas en las que puedes comprar tu entrada y elegir tu n\u00famero:<\/p>\n\n\n\n<p>-S\u00e1bado 15 de Octobre 2022 &#8211; Coffre ouvert \u2013 Yverdon <\/p>\n\n\n\n<p>-Domingo 16 de Octubre 2022 &#8211; Coffre ouvert \u2013 Yverdon <\/p>\n\n\n\n<p>-Viernes 21 de Octobre 2022 &#8211; Migros Midi-Coindet \u2013 Av. Gustave-Coindet 11, 1800 Vevey<\/p>\n\n\n\n<p>-S\u00e1bado  22 octobre 2022  &#8211; Migros Midi-Coindet \u2013 Av. Gustave-Coindet 11, 1800 Vevey<\/p>\n\n\n\n<p>-Domingo 23 octobre 2022 &#8211; Restoroute de Bavois A1, 1372 Bavois<\/p>\n\n\n\n<p>-S\u00e1bado  29 de Octubre 2022 &#8211; Migros Cossonay \u2013 Rue de Chavannes 1, 1304 Cossonay<\/p>\n\n\n\n<p>-Domingo 30 de Octobre 2022 &#8211; Restoroute de Bavois \u2013 A1, 1372 Bavois <\/p>\n\n\n\n<p>\u2013S\u00e1bado  5 novembre 2022 &#8211;  Migros Etoy- Rte Suisse 26, 1163 Etoy<\/p>\n\n\n\n<p>-Domingo  6 novembre 2022&nbsp;&#8211; Vide-Grenier \u00e0 Lausanne<\/p>\n\n\n\n<p>-S\u00e1bado 12 novembre 2022 &#8211; Migros Payerne \u2013 Rue du Temple 19, 1530 Payerne<\/p>\n\n\n\n<p>-Domingo  13 novembre 2022&nbsp;&#8211; Vide grenier de la promenade- Place d\u2019Armes, Promenade Auguste-Fallet-Yverdon, <\/p>\n\n\n\n<p>-lunes 28 de  Noviembre 2022 &#8211; M\u00e9tropole Yverdon <\/p>\n\n\n\n<p><strong>El sorteo <\/strong>tendr\u00e1 lugar en nuestro stand de Yverdon M\u00e9tropole el <mark style=\"background-color:rgba(0, 0, 0, 0)\" class=\"has-inline-color has-vivid-red-color\"><strong>lunes 28 de Noviembre de 2022<\/strong><\/mark> al final de la jornada.&nbsp;<\/p>\n\n\n\n<p class=\"has-text-align-center has-large-font-size\"><strong>Buena suerte a todos los participantes!<\/strong><\/p>","protected":false},"excerpt":{"rendered":"<p>Pruebe su suerte en el Sorteo de Navidad 2022 por CHF 5 PRIMER PREMIO Un vuelo panor\u00e1mico sobre los Alpes suizos. Vuelo ofrecido por Stefan Baumann, que tambi\u00e9n ser\u00e1 su piloto. SEGUNDO PREMIO Tratamiento Facial ofrecido por Marisol de EVER SECRET que se ocupar\u00e1 de usted. Pida su n\u00famero por tel\u00e9fono +41 79 907 8795, &hellip; <\/p>\n<p class=\"link-more\"><a href=\"https:\/\/unpanierpournoel.com\/es\/tombola-de-noel-2022\/\" class=\"more-link\">Continuar leyendo<span class=\"screen-reader-text\"> \u00abrifa de Navidad 2022\u00bb<\/span><\/a><\/p>\n","protected":false},"author":3,"featured_media":0,"parent":0,"menu_order":0,"comment_status":"closed","ping_status":"closed","template":"","meta":{"footnotes":""},"_links":{"self":[{"href":"https:\/\/unpanierpournoel.com\/es\/wp-json\/wp\/v2\/pages\/9095"}],"collection":[{"href":"https:\/\/unpanierpournoel.com\/es\/wp-json\/wp\/v2\/pages"}],"about":[{"href":"https:\/\/unpanierpournoel.com\/es\/wp-json\/wp\/v2\/types\/page"}],"author":[{"embeddable":true,"href":"https:\/\/unpanierpournoel.com\/es\/wp-json\/wp\/v2\/users\/3"}],"replies":[{"embeddable":true,"href":"https:\/\/unpanierpournoel.com\/es\/wp-json\/wp\/v2\/comments?post=9095"}],"version-history":[{"count":104,"href":"https:\/\/unpanierpournoel.com\/es\/wp-json\/wp\/v2\/pages\/9095\/revisions"}],"predecessor-version":[{"id":9977,"href":"https:\/\/unpanierpournoel.com\/es\/wp-json\/wp\/v2\/pages\/9095\/revisions\/9977"}],"wp:attachment":[{"href":"https:\/\/unpanierpournoel.com\/es\/wp-json\/wp\/v2\/media?parent=9095"}],"curies":[{"name":"wp","href":"https:\/\/api.w.org\/{rel}","templated":true}]}}