{"id":7991,"date":"2020-06-29T19:38:17","date_gmt":"2020-06-29T17:38:17","guid":{"rendered":"https:\/\/unpanierpournoel.com\/?page_id=7991"},"modified":"2020-11-08T12:54:35","modified_gmt":"2020-11-08T11:54:35","slug":"13eme-exercice-social","status":"publish","type":"page","link":"https:\/\/unpanierpournoel.com\/es\/13eme-exercice-social\/","title":{"rendered":"13\u00e8me exercice social"},"content":{"rendered":"<p class=\"qtranxs-available-languages-message qtranxs-available-languages-message-es\">Disculpa, pero esta entrada est\u00e1 disponible s\u00f3lo en <a href=\"https:\/\/unpanierpournoel.com\/fr\/wp-json\/wp\/v2\/pages\/7991\" class=\"qtranxs-available-language-link qtranxs-available-language-link-fr\" title=\"Fran\u00e7ais\">Fran\u00e7ais<\/a>.<\/p>","protected":false},"excerpt":{"rendered":"<p>Disculpa, pero esta entrada est\u00e1 disponible s\u00f3lo en Fran\u00e7ais.<\/p>\n","protected":false},"author":1,"featured_media":0,"parent":0,"menu_order":0,"comment_status":"closed","ping_status":"closed","template":"","meta":{"footnotes":""},"_links":{"self":[{"href":"https:\/\/unpanierpournoel.com\/es\/wp-json\/wp\/v2\/pages\/7991"}],"collection":[{"href":"https:\/\/unpanierpournoel.com\/es\/wp-json\/wp\/v2\/pages"}],"about":[{"href":"https:\/\/unpanierpournoel.com\/es\/wp-json\/wp\/v2\/types\/page"}],"author":[{"embeddable":true,"href":"https:\/\/unpanierpournoel.com\/es\/wp-json\/wp\/v2\/users\/1"}],"replies":[{"embeddable":true,"href":"https:\/\/unpanierpournoel.com\/es\/wp-json\/wp\/v2\/comments?post=7991"}],"version-history":[{"count":1,"href":"https:\/\/unpanierpournoel.com\/es\/wp-json\/wp\/v2\/pages\/7991\/revisions"}],"predecessor-version":[{"id":9063,"href":"https:\/\/unpanierpournoel.com\/es\/wp-json\/wp\/v2\/pages\/7991\/revisions\/9063"}],"wp:attachment":[{"href":"https:\/\/unpanierpournoel.com\/es\/wp-json\/wp\/v2\/media?parent=7991"}],"curies":[{"name":"wp","href":"https:\/\/api.w.org\/{rel}","templated":true}]}}