{"id":6928,"date":"2019-05-19T17:00:51","date_gmt":"2019-05-19T15:00:51","guid":{"rendered":"https:\/\/unpanierpournoel.com\/?page_id=6928"},"modified":"2026-04-23T18:52:23","modified_gmt":"2026-04-23T16:52:23","slug":"benevoles","status":"publish","type":"page","link":"https:\/\/unpanierpournoel.com\/es\/benevoles\/","title":{"rendered":"Voluntarios"},"content":{"rendered":"<figure class=\"wp-block-image size-large\"><img loading=\"lazy\" decoding=\"async\" width=\"1024\" height=\"357\" src=\"https:\/\/unpanierpournoel.com\/wp-content\/uploads\/2022\/10\/logo_highresolution-2-1024x357.jpg\" alt=\"\" class=\"wp-image-9178\" srcset=\"https:\/\/unpanierpournoel.com\/wp-content\/uploads\/2022\/10\/logo_highresolution-2-1024x357.jpg 1024w, https:\/\/unpanierpournoel.com\/wp-content\/uploads\/2022\/10\/logo_highresolution-2-scaled-350x122.jpg 350w, https:\/\/unpanierpournoel.com\/wp-content\/uploads\/2022\/10\/logo_highresolution-2-300x105.jpg 300w, https:\/\/unpanierpournoel.com\/wp-content\/uploads\/2022\/10\/logo_highresolution-2-768x268.jpg 768w, https:\/\/unpanierpournoel.com\/wp-content\/uploads\/2022\/10\/logo_highresolution-2-1536x536.jpg 1536w, https:\/\/unpanierpournoel.com\/wp-content\/uploads\/2022\/10\/logo_highresolution-2-2048x714.jpg 2048w\" sizes=\"(max-width: 767px) 89vw, (max-width: 1000px) 54vw, (max-width: 1071px) 543px, 580px\" \/><\/figure>\n\n\n<p><\/p>\n\n\n\n<blockquote class=\"wp-block-quote is-layout-flow wp-block-quote-is-layout-flow\">\n<p>A lo largo del a\u00f1o buscamos voluntarios para actividades puntuales en Suiza como en el Ecuador. No dude en ponerse en contacto con nosotros si desea donar parte de su tiempo como voluntario, ya que lo necesitamos.<\/p>\n<\/blockquote>\n\n\n<style id=\"wpforms-css-vars-13783\">\n\t\t\t\t#wpforms-13783 {\n\t\t\t\t--wpforms-container-padding: 0px;\n--wpforms-container-border-width: 1px;\n--wpforms-container-border-radius: 3px;\n--wpforms-background-color: rgba(0, 0, 0, 0);\n--wpforms-field-size-input-height: 43px;\n--wpforms-field-size-input-spacing: 15px;\n--wpforms-field-size-font-size: 16px;\n--wpforms-field-size-line-height: 19px;\n--wpforms-field-size-padding-h: 14px;\n--wpforms-field-size-checkbox-size: 16px;\n--wpforms-field-size-sublabel-spacing: 5px;\n--wpforms-field-size-icon-size: 1;\n--wpforms-label-size-font-size: 16px;\n--wpforms-label-size-line-height: 19px;\n--wpforms-label-size-sublabel-font-size: 14px;\n--wpforms-label-size-sublabel-line-height: 17px;\n--wpforms-button-size-font-size: 17px;\n--wpforms-button-size-height: 41px;\n--wpforms-button-size-padding-h: 15px;\n--wpforms-button-size-margin-top: 10px;\n--wpforms-container-shadow-size-box-shadow: none;\n\t\t\t}\n\t\t\t<\/style><div class=\"wpforms-container wpforms-container-full wpforms-render-modern\" id=\"wpforms-13783\"><form id=\"wpforms-form-13783\" class=\"wpforms-validate wpforms-form wpforms-ajax-form\" data-formid=\"13783\" method=\"post\" enctype=\"multipart\/form-data\" action=\"\/es\/wp-json\/wp\/v2\/pages\/6928\" data-token=\"f8d74ec9a3725918f8f73a6007ca9a2a\" data-token-time=\"1777701873\"><noscript class=\"wpforms-error-noscript\">Por favor, activa JavaScript en tu navegador para completar este formulario.<\/noscript><div id=\"wpforms-error-noscript\" style=\"display: none;\">Por favor, activa JavaScript en tu navegador para completar este formulario.<\/div><div class=\"wpforms-field-container\"><div id=\"wpforms-13783-field_0-container\" class=\"wpforms-field wpforms-field-name\" data-field-id=\"0\"><label class=\"wpforms-field-label\" for=\"wpforms-13783-field_0\">Nombre y apellido <span class=\"wpforms-required-label\" aria-hidden=\"true\">*<\/span><\/label><input type=\"text\" id=\"wpforms-13783-field_0\" class=\"wpforms-field-large wpforms-field-required\" name=\"wpforms[fields][0]\" aria-errormessage=\"wpforms-13783-field_0-error\" required><\/div><div id=\"wpforms-13783-field_32-container\" class=\"wpforms-field wpforms-field-textarea\" data-field-id=\"32\"><label class=\"wpforms-field-label\" for=\"wpforms-13783-field_32\">Direcci\u00f3n <span class=\"wpforms-required-label\" aria-hidden=\"true\">*<\/span><\/label><textarea id=\"wpforms-13783-field_32\" class=\"wpforms-field-medium wpforms-field-required\" name=\"wpforms[fields][32]\" aria-errormessage=\"wpforms-13783-field_32-error\" aria-describedby=\"wpforms-13783-field_32-description\" required><\/textarea><div id=\"wpforms-13783-field_32-description\" class=\"wpforms-field-description\">Calle, n\u00famero, c\u00f3digo postal, ciudad\/poblaci\u00f3n, ...<\/div><\/div><div id=\"wpforms-13783-field_1-container\" class=\"wpforms-field wpforms-field-email\" data-field-id=\"1\"><label class=\"wpforms-field-label\" for=\"wpforms-13783-field_1\">E-mail <span class=\"wpforms-required-label\" aria-hidden=\"true\">*<\/span><\/label><input type=\"email\" id=\"wpforms-13783-field_1\" class=\"wpforms-field-medium wpforms-field-required\" name=\"wpforms[fields][1]\" spellcheck=\"false\" aria-errormessage=\"wpforms-13783-field_1-error\" required><\/div><div id=\"wpforms-13783-field_17-container\" class=\"wpforms-field wpforms-field-text\" data-field-id=\"17\"><label class=\"wpforms-field-label\" for=\"wpforms-13783-field_17\">Tel\u00e9fono <span class=\"wpforms-required-label\" aria-hidden=\"true\">*<\/span><\/label><input type=\"text\" id=\"wpforms-13783-field_17\" class=\"wpforms-field-medium wpforms-field-required\" name=\"wpforms[fields][17]\" aria-errormessage=\"wpforms-13783-field_17-error\" required><\/div><div id=\"wpforms-13783-field_16-container\" class=\"wpforms-field wpforms-field-text\" data-field-id=\"16\"><label class=\"wpforms-field-label\" for=\"wpforms-13783-field_16\">Fecha de nacimiento <span class=\"wpforms-required-label\" aria-hidden=\"true\">*<\/span><\/label><input type=\"text\" id=\"wpforms-13783-field_16\" class=\"wpforms-field-medium wpforms-field-required\" name=\"wpforms[fields][16]\" placeholder=\"JJ\/MM\/AAAA\" aria-errormessage=\"wpforms-13783-field_16-error\" required><\/div><div id=\"wpforms-13783-field_7-container\" class=\"wpforms-field wpforms-field-checkbox wpforms-list-2-columns\" data-field-id=\"7\"><fieldset><legend class=\"wpforms-field-label\">Disponibilidad <span class=\"wpforms-required-label\" aria-hidden=\"true\">*<\/span><\/legend><ul id=\"wpforms-13783-field_7\" class=\"wpforms-field-required\"><li class=\"choice-1 depth-1\"><input type=\"checkbox\" id=\"wpforms-13783-field_7_1\" name=\"wpforms[fields][7][]\" value=\"Lunes\" aria-errormessage=\"wpforms-13783-field_7_1-error\" required ><label class=\"wpforms-field-label-inline\" for=\"wpforms-13783-field_7_1\">Lunes<\/label><\/li><li class=\"choice-2 depth-1\"><input type=\"checkbox\" id=\"wpforms-13783-field_7_2\" name=\"wpforms[fields][7][]\" value=\"Martes\" aria-errormessage=\"wpforms-13783-field_7_2-error\" required ><label class=\"wpforms-field-label-inline\" for=\"wpforms-13783-field_7_2\">Martes<\/label><\/li><li class=\"choice-3 depth-1\"><input type=\"checkbox\" id=\"wpforms-13783-field_7_3\" name=\"wpforms[fields][7][]\" value=\"Mi\u00e9rcoles\" aria-errormessage=\"wpforms-13783-field_7_3-error\" required ><label class=\"wpforms-field-label-inline\" for=\"wpforms-13783-field_7_3\">Mi\u00e9rcoles<\/label><\/li><li class=\"choice-4 depth-1\"><input type=\"checkbox\" id=\"wpforms-13783-field_7_4\" name=\"wpforms[fields][7][]\" value=\"Jueves\" aria-errormessage=\"wpforms-13783-field_7_4-error\" required ><label class=\"wpforms-field-label-inline\" for=\"wpforms-13783-field_7_4\">Jueves<\/label><\/li><li class=\"choice-5 depth-1\"><input type=\"checkbox\" id=\"wpforms-13783-field_7_5\" name=\"wpforms[fields][7][]\" value=\"Viernes\" aria-errormessage=\"wpforms-13783-field_7_5-error\" required ><label class=\"wpforms-field-label-inline\" for=\"wpforms-13783-field_7_5\">Viernes<\/label><\/li><li class=\"choice-6 depth-1\"><input type=\"checkbox\" id=\"wpforms-13783-field_7_6\" name=\"wpforms[fields][7][]\" value=\"S\u00e1bado\" aria-errormessage=\"wpforms-13783-field_7_6-error\" required ><label class=\"wpforms-field-label-inline\" for=\"wpforms-13783-field_7_6\">S\u00e1bado<\/label><\/li><li class=\"choice-7 depth-1\"><input type=\"checkbox\" id=\"wpforms-13783-field_7_7\" name=\"wpforms[fields][7][]\" value=\"Domingo\" aria-errormessage=\"wpforms-13783-field_7_7-error\" required ><label class=\"wpforms-field-label-inline\" for=\"wpforms-13783-field_7_7\">Domingo<\/label><\/li><\/ul><\/fieldset><\/div><div id=\"wpforms-13783-field_35-container\" class=\"wpforms-field wpforms-field-text\" data-field-id=\"35\"><label class=\"wpforms-field-label\" for=\"wpforms-13783-field_35\">Franja Horario <span class=\"wpforms-required-label\" aria-hidden=\"true\">*<\/span><\/label><input type=\"text\" id=\"wpforms-13783-field_35\" class=\"wpforms-field-medium wpforms-field-required\" name=\"wpforms[fields][35]\" aria-errormessage=\"wpforms-13783-field_35-error\" required><\/div><div id=\"wpforms-13783-field_31-container\" class=\"wpforms-field wpforms-field-select wpforms-field-select-style-classic\" data-field-id=\"31\"><label class=\"wpforms-field-label\" for=\"wpforms-13783-field_31\">Per\u00edodo del compromiso <span class=\"wpforms-required-label\" aria-hidden=\"true\">*<\/span><\/label><select id=\"wpforms-13783-field_31\" class=\"wpforms-field-medium wpforms-field-required\" name=\"wpforms[fields][31]\" required=\"required\"><option value=\"\" class=\"placeholder\" disabled  selected='selected'>--- S\u00e9lectionner un choix ---<\/option><option value=\"Una misi\u00f3n espec\u00edfica\"  class=\"choice-1 depth-1\"  >Una misi\u00f3n espec\u00edfica<\/option><option value=\"Algunos meses\"  class=\"choice-2 depth-1\"  >Algunos meses<\/option><option value=\"Un a\u00f1o completo\"  class=\"choice-3 depth-1\"  >Un a\u00f1o completo<\/option><option value=\"Otro\"  class=\"choice-4 depth-1\"  >Otro<\/option><\/select><\/div><div id=\"wpforms-13783-field_33-container\" class=\"wpforms-field wpforms-field-text\" data-field-id=\"33\"><label class=\"wpforms-field-label\" for=\"wpforms-13783-field_33\">Fecha de inicio <span class=\"wpforms-required-label\" aria-hidden=\"true\">*<\/span><\/label><input type=\"text\" id=\"wpforms-13783-field_33\" class=\"wpforms-field-medium wpforms-field-required\" name=\"wpforms[fields][33]\" placeholder=\"JJ\/MM\/AAAA\" aria-errormessage=\"wpforms-13783-field_33-error\" required><\/div><div id=\"wpforms-13783-field_34-container\" class=\"wpforms-field wpforms-field-text\" data-field-id=\"34\"><label class=\"wpforms-field-label\" for=\"wpforms-13783-field_34\">Fecha de final (si conoce)<\/label><input type=\"text\" id=\"wpforms-13783-field_34\" class=\"wpforms-field-medium\" name=\"wpforms[fields][34]\" placeholder=\"JJ\/MM\/AAAA\" aria-errormessage=\"wpforms-13783-field_34-error\" ><\/div>\t\t<div id=\"wpforms-13783-field_2-container\"\n\t\t\tclass=\"wpforms-field wpforms-field-text\"\n\t\t\tdata-field-type=\"text\"\n\t\t\tdata-field-id=\"2\"\n\t\t\t>\n\t\t\t<label class=\"wpforms-field-label\" for=\"wpforms-13783-field_2\" >experiencias deseadas Fecha<\/label>\n\t\t\t<input type=\"text\" id=\"wpforms-13783-field_2\" class=\"wpforms-field-medium\" name=\"wpforms[fields][2]\" >\n\t\t<\/div>\n\t\t<div id=\"wpforms-13783-field_36-container\" class=\"wpforms-field wpforms-field-checkbox wpforms-list-2-columns\" data-field-id=\"36\"><fieldset><legend class=\"wpforms-field-label\">Areas de intervenci\u00f3n deseadas <span class=\"wpforms-required-label\" aria-hidden=\"true\">*<\/span><\/legend><ul id=\"wpforms-13783-field_36\" class=\"wpforms-field-required\"><li class=\"choice-1 depth-1\"><input type=\"checkbox\" id=\"wpforms-13783-field_36_1\" name=\"wpforms[fields][36][]\" value=\"Organizaci\u00f3n de eventos\" aria-errormessage=\"wpforms-13783-field_36_1-error\" required ><label class=\"wpforms-field-label-inline\" for=\"wpforms-13783-field_36_1\">Organizaci\u00f3n de eventos<\/label><\/li><li class=\"choice-2 depth-1\"><input type=\"checkbox\" id=\"wpforms-13783-field_36_2\" name=\"wpforms[fields][36][]\" value=\"Comunicaci\u00f3n \/ Redes sociales\" aria-errormessage=\"wpforms-13783-field_36_2-error\" required ><label class=\"wpforms-field-label-inline\" for=\"wpforms-13783-field_36_2\">Comunicaci\u00f3n \/ Redes sociales<\/label><\/li><li class=\"choice-3 depth-1\"><input type=\"checkbox\" id=\"wpforms-13783-field_36_3\" name=\"wpforms[fields][36][]\" value=\"Ayuda log\u00edstica \/t\u00e9cnica\" aria-errormessage=\"wpforms-13783-field_36_3-error\" required ><label class=\"wpforms-field-label-inline\" for=\"wpforms-13783-field_36_3\">Ayuda log\u00edstica \/t\u00e9cnica<\/label><\/li><li class=\"choice-4 depth-1\"><input type=\"checkbox\" id=\"wpforms-13783-field_36_4\" name=\"wpforms[fields][36][]\" value=\"Site web\" aria-errormessage=\"wpforms-13783-field_36_4-error\" required ><label class=\"wpforms-field-label-inline\" for=\"wpforms-13783-field_36_4\">Site web<\/label><\/li><li class=\"choice-5 depth-1\"><input type=\"checkbox\" id=\"wpforms-13783-field_36_5\" name=\"wpforms[fields][36][]\" value=\"Agenda de la asociaci\u00f3n\" aria-errormessage=\"wpforms-13783-field_36_5-error\" required ><label class=\"wpforms-field-label-inline\" for=\"wpforms-13783-field_36_5\">Agenda de la asociaci\u00f3n<\/label><\/li><li class=\"choice-6 depth-1\"><input type=\"checkbox\" id=\"wpforms-13783-field_36_6\" name=\"wpforms[fields][36][]\" value=\"Agenda des voluntarios\" aria-errormessage=\"wpforms-13783-field_36_6-error\" required ><label class=\"wpforms-field-label-inline\" for=\"wpforms-13783-field_36_6\">Agenda des voluntarios<\/label><\/li><li class=\"choice-11 depth-1\"><input type=\"checkbox\" id=\"wpforms-13783-field_36_11\" name=\"wpforms[fields][36][]\" value=\"Participaci\u00f3n a nuevos proyectos\" aria-errormessage=\"wpforms-13783-field_36_11-error\" required ><label class=\"wpforms-field-label-inline\" for=\"wpforms-13783-field_36_11\">Participaci\u00f3n a nuevos proyectos<\/label><\/li><li class=\"choice-7 depth-1\"><input type=\"checkbox\" id=\"wpforms-13783-field_36_7\" name=\"wpforms[fields][36][]\" value=\"Conciertos y animaciones\" aria-errormessage=\"wpforms-13783-field_36_7-error\" required ><label class=\"wpforms-field-label-inline\" for=\"wpforms-13783-field_36_7\">Conciertos y animaciones<\/label><\/li><li class=\"choice-12 depth-1\"><input type=\"checkbox\" id=\"wpforms-13783-field_36_12\" name=\"wpforms[fields][36][]\" value=\"Ventas de garage\" aria-errormessage=\"wpforms-13783-field_36_12-error\" required ><label class=\"wpforms-field-label-inline\" for=\"wpforms-13783-field_36_12\">Ventas de garage<\/label><\/li><li class=\"choice-13 depth-1\"><input type=\"checkbox\" id=\"wpforms-13783-field_36_13\" name=\"wpforms[fields][36][]\" value=\"Stands de ventas\" aria-errormessage=\"wpforms-13783-field_36_13-error\" required ><label class=\"wpforms-field-label-inline\" for=\"wpforms-13783-field_36_13\">Stands de ventas<\/label><\/li><li class=\"choice-14 depth-1\"><input type=\"checkbox\" id=\"wpforms-13783-field_36_14\" name=\"wpforms[fields][36][]\" value=\"Mercados y eventos exteriores\" aria-errormessage=\"wpforms-13783-field_36_14-error\" required ><label class=\"wpforms-field-label-inline\" for=\"wpforms-13783-field_36_14\">Mercados y eventos exteriores<\/label><\/li><li class=\"choice-15 depth-1\"><input type=\"checkbox\" id=\"wpforms-13783-field_36_15\" name=\"wpforms[fields][36][]\" value=\"Elaboraci\u00f3n de Videos\" aria-errormessage=\"wpforms-13783-field_36_15-error\" required ><label class=\"wpforms-field-label-inline\" for=\"wpforms-13783-field_36_15\">Elaboraci\u00f3n de Videos<\/label><\/li><li class=\"choice-16 depth-1\"><input type=\"checkbox\" id=\"wpforms-13783-field_36_16\" name=\"wpforms[fields][36][]\" value=\"Ayuda administrativa\" aria-errormessage=\"wpforms-13783-field_36_16-error\" required ><label class=\"wpforms-field-label-inline\" for=\"wpforms-13783-field_36_16\">Ayuda administrativa<\/label><\/li><li class=\"choice-17 depth-1\"><input type=\"checkbox\" id=\"wpforms-13783-field_36_17\" name=\"wpforms[fields][36][]\" value=\"Otro\" aria-errormessage=\"wpforms-13783-field_36_17-error\" required ><label class=\"wpforms-field-label-inline\" for=\"wpforms-13783-field_36_17\">Otro<\/label><\/li><\/ul><\/fieldset><\/div><div id=\"wpforms-13783-field_37-container\" class=\"wpforms-field wpforms-field-textarea\" data-field-id=\"37\"><label class=\"wpforms-field-label\" for=\"wpforms-13783-field_37\">Capacidades o experiencias destacadas  <span class=\"wpforms-required-label\" aria-hidden=\"true\">*<\/span><\/label><textarea id=\"wpforms-13783-field_37\" class=\"wpforms-field-medium wpforms-field-required\" name=\"wpforms[fields][37]\" aria-errormessage=\"wpforms-13783-field_37-error\" required><\/textarea><\/div><div id=\"wpforms-13783-field_38-container\" class=\"wpforms-field wpforms-field-textarea\" data-field-id=\"38\"><label class=\"wpforms-field-label\" for=\"wpforms-13783-field_38\">Motivaci\u00f3n<\/label><textarea id=\"wpforms-13783-field_38\" class=\"wpforms-field-medium\" name=\"wpforms[fields][38]\" aria-errormessage=\"wpforms-13783-field_38-error\" aria-describedby=\"wpforms-13783-field_38-description\" ><\/textarea><div id=\"wpforms-13783-field_38-description\" class=\"wpforms-field-description\">\t\u00bfCu\u00e1l es la raz\u00f3n por la que desea ser voluntario\/a en nuestra asociaci\u00f3n? <\/div><\/div><div id=\"wpforms-13783-field_15-container\" class=\"wpforms-field wpforms-field-checkbox\" data-field-id=\"15\"><fieldset><legend class=\"wpforms-field-label\">Compromiso y cl\u00e1usula de confidencialidad <span class=\"wpforms-required-label\" aria-hidden=\"true\">*<\/span><\/legend><ul id=\"wpforms-13783-field_15\" class=\"wpforms-field-required\"><li class=\"choice-1 depth-1\"><input type=\"checkbox\" id=\"wpforms-13783-field_15_1\" name=\"wpforms[fields][15][]\" value=\"Autorizo a la asociaci\u00f3n a usar mis datos para contactarme.\" aria-errormessage=\"wpforms-13783-field_15_1-error\" aria-describedby=\"wpforms-13783-field_15-description\" required ><label class=\"wpforms-field-label-inline\" for=\"wpforms-13783-field_15_1\">Autorizo a la asociaci\u00f3n a usar mis datos para contactarme.<\/label><\/li><li class=\"choice-2 depth-1\"><input type=\"checkbox\" id=\"wpforms-13783-field_15_2\" name=\"wpforms[fields][15][]\" value=\"Autorizo que se utilicen fotos\/videos de mi persona para las actividades de la asociaci\u00f3n (comunicaci\u00f3n, sitio web, etc.)\" aria-errormessage=\"wpforms-13783-field_15_2-error\" aria-describedby=\"wpforms-13783-field_15-description\" required ><label class=\"wpforms-field-label-inline\" for=\"wpforms-13783-field_15_2\">Autorizo que se utilicen fotos\/videos de mi persona para las actividades de la asociaci\u00f3n (comunicaci\u00f3n, sitio web, etc.)<\/label><\/li><\/ul><div id=\"wpforms-13783-field_15-description\" class=\"wpforms-field-description wpforms-disclaimer-description\">Al marcar la casilla, me comprometo a:<br \/>\n\t1.\tRespetar la misi\u00f3n, los valores y el reglamento interno de la asociaci\u00f3n.<br \/>\n\t2.\tPreservar la confidencialidad de toda la informaci\u00f3n a la que tenga acceso en el marco de mis actividades como voluntario\/a (datos personales, proyectos, documentos internos, contrase\u00f1as, etc.).<br \/>\n\t3.\tNo divulgar ni transmitir a terceros la informaci\u00f3n, archivos, documentos o datos pertenecientes a la asociaci\u00f3n.<br \/>\n\t4.\tReconocer que todo trabajo, creaci\u00f3n, documento o proyecto realizado en el marco de mis funciones pertenece exclusivamente a la asociaci\u00f3n.<br \/>\n\t5.\tNo remuneraci\u00f3n: entiendo que mi voluntariado es 100 % voluntario, sin ninguna remuneraci\u00f3n ni beneficio econ\u00f3mico.<br \/>\n\t6.\tAviso de salida: si deseo dejar la asociaci\u00f3n, me comprometo a informar a la asociaci\u00f3n con un preaviso de 3 meses y a devolver todas las contrase\u00f1as, materiales o documentos que pertenezcan a la asociaci\u00f3n.<br \/>\n\t7.\tSe\u00f1alar cualquier situaci\u00f3n de conflicto de inter\u00e9s o uso indebido de informaci\u00f3n interna.<\/div><\/fieldset><\/div><script>\n\t\t\t\t( function() {\n\t\t\t\t\tconst style = document.createElement( 'style' );\n\t\t\t\t\tstyle.appendChild( document.createTextNode( '#wpforms-13774-field_2-container,#wpforms-13755-field_2-container,#wpforms-13783-field_2-container { position: absolute !important; overflow: hidden !important; display: inline !important; height: 1px !important; width: 1px !important; z-index: -1000 !important; padding: 0 !important; } #wpforms-13774-field_2-container,#wpforms-13755-field_2-container,#wpforms-13783-field_2-container input { visibility: hidden; } #wpforms-conversational-form-page #wpforms-13774-field_2-container,#wpforms-13755-field_2-container,#wpforms-13783-field_2-container label { counter-increment: none; }' ) );\n\t\t\t\t\tdocument.head.appendChild( style );\n\t\t\t\t\tdocument.currentScript?.remove();\n\t\t\t\t} )();\n\t\t\t<\/script><\/div><!-- .wpforms-field-container --><div class=\"wpforms-submit-container\" ><input type=\"hidden\" name=\"wpforms[id]\" value=\"13783\"><input type=\"hidden\" name=\"page_title\" value=\"\"><input type=\"hidden\" name=\"page_url\" value=\"https:\/\/unpanierpournoel.com\/es\/wp-json\/wp\/v2\/pages\/6928\"><input type=\"hidden\" name=\"url_referer\" value=\"\"><button type=\"submit\" name=\"wpforms[submit]\" id=\"wpforms-submit-13783\" class=\"wpforms-submit\" data-alt-text=\"Sending...\" data-submit-text=\"Submit\" aria-live=\"assertive\" value=\"wpforms-submit\">Submit<\/button><img loading=\"lazy\" decoding=\"async\" src=\"https:\/\/unpanierpournoel.com\/wp-content\/plugins\/wpforms-lite\/assets\/images\/submit-spin.svg\" class=\"wpforms-submit-spinner\" style=\"display: none;\" width=\"26\" height=\"26\" alt=\"Cargando\"><\/div><\/form><\/div>  <!-- .wpforms-container -->\n\n<div class=\"wp-block-image\">\n<figure class=\"aligncenter size-full is-resized\"><img loading=\"lazy\" decoding=\"async\" width=\"512\" height=\"614\" src=\"https:\/\/unpanierpournoel.com\/wp-content\/uploads\/2022\/10\/icon-2.png\" alt=\"\" class=\"wp-image-9223\" style=\"width:103px;height:auto\" srcset=\"https:\/\/unpanierpournoel.com\/wp-content\/uploads\/2022\/10\/icon-2.png 512w, https:\/\/unpanierpournoel.com\/wp-content\/uploads\/2022\/10\/icon-2-350x420.png 350w, https:\/\/unpanierpournoel.com\/wp-content\/uploads\/2022\/10\/icon-2-250x300.png 250w\" sizes=\"(max-width: 512px) 100vw, 512px\" \/><\/figure><\/div>","protected":false},"excerpt":{"rendered":"<p>A lo largo del a\u00f1o buscamos voluntarios para actividades puntuales en Suiza como en el Ecuador. No dude en ponerse en contacto con nosotros si desea donar parte de su tiempo como voluntario, ya que lo necesitamos.<\/p>\n","protected":false},"author":1,"featured_media":0,"parent":0,"menu_order":0,"comment_status":"closed","ping_status":"closed","template":"","meta":{"footnotes":""},"_links":{"self":[{"href":"https:\/\/unpanierpournoel.com\/es\/wp-json\/wp\/v2\/pages\/6928"}],"collection":[{"href":"https:\/\/unpanierpournoel.com\/es\/wp-json\/wp\/v2\/pages"}],"about":[{"href":"https:\/\/unpanierpournoel.com\/es\/wp-json\/wp\/v2\/types\/page"}],"author":[{"embeddable":true,"href":"https:\/\/unpanierpournoel.com\/es\/wp-json\/wp\/v2\/users\/1"}],"replies":[{"embeddable":true,"href":"https:\/\/unpanierpournoel.com\/es\/wp-json\/wp\/v2\/comments?post=6928"}],"version-history":[{"count":5,"href":"https:\/\/unpanierpournoel.com\/es\/wp-json\/wp\/v2\/pages\/6928\/revisions"}],"predecessor-version":[{"id":13872,"href":"https:\/\/unpanierpournoel.com\/es\/wp-json\/wp\/v2\/pages\/6928\/revisions\/13872"}],"wp:attachment":[{"href":"https:\/\/unpanierpournoel.com\/es\/wp-json\/wp\/v2\/media?parent=6928"}],"curies":[{"name":"wp","href":"https:\/\/api.w.org\/{rel}","templated":true}]}}