{"id":528,"date":"2014-04-03T08:16:23","date_gmt":"2014-04-03T07:16:23","guid":{"rendered":"http:\/\/mikymigs.com\/panierpournoel\/?page_id=528"},"modified":"2023-10-12T15:46:52","modified_gmt":"2023-10-12T13:46:52","slug":"newsletter","status":"publish","type":"page","link":"https:\/\/unpanierpournoel.com\/es\/newsletter\/","title":{"rendered":"Newsletter Octubre 2022"},"content":{"rendered":"<div class=\"wp-block-image\">\n<figure class=\"alignright size-large\"><img loading=\"lazy\" decoding=\"async\" width=\"1024\" height=\"357\" src=\"https:\/\/unpanierpournoel.com\/wp-content\/uploads\/2022\/10\/logo_highresolution-2-1024x357.jpg\" alt=\"\" class=\"wp-image-9178\" srcset=\"https:\/\/unpanierpournoel.com\/wp-content\/uploads\/2022\/10\/logo_highresolution-2-1024x357.jpg 1024w, https:\/\/unpanierpournoel.com\/wp-content\/uploads\/2022\/10\/logo_highresolution-2-scaled-350x122.jpg 350w, https:\/\/unpanierpournoel.com\/wp-content\/uploads\/2022\/10\/logo_highresolution-2-300x105.jpg 300w, https:\/\/unpanierpournoel.com\/wp-content\/uploads\/2022\/10\/logo_highresolution-2-768x268.jpg 768w, https:\/\/unpanierpournoel.com\/wp-content\/uploads\/2022\/10\/logo_highresolution-2-1536x536.jpg 1536w, https:\/\/unpanierpournoel.com\/wp-content\/uploads\/2022\/10\/logo_highresolution-2-2048x714.jpg 2048w\" sizes=\"(max-width: 767px) 89vw, (max-width: 1000px) 54vw, (max-width: 1071px) 543px, 580px\" \/><\/figure><\/div>\n\n\n<p><\/p>\n\n\n\n<p class=\"has-text-align-right\" style=\"font-size:30px\"><strong><mark style=\"background-color:rgba(0, 0, 0, 0)\" class=\"has-inline-color has-vivid-green-cyan-color\">Newsletter Octubre 2022<\/mark><\/strong><\/p>\n\n\n<div class=\"wp-block-image\">\n<figure class=\"alignright size-full is-resized\"><img loading=\"lazy\" decoding=\"async\" src=\"https:\/\/unpanierpournoel.com\/wp-content\/uploads\/2022\/10\/icon-2.png\" alt=\"\" class=\"wp-image-9223\" style=\"width:81px;height:98px\" width=\"81\" height=\"98\" srcset=\"https:\/\/unpanierpournoel.com\/wp-content\/uploads\/2022\/10\/icon-2.png 512w, https:\/\/unpanierpournoel.com\/wp-content\/uploads\/2022\/10\/icon-2-350x420.png 350w, https:\/\/unpanierpournoel.com\/wp-content\/uploads\/2022\/10\/icon-2-250x300.png 250w\" sizes=\"(max-width: 81px) 100vw, 81px\" \/><\/figure><\/div>\n\n\n<p>Querida familia de UPPN, \u00a1estamos muy contentos de que est\u00e9s aqu\u00ed! Nos gustar\u00eda agradecerles a todos su apoyo incondicional a nuestra causa.<\/p>\n\n\n<div class=\"wp-block-image\">\n<figure class=\"alignright size-full is-resized\"><img loading=\"lazy\" decoding=\"async\" src=\"https:\/\/unpanierpournoel.com\/wp-content\/uploads\/2022\/10\/icon-2.png\" alt=\"\" class=\"wp-image-9223\" style=\"width:31px;height:37px\" width=\"31\" height=\"37\" srcset=\"https:\/\/unpanierpournoel.com\/wp-content\/uploads\/2022\/10\/icon-2.png 512w, https:\/\/unpanierpournoel.com\/wp-content\/uploads\/2022\/10\/icon-2-350x420.png 350w, https:\/\/unpanierpournoel.com\/wp-content\/uploads\/2022\/10\/icon-2-250x300.png 250w\" sizes=\"(max-width: 31px) 100vw, 31px\" \/><\/figure><\/div>\n\n\n<p>Tambi\u00e9n queremos dar la bienvenida a los nuevos simpatizantes y agradecerles que se suscriban a nuestra lista de correo electr\u00f3nico, para que podamos mantenerles informados de nuestras actividades.<\/p>\n\n\n\n<p>Nos complace informarle de que nuestro<strong> informe de actividades<\/strong> est\u00e1 listo, \u00a1encu\u00e9ntrelo <strong><a href=\"https:\/\/unpanierpournoel.com\/index.php\/rapport-dactivite-2021\/\" data-type=\"URL\" data-id=\"https:\/\/unpanierpournoel.com\/index.php\/rapport-dactivite-2021\/\">aqu\u00ed<\/a><\/strong>   y disfrute de su lectura! <\/p>\n\n\n\n<p><strong><mark style=\"background-color:rgba(0, 0, 0, 0)\" class=\"has-inline-color has-vivid-cyan-blue-color\"><a rel=\"noreferrer noopener\" href=\"https:\/\/unpanierpournoel.com\/index.php\/15eme-exercice-social-2021-2022\/\" data-type=\"URL\" data-id=\"https:\/\/unpanierpournoel.com\/index.php\/15eme-exercice-social-2021-2022\/\" target=\"_blank\">Las cuentas 2021<\/a><\/mark> <\/strong>han sido preparadas por la Sra.  Mme Alexia Bertoli de  <a rel=\"noreferrer noopener\" href=\"https:\/\/www.local.ch\/fr\/d\/lausanne\/1004\/abexpert-fiduciaire-sarl-2vQEwCumUhqc7qDzTNTV7Q\" data-type=\"URL\" data-id=\"https:\/\/www.local.ch\/fr\/d\/lausanne\/1004\/abexpert-fiduciaire-sarl-2vQEwCumUhqc7qDzTNTV7Q\" target=\"_blank\"><mark style=\"background-color:rgba(0, 0, 0, 0)\" class=\"has-inline-color has-vivid-cyan-blue-color\"><strong>ABExpert Fiduciaire S\u00e0rl<\/strong> <\/mark><\/a> <\/p>\n\n\n\n<p><strong><a rel=\"noreferrer noopener\" href=\"https:\/\/unpanierpournoel.com\/index.php\/15eme-exercice-social-2021-2022\/\" data-type=\"URL\" data-id=\"https:\/\/unpanierpournoel.com\/index.php\/15eme-exercice-social-2021-2022\/\" target=\"_blank\">La auditor\u00eda<\/a><\/strong> ha sida realizada par la Sra.  Angela Recchia, y por la <strong><mark style=\"background-color:rgba(0, 0, 0, 0)\" class=\"has-inline-color has-vivid-cyan-blue-color\"><a rel=\"noreferrer noopener\" href=\"https:\/\/www.cofirev.ch\" data-type=\"URL\" data-id=\"https:\/\/www.cofirev.ch\" target=\"_blank\">Fiduciaire Cofirev<\/a><\/mark><\/strong> del Sr.  Thierry Jaccard. <\/p>\n\n\n\n<div class=\"wp-block-columns is-layout-flex wp-container-core-columns-is-layout-3 wp-block-columns-is-layout-flex\">\n<div class=\"wp-block-column is-layout-flow wp-block-column-is-layout-flow\" style=\"flex-basis:100%\">\n<div class=\"wp-block-group\"><div class=\"wp-block-group__inner-container is-layout-flow wp-block-group-is-layout-flow\">\n<div class=\"wp-block-cover is-light\" style=\"min-height:141px;aspect-ratio:unset;\"><span aria-hidden=\"true\" class=\"wp-block-cover__background has-vivid-green-cyan-background-color has-background-dim-100 has-background-dim\"><\/span><div class=\"wp-block-cover__inner-container is-layout-flow wp-block-cover-is-layout-flow\">\n<p class=\"has-text-align-center has-large-font-size\">LA RESPUESTA M\u00c1S CORTA ES LA ACCI\u00d3N. Proverbio Ingl\u00e9s.<\/p>\n<\/div><\/div>\n<\/div><\/div>\n<\/div>\n<\/div>\n\n\n\n<p class=\"has-text-align-center\"><strong>Rifa de Navidad 2022<\/strong>   <\/p>\n\n\n\n<p>Este a\u00f1o tenemos dos grandes premios que har\u00e1n felices a los afortunados ganadores. . <\/p>\n\n\n\n<p class=\"has-text-align-center\"><strong>PRIMER PREMIO<\/strong><\/p>\n\n\n\n<figure class=\"wp-block-image size-full is-resized\"><img loading=\"lazy\" decoding=\"async\" src=\"https:\/\/unpanierpournoel.com\/wp-content\/uploads\/2022\/10\/IMG_6345-1.jpg\" alt=\"\" class=\"wp-image-9188\" style=\"width:673px;height:417px\" width=\"673\" height=\"417\" srcset=\"https:\/\/unpanierpournoel.com\/wp-content\/uploads\/2022\/10\/IMG_6345-1.jpg 639w, https:\/\/unpanierpournoel.com\/wp-content\/uploads\/2022\/10\/IMG_6345-1-350x217.jpg 350w, https:\/\/unpanierpournoel.com\/wp-content\/uploads\/2022\/10\/IMG_6345-1-300x186.jpg 300w\" sizes=\"(max-width: 673px) 100vw, 673px\" \/><figcaption class=\"wp-element-caption\">Vuelo ofrecido por <strong>Stefan BAUMANN<\/strong>, que tambi\u00e9n ser\u00e1 su piloto<\/figcaption><\/figure>\n\n\n\n<p class=\"has-text-align-center\"><strong>SEGUNDO PREMIO<\/strong><\/p>\n\n\n\n<figure class=\"wp-block-image size-full\"><img loading=\"lazy\" decoding=\"async\" width=\"1006\" height=\"759\" src=\"https:\/\/unpanierpournoel.com\/wp-content\/uploads\/2022\/10\/IMG_CC3092A5D625-1.jpeg\" alt=\"\" class=\"wp-image-9195\" srcset=\"https:\/\/unpanierpournoel.com\/wp-content\/uploads\/2022\/10\/IMG_CC3092A5D625-1.jpeg 1006w, https:\/\/unpanierpournoel.com\/wp-content\/uploads\/2022\/10\/IMG_CC3092A5D625-1-350x264.jpeg 350w, https:\/\/unpanierpournoel.com\/wp-content\/uploads\/2022\/10\/IMG_CC3092A5D625-1-300x226.jpeg 300w, https:\/\/unpanierpournoel.com\/wp-content\/uploads\/2022\/10\/IMG_CC3092A5D625-1-768x579.jpeg 768w\" sizes=\"(max-width: 767px) 89vw, (max-width: 1000px) 54vw, (max-width: 1071px) 543px, 580px\" \/><figcaption class=\"wp-element-caption\">Tratamiento Facial ofrecido por  Marisol de <a rel=\"noreferrer noopener\" href=\"https:\/\/eversecret.ch\" data-type=\"URL\" data-id=\"https:\/\/eversecret.ch\" target=\"_blank\"><strong><mark style=\"background-color:rgba(0, 0, 0, 0)\" class=\"has-inline-color has-vivid-cyan-blue-color\">EVER SECRET<\/mark><\/strong>,<\/a> quien se ocupar\u00e1 del afortunado\/a ganador\/a<\/figcaption><\/figure>\n\n\n\n<p>Pida su n\u00famero por tel\u00e9fono +41 79 907 8795, por correo electr\u00f3nico <mark style=\"background-color:rgba(0, 0, 0, 0)\" class=\"has-inline-color has-vivid-cyan-blue-color\">uppnoel@gmail.com<\/mark> o vis\u00edtenos en los pr\u00f3ximos stands. ou nous rendre visite aux prochains stands.<\/p>\n\n\n\n<p>-S\u00e1bado 15 de Octubre 2022 &#8211; Cofre abierto \u2013 Yverdon   <\/p>\n\n\n\n<p>-Domingo 16 de Octubre 2022 &#8211; Cofre abierto\u2013 Yverdon <\/p>\n\n\n\n<p>-Viernes 21 de Octubre 2022 &#8211; Migros Midi-Coindet \u2013 Av. Gustave-Coindet 11, 1800 Vevey<\/p>\n\n\n\n<p>-S\u00e1bado 22 de Octubre 2022 &#8212; Migros Midi-Coindet \u2013 Av. Gustave-Coindet 11, 1800 Vevey<\/p>\n\n\n\n<p>-Domingo 23 de Octubre 2022 &#8211; Restoroute de Bavois A1, 1372 Bavois<\/p>\n\n\n\n<p>-S\u00e1bado  29 de Octubre 2022 &#8211; Migros Cossonay \u2013 Rue de Chavannes 1, 1304 Cossonay<\/p>\n\n\n\n<p>-Domingo 30 de Octubre 2022 &#8211; Restoroute de Bavois \u2013 A1, 1372 Bavois <\/p>\n\n\n\n<p>\u2013S\u00e1bado 5 de Noviembre 2022 &#8211;  Migros Etoy- Rte Suisse 26, 1163 Etoy<\/p>\n\n\n\n<p>-Domingo 6 de Noviembre 2022 &#8211; Vide-Grenier a Puidoux &nbsp;<\/p>\n\n\n\n<p>-S\u00e1bado 12 de Noviembre 2022 &#8211; Migros Payerne \u2013 Rue du Temple 19, 1530 Payerne <\/p>\n\n\n\n<p>-Domingo 13 de Noviembre 2022 &#8211; Vide grenier de la promenade- Place d\u2019Armes, Promenade Auguste-Fallet-Yverdon<\/p>\n\n\n\n<p>-S\u00e1bado 19 de noviembre de 2022 &#8211; Migros Croset &#8211; Chemin de Croset 7, 1024 Ecublens<\/p>\n\n\n\n<p>-S\u00e1bado 26 de noviembre de 2022 &#8211; Migros Plainpalais &#8211; Rue de Carouge 64, 1205 Gen\u00e8ve&nbsp;<\/p>\n\n\n\n<p>-Lunes 28 de Noviembre 2022 &#8211; M\u00e9tropole Yverdon <\/p>\n\n\n\n<p><strong>El sorteo <\/strong>tendr\u00e1 lugar en nuestro stand de Yverdon M\u00e9tropole el lunes 28 de Noviembre de 2022 al final de la jornada. <strong>\u00a1Buena suerte a todos los participantes!<\/strong><\/p>\n\n\n\n<p class=\"has-text-align-center\"><strong>APADRINA UNE FAMILIA ECUATORIANA ESTA NAVIDAD <\/strong><\/p>\n\n\n\n<figure class=\"wp-block-image size-large\"><img loading=\"lazy\" decoding=\"async\" width=\"1024\" height=\"496\" src=\"https:\/\/unpanierpournoel.com\/wp-content\/uploads\/2022\/10\/IMG_6351-1024x496.jpg\" alt=\"\" class=\"wp-image-9215\" srcset=\"https:\/\/unpanierpournoel.com\/wp-content\/uploads\/2022\/10\/IMG_6351-1024x496.jpg 1024w, https:\/\/unpanierpournoel.com\/wp-content\/uploads\/2022\/10\/IMG_6351-350x170.jpg 350w, https:\/\/unpanierpournoel.com\/wp-content\/uploads\/2022\/10\/IMG_6351-300x145.jpg 300w, https:\/\/unpanierpournoel.com\/wp-content\/uploads\/2022\/10\/IMG_6351-768x372.jpg 768w, https:\/\/unpanierpournoel.com\/wp-content\/uploads\/2022\/10\/IMG_6351.jpg 1125w\" sizes=\"(max-width: 767px) 89vw, (max-width: 1000px) 54vw, (max-width: 1071px) 543px, 580px\" \/><\/figure>\n\n\n\n<p class=\"has-text-align-center\">Participa con<mark style=\"background-color:rgba(0, 0, 0, 0)\" class=\"has-inline-color has-vivid-cyan-blue-color\">  <strong><a rel=\"noreferrer noopener\" href=\"https:\/\/unpanierpournoel.com\/index.php\/dons-2\/\" target=\"_blank\">un don de CHF 20.-<\/a><\/strong><\/mark><mark style=\"background-color:rgba(0, 0, 0, 0)\" class=\"has-inline-color has-vivid-purple-color\"> <\/mark>y, de antemano, \u00a1muchas gracias por tu generosidad!<\/p>\n\n\n\n<h2 class=\"wp-block-heading has-text-align-center has-vivid-green-cyan-background-color has-background has-medium-font-size\" style=\"font-style:normal;font-weight:300\">Un h\u00e9roe es alguien que hace lo que puede.  Los otros no lo hacen.  <strong>Romain Rolland<\/strong><\/h2>\n\n\n\n<p class=\"has-text-align-center has-medium-font-size\">Cu\u00eddense mucho, ya que la salud es nuestro bien m\u00e1s preciado<\/p>\n\n\n\n<p class=\"has-text-align-center has-medium-font-size\">Esperamos verlos pronto&#8230;<\/p>\n\n\n\n<p>Es posible de seguirnos por <a rel=\"noreferrer noopener\" href=\"https:\/\/www.facebook.com\/asso.uppn\/\" data-type=\"URL\" data-id=\"https:\/\/www.facebook.com\/asso.uppn\/\" target=\"_blank\"><mark style=\"background-color:rgba(0, 0, 0, 0)\" class=\"has-inline-color has-vivid-cyan-blue-color\"><strong>Facebook<\/strong><\/mark> <\/a><\/p>\n\n\n\n<p class=\"has-text-align-center has-medium-font-size\">Para cualquier otra informaci\u00f3n, puede visitar nuestro sitio web: <strong><a href=\"https:\/\/unpanierpournoel.com\" data-type=\"URL\" data-id=\"https:\/\/unpanierpournoel.com\"><mark style=\"background-color:rgba(0, 0, 0, 0)\" class=\"has-inline-color has-vivid-cyan-blue-color\">www.unpanierpournoel.com<\/mark><\/a><\/strong><\/p>\n\n\n\n<figure class=\"wp-block-image size-large\"><img loading=\"lazy\" decoding=\"async\" width=\"1024\" height=\"140\" src=\"https:\/\/unpanierpournoel.com\/wp-content\/uploads\/2021\/06\/image2-1024x140.jpg\" alt=\"\" class=\"wp-image-8382\" srcset=\"https:\/\/unpanierpournoel.com\/wp-content\/uploads\/2021\/06\/image2-1024x140.jpg 1024w, https:\/\/unpanierpournoel.com\/wp-content\/uploads\/2021\/06\/image2-350x48.jpg 350w, https:\/\/unpanierpournoel.com\/wp-content\/uploads\/2021\/06\/image2-300x41.jpg 300w, https:\/\/unpanierpournoel.com\/wp-content\/uploads\/2021\/06\/image2-768x105.jpg 768w, https:\/\/unpanierpournoel.com\/wp-content\/uploads\/2021\/06\/image2.jpg 1488w\" sizes=\"(max-width: 767px) 89vw, (max-width: 1000px) 54vw, (max-width: 1071px) 543px, 580px\" \/><\/figure>","protected":false},"excerpt":{"rendered":"<p>Newsletter Octubre 2022 Querida familia de UPPN, \u00a1estamos muy contentos de que est\u00e9s aqu\u00ed! Nos gustar\u00eda agradecerles a todos su apoyo incondicional a nuestra causa. Tambi\u00e9n queremos dar la bienvenida a los nuevos simpatizantes y agradecerles que se suscriban a nuestra lista de correo electr\u00f3nico, para que podamos mantenerles informados de nuestras actividades. Nos complace &hellip; <\/p>\n<p class=\"link-more\"><a href=\"https:\/\/unpanierpournoel.com\/es\/newsletter\/\" class=\"more-link\">Continuar leyendo<span class=\"screen-reader-text\"> \u00abNewsletter Octubre 2022\u00bb<\/span><\/a><\/p>\n","protected":false},"author":1,"featured_media":0,"parent":0,"menu_order":0,"comment_status":"open","ping_status":"open","template":"","meta":{"footnotes":""},"_links":{"self":[{"href":"https:\/\/unpanierpournoel.com\/es\/wp-json\/wp\/v2\/pages\/528"}],"collection":[{"href":"https:\/\/unpanierpournoel.com\/es\/wp-json\/wp\/v2\/pages"}],"about":[{"href":"https:\/\/unpanierpournoel.com\/es\/wp-json\/wp\/v2\/types\/page"}],"author":[{"embeddable":true,"href":"https:\/\/unpanierpournoel.com\/es\/wp-json\/wp\/v2\/users\/1"}],"replies":[{"embeddable":true,"href":"https:\/\/unpanierpournoel.com\/es\/wp-json\/wp\/v2\/comments?post=528"}],"version-history":[{"count":218,"href":"https:\/\/unpanierpournoel.com\/es\/wp-json\/wp\/v2\/pages\/528\/revisions"}],"predecessor-version":[{"id":11502,"href":"https:\/\/unpanierpournoel.com\/es\/wp-json\/wp\/v2\/pages\/528\/revisions\/11502"}],"wp:attachment":[{"href":"https:\/\/unpanierpournoel.com\/es\/wp-json\/wp\/v2\/media?parent=528"}],"curies":[{"name":"wp","href":"https:\/\/api.w.org\/{rel}","templated":true}]}}