{"id":481,"date":"2014-04-01T20:11:15","date_gmt":"2014-04-01T19:11:15","guid":{"rendered":"http:\/\/mikymigs.com\/panierpournoel\/?page_id=481"},"modified":"2021-06-13T10:58:37","modified_gmt":"2021-06-13T08:58:37","slug":"dons-2","status":"publish","type":"page","link":"https:\/\/unpanierpournoel.com\/es\/dons-2\/","title":{"rendered":"Ayuda directa: el 100% de sus donaciones va directamente a las familias"},"content":{"rendered":"<p><\/p>\n<table border=\"0\" width=\"1100%\" cellspacing=\"0\" cellpadding=\"0\">\n<tbody>\n<tr>\n<td valign=\"top\" width=\"640\">\n<blockquote><p>Estamos buscando fondos para continuar el proyecto. Aqu\u00ed, usted puede hacer una donaci\u00f3n en l\u00ednea, es muy simple y seguro:<\/p>\n<p><!-- Begin PayPal Donations by https:\/\/www.tipsandtricks-hq.com\/paypal-donations-widgets-plugin -->\n\n<form action=\"https:\/\/www.paypal.com\/cgi-bin\/webscr\" method=\"post\">\n    <div class=\"paypal-donations\">\n        <input type=\"hidden\" name=\"cmd\" value=\"_donations\" \/>\n        <input type=\"hidden\" name=\"bn\" value=\"TipsandTricks_SP\" \/>\n        <input type=\"hidden\" name=\"business\" value=\"uppnoel@gmail.com\" \/>\n        <input type=\"hidden\" name=\"item_name\" value=\"Don pour l&#039;association UN PANIER POUR NOEL\" \/>\n        <input type=\"hidden\" name=\"rm\" value=\"0\" \/>\n        <input type=\"hidden\" name=\"currency_code\" value=\"CHF\" \/>\n        <input type=\"image\" style=\"cursor: pointer;\" src=\"https:\/\/www.paypalobjects.com\/fr_FR\/CH\/i\/btn\/btn_donateCC_LG.gif\" name=\"submit\" alt=\"PayPal - The safer, easier way to pay online.\" \/>\n        <img loading=\"lazy\" decoding=\"async\" alt=\"\" src=\"https:\/\/www.paypalobjects.com\/en_US\/i\/scr\/pixel.gif\" width=\"1\" height=\"1\" \/>\n    <\/div>\n<\/form>\n<!-- End PayPal Donations -->\n<br \/>\nLa asociaci\u00f3n est\u00e1 reconocida como de utilidad p\u00fablica pura y, por lo tanto, las donaciones superiores a 100 francos suizos son deducibles de impuestos. La asociaci\u00f3n se compromete a enviarle un certificado para su declaraci\u00f3n de impuestos.<\/p>\n<p>GRACIAS<\/p><\/blockquote>\n<\/td>\n<td valign=\"top\" width=\"20\"><\/td>\n<td valign=\"center\" width=\"250\">Para una donaci\u00f3n por e-banking :<br \/>\nIBAN : CH 3700 243243 4574 8601T<br \/>\nTitular: Asociaci\u00f3n UN PANIER POUR NOEL, CH-1020 Renens<br \/>\nBanco UBS, CH-1003 Lausanne, Suiza<\/td>\n<td valign=\"top\" width=\"19\"><\/td>\n<\/tr>\n<\/tbody>\n<\/table>\n<p><\/p>","protected":false},"excerpt":{"rendered":"<p>Estamos buscando fondos para continuar el proyecto. Aqu\u00ed, usted puede hacer una donaci\u00f3n en l\u00ednea, es muy simple y seguro: La asociaci\u00f3n est\u00e1 reconocida como de utilidad p\u00fablica pura y, por lo tanto, las donaciones superiores a 100 francos suizos son deducibles de impuestos. La asociaci\u00f3n se compromete a enviarle un certificado para su declaraci\u00f3n &hellip; <\/p>\n<p class=\"link-more\"><a href=\"https:\/\/unpanierpournoel.com\/es\/dons-2\/\" class=\"more-link\">Continuar leyendo<span class=\"screen-reader-text\"> \u00abAyuda directa: el 100% de sus donaciones va directamente a las familias\u00bb<\/span><\/a><\/p>\n","protected":false},"author":1,"featured_media":0,"parent":0,"menu_order":0,"comment_status":"closed","ping_status":"open","template":"","meta":{"footnotes":""},"_links":{"self":[{"href":"https:\/\/unpanierpournoel.com\/es\/wp-json\/wp\/v2\/pages\/481"}],"collection":[{"href":"https:\/\/unpanierpournoel.com\/es\/wp-json\/wp\/v2\/pages"}],"about":[{"href":"https:\/\/unpanierpournoel.com\/es\/wp-json\/wp\/v2\/types\/page"}],"author":[{"embeddable":true,"href":"https:\/\/unpanierpournoel.com\/es\/wp-json\/wp\/v2\/users\/1"}],"replies":[{"embeddable":true,"href":"https:\/\/unpanierpournoel.com\/es\/wp-json\/wp\/v2\/comments?post=481"}],"version-history":[{"count":0,"href":"https:\/\/unpanierpournoel.com\/es\/wp-json\/wp\/v2\/pages\/481\/revisions"}],"wp:attachment":[{"href":"https:\/\/unpanierpournoel.com\/es\/wp-json\/wp\/v2\/media?parent=481"}],"curies":[{"name":"wp","href":"https:\/\/api.w.org\/{rel}","templated":true}]}}