{"id":3141,"date":"2013-11-17T17:56:41","date_gmt":"2013-11-17T17:56:41","guid":{"rendered":"http:\/\/mikymigs.com\/panierpournoel\/?page_id=2"},"modified":"2022-07-29T15:43:08","modified_gmt":"2022-07-29T13:43:08","slug":"page-d-exemple-2","status":"publish","type":"page","link":"https:\/\/unpanierpournoel.com\/es\/","title":{"rendered":"ALGUNAS PALABRAS SOBRE LA ASOCIACI\u00d3N"},"content":{"rendered":"<p><\/p>\n<table style=\"width: 810px;\" border=\"0\" width=\"810\">\n<tbody>\n<tr>\n<td valign=\"top\" width=\"500\">\n<h3><span style=\"color: #3a3b47;\">Nuestra Meta<\/span><\/h3>\n<p>Ofrecer una comida navide\u00f1a a las familias que viven en extrema pobreza en Ecuador, en forma de canasta con los ingredientes principales de una comida festiva.<\/p>\n<p>Apoyar los Coups de pouce, un programa de desarrollo sostenible que aborde las causas de la pobreza, la delincuencia y la emigraci\u00f3n, proporcionando una herramienta de trabajo a las familias desfavorecidas.<\/p>\n<p>Promover los intercambios interculturales entre Suiza y Ecuador.<\/td>\n<td valign=\"top\" width=\"45\"><\/td>\n<td valign=\"center\" width=\"300\"><\/td>\n<\/tr>\n<tr>\n<td valign=\"top\" width=\"500\">\n<h3><span style=\"color: #3a3b47;\">Nuestra Identidad<\/span><\/h3>\n<p style=\"text-align: justify;\">\u00abUn Panier Pour No\u00ebl\u00bb es una asociaci\u00f3n de pura utilidad p\u00fablica, sin pertenencia pol\u00edtica o confesional. Nuestra \u00e9tica est\u00e1 fundada sobre valores de compromiso, de durabilidad y de auto independencia econ\u00f3mica de los beneficiarios.<\/p>\n<\/td>\n<td valign=\"top\" width=\"45\"><\/td>\n<td valign=\"center\" width=\"300\"><\/td>\n<\/tr>\n<tr>\n<td valign=\"top\" width=\"500\">\n<h3><span style=\"color: #3a3b47;\">Nuestro compromiso<\/span><\/h3>\n<p style=\"text-align: justify;\">Aseguramos un apoyo dirigido y amparamos a las familias que tienen un proyecto concreto, en relaci\u00f3n a su capacidad profesional que les permita empezar una micro empresa. Cada familia que sostenemos es acompa\u00f1ada por nuestros colaboradores locales.<\/p>\n<\/td>\n<td valign=\"top\" width=\"45\"><\/td>\n<td valign=\"top\" width=\"300\">\u00a0<a href=\"http:\/\/www.unpanierpournoel.com\/?page_id=2754\"><br \/>\n<\/a><\/td>\n<\/tr>\n<tr>\n<td valign=\"top\" width=\"500\">\n<h3><span style=\"color: #3a3b47;\">Nuestros colaboradores<\/span><\/h3>\n<p style=\"text-align: justify;\">La asociaci\u00f3n est\u00e1 constitu\u00edda por voluntarios en Suiza como en Ecuador.<\/p>\n<\/td>\n<td valign=\"top\" width=\"45\"><\/td>\n<td valign=\"top\" width=\"300\"><\/td>\n<\/tr>\n<\/tbody>\n<\/table>\n<p><iframe loading=\"lazy\"  id=\"_ytid_22112\"  width=\"525\" height=\"295\"  data-origwidth=\"525\" data-origheight=\"295\" src=\"https:\/\/www.youtube.com\/embed\/xM0dnFSaEGY?enablejsapi=1&#038;autoplay=0&#038;cc_load_policy=0&#038;cc_lang_pref=&#038;iv_load_policy=1&#038;loop=0&#038;rel=1&#038;fs=1&#038;playsinline=0&#038;autohide=2&#038;theme=dark&#038;color=red&#038;controls=1&#038;\" class=\"__youtube_prefs__  epyt-is-override  no-lazyload\" title=\"YouTube player\"  allow=\"fullscreen; accelerometer; autoplay; clipboard-write; encrypted-media; gyroscope; picture-in-picture; web-share\" referrerpolicy=\"strict-origin-when-cross-origin\" allowfullscreen data-no-lazy=\"1\" data-skipgform_ajax_framebjll=\"\"><\/iframe><br \/>\n<\/p>","protected":false},"excerpt":{"rendered":"<p>Nuestra Meta Ofrecer una comida navide\u00f1a a las familias que viven en extrema pobreza en Ecuador, en forma de canasta con los ingredientes principales de una comida festiva. Apoyar los Coups de pouce, un programa de desarrollo sostenible que aborde las causas de la pobreza, la delincuencia y la emigraci\u00f3n, proporcionando una herramienta de trabajo &hellip; <\/p>\n<p class=\"link-more\"><a href=\"https:\/\/unpanierpournoel.com\/es\/\" class=\"more-link\">Continuar leyendo<span class=\"screen-reader-text\"> \u00abALGUNAS PALABRAS SOBRE LA ASOCIACI\u00d3N\u00bb<\/span><\/a><\/p>\n","protected":false},"author":1,"featured_media":0,"parent":0,"menu_order":0,"comment_status":"closed","ping_status":"open","template":"","meta":{"footnotes":""},"_links":{"self":[{"href":"https:\/\/unpanierpournoel.com\/es\/wp-json\/wp\/v2\/pages\/3141"}],"collection":[{"href":"https:\/\/unpanierpournoel.com\/es\/wp-json\/wp\/v2\/pages"}],"about":[{"href":"https:\/\/unpanierpournoel.com\/es\/wp-json\/wp\/v2\/types\/page"}],"author":[{"embeddable":true,"href":"https:\/\/unpanierpournoel.com\/es\/wp-json\/wp\/v2\/users\/1"}],"replies":[{"embeddable":true,"href":"https:\/\/unpanierpournoel.com\/es\/wp-json\/wp\/v2\/comments?post=3141"}],"version-history":[{"count":0,"href":"https:\/\/unpanierpournoel.com\/es\/wp-json\/wp\/v2\/pages\/3141\/revisions"}],"wp:attachment":[{"href":"https:\/\/unpanierpournoel.com\/es\/wp-json\/wp\/v2\/media?parent=3141"}],"curies":[{"name":"wp","href":"https:\/\/api.w.org\/{rel}","templated":true}]}}