{"id":30,"date":"2013-11-17T19:24:00","date_gmt":"2013-11-17T18:24:00","guid":{"rendered":"http:\/\/mikymigs.com\/panierpournoel\/?page_id=30"},"modified":"2013-11-17T19:24:00","modified_gmt":"2013-11-17T18:24:00","slug":"rapports-dactivite","status":"publish","type":"page","link":"https:\/\/unpanierpournoel.com\/es\/rapports-dactivite\/","title":{"rendered":"Rapport d&#039;activit\u00e9s pour l&#039;ann\u00e9e 2012"},"content":{"rendered":"<p class=\"qtranxs-available-languages-message qtranxs-available-languages-message-es\">Disculpa, pero esta entrada est\u00e1 disponible s\u00f3lo en <a href=\"https:\/\/unpanierpournoel.com\/fr\/wp-json\/wp\/v2\/pages\/30\" class=\"qtranxs-available-language-link qtranxs-available-language-link-fr\" title=\"Fran\u00e7ais\">Fran\u00e7ais<\/a> y <a href=\"https:\/\/unpanierpournoel.com\/en\/wp-json\/wp\/v2\/pages\/30\" class=\"qtranxs-available-language-link qtranxs-available-language-link-en\" title=\"English\">English<\/a>.<\/p>","protected":false},"excerpt":{"rendered":"<p>Disculpa, pero esta entrada est\u00e1 disponible s\u00f3lo en Fran\u00e7ais y English.<\/p>\n","protected":false},"author":1,"featured_media":0,"parent":0,"menu_order":0,"comment_status":"closed","ping_status":"open","template":"","meta":{"footnotes":""},"_links":{"self":[{"href":"https:\/\/unpanierpournoel.com\/es\/wp-json\/wp\/v2\/pages\/30"}],"collection":[{"href":"https:\/\/unpanierpournoel.com\/es\/wp-json\/wp\/v2\/pages"}],"about":[{"href":"https:\/\/unpanierpournoel.com\/es\/wp-json\/wp\/v2\/types\/page"}],"author":[{"embeddable":true,"href":"https:\/\/unpanierpournoel.com\/es\/wp-json\/wp\/v2\/users\/1"}],"replies":[{"embeddable":true,"href":"https:\/\/unpanierpournoel.com\/es\/wp-json\/wp\/v2\/comments?post=30"}],"version-history":[{"count":0,"href":"https:\/\/unpanierpournoel.com\/es\/wp-json\/wp\/v2\/pages\/30\/revisions"}],"wp:attachment":[{"href":"https:\/\/unpanierpournoel.com\/es\/wp-json\/wp\/v2\/media?parent=30"}],"curies":[{"name":"wp","href":"https:\/\/api.w.org\/{rel}","templated":true}]}}