{"id":2657,"date":"2015-06-04T21:30:25","date_gmt":"2015-06-04T19:30:25","guid":{"rendered":"http:\/\/www.unpanierpournoel.com\/?page_id=2657"},"modified":"2023-02-05T17:22:24","modified_gmt":"2023-02-05T16:22:24","slug":"page-test-2","status":"publish","type":"page","link":"https:\/\/unpanierpournoel.com\/es\/page-test-2\/","title":{"rendered":"&#8230; page de test2"},"content":{"rendered":"<p><\/p>\n<style type=\"text\/css\">@import url('https:\/\/themes.googleusercontent.com\/fonts\/css?kit=7W4o5b_uuFmpYfhkojRDx-1m53XbCTa0n8D0jKP-ySUp-gc51eNUXvyoS-DH3dy_');ol{margin:0;padding:0}table td,table th{padding:0}.c5{border-right-style:solid;padding:5pt 5pt 5pt 5pt;border-bottom-color:#ffffff;border-top-width:1pt;border-right-width:1pt;border-left-color:#ffffff;vertical-align:top;border-right-color:#ffffff;border-left-width:1pt;border-top-style:solid;background-color:#22c2f6;border-left-style:solid;border-bottom-width:1pt;width:406.5pt;border-top-color:#ffffff;border-bottom-style:solid}.c15{border-right-style:solid;padding:14.2pt 14.2pt 14.2pt 14.2pt;border-bottom-color:#ffffff;border-top-width:1pt;border-right-width:1pt;border-left-color:#ffffff;vertical-align:top;border-right-color:#ffffff;border-left-width:1pt;border-top-style:solid;background-color:#ffffff;border-left-style:solid;border-bottom-width:1pt;width:406.5pt;border-top-color:#ffffff;border-bottom-style:solid}.c17{border-right-style:solid;padding:14.2pt 14.2pt 14.2pt 14.2pt;border-bottom-color:#ffffff;border-top-width:1pt;border-right-width:1pt;border-left-color:#ffffff;vertical-align:middle;border-right-color:#ffffff;border-left-width:1pt;border-top-style:solid;background-color:#22c2f6;border-left-style:solid;border-bottom-width:1pt;width:406.5pt;border-top-color:#ffffff;border-bottom-style:solid}.c14{border-right-style:solid;padding:14.2pt 14.2pt 14.2pt 14.2pt;border-bottom-color:#ffffff;border-top-width:1pt;border-right-width:1pt;border-left-color:#ffffff;vertical-align:top;border-right-color:#ffffff;border-left-width:1pt;border-top-style:solid;background-color:#22c2f6;border-left-style:solid;border-bottom-width:1pt;width:406.5pt;border-top-color:#ffffff;border-bottom-style:solid}.c32{border-right-style:solid;padding:8.5pt 8.5pt 8.5pt 8.5pt;border-bottom-color:#ffffff;border-top-width:1pt;border-right-width:1pt;border-left-color:#ffffff;vertical-align:top;border-right-color:#ffffff;border-left-width:1pt;border-top-style:solid;background-color:#ffffff;border-left-style:solid;border-bottom-width:1pt;width:406.5pt;border-top-color:#ffffff;border-bottom-style:solid}.c29{border-right-style:solid;padding:5pt 5pt 5pt 5pt;border-bottom-color:#ffffff;border-top-width:1pt;border-right-width:1pt;border-left-color:#ffffff;vertical-align:middle;border-right-color:#ffffff;border-left-width:1pt;border-top-style:solid;border-left-style:solid;border-bottom-width:1pt;width:406.5pt;border-top-color:#ffffff;border-bottom-style:solid}.c12{border-right-style:solid;padding:5pt 5pt 5pt 5pt;border-bottom-color:#ffffff;border-top-width:1pt;border-right-width:1pt;border-left-color:#ffffff;vertical-align:top;border-right-color:#ffffff;border-left-width:1pt;border-top-style:solid;border-left-style:solid;border-bottom-width:1pt;width:406.5pt;border-top-color:#ffffff;border-bottom-style:solid}.c2{margin-left:28.3pt;padding-top:0pt;padding-bottom:0pt;line-height:1.15;orphans:2;widows:2;text-align:justify;margin-right:23.7pt}.c41{margin-left:14.2pt;padding-top:0pt;padding-bottom:0pt;line-height:1.15;orphans:2;widows:2;text-align:center;margin-right:13.9pt}.c16{margin-left:28.3pt;padding-top:0pt;padding-bottom:0pt;line-height:1.15;orphans:2;widows:2;text-align:left}.c43{padding-top:0pt;padding-bottom:0pt;line-height:1.0;orphans:2;widows:2;text-align:left;height:11pt}.c34{padding-top:0pt;padding-bottom:0pt;line-height:1.15;orphans:2;widows:2;text-align:left;height:11pt}.c20{color:#ffffff;font-weight:400;text-decoration:none;vertical-align:baseline;font-size:25pt;font-family:\"Impact\";font-style:normal}.c37{margin-left:63.8pt;padding-top:0pt;text-indent:-35.4pt;padding-bottom:0pt;line-height:1.0;text-align:left;margin-right:13.9pt}.c9{color:#ffffff;font-weight:400;text-decoration:none;vertical-align:baseline;font-size:11pt;font-family:\"Comfortaa\";font-style:normal}.c18{-webkit-text-decoration-skip:none;color:#ffffff;font-weight:700;text-decoration:underline;text-decoration-skip-ink:none;font-size:12pt;font-family:\"Quicksand\"}.c7{color:#ffffff;font-weight:400;text-decoration:none;vertical-align:baseline;font-size:12pt;font-family:\"Verdana\";font-style:normal}.c22{color:#ffffff;font-weight:400;text-decoration:none;vertical-align:baseline;font-size:12pt;font-family:\"Comfortaa\";font-style:normal}.c25{color:#000000;font-weight:400;text-decoration:none;vertical-align:baseline;font-size:11pt;font-family:\"Arial\";font-style:normal}.c42{color:#ffffff;font-weight:400;text-decoration:none;vertical-align:baseline;font-size:22pt;font-family:\"Caveat\";font-style:italic}.c23{-webkit-text-decoration-skip:none;color:#1155cc;font-weight:400;text-decoration:underline;text-decoration-skip-ink:none;font-size:12pt;font-family:\"Verdana\"}.c19{color:#ffffff;font-weight:400;text-decoration:none;vertical-align:baseline;font-size:11pt;font-family:\"Verdana\";font-style:normal}.c13{color:#000000;font-weight:400;text-decoration:none;vertical-align:baseline;font-size:11pt;font-family:\"Lora\";font-style:normal}.c38{padding-top:0pt;padding-bottom:0pt;line-height:1.0;text-indent:226.8pt;text-align:left;height:11pt}.c10{margin-left:28.3pt;padding-top:0pt;padding-bottom:0pt;line-height:1.15;text-align:left;margin-right:23.7pt}.c0{padding-top:0pt;padding-bottom:0pt;line-height:1.0;orphans:2;widows:2;text-align:center}.c6{margin-left:28.3pt;padding-top:0pt;padding-bottom:0pt;line-height:1.15;text-align:justify;margin-right:23.7pt}.c24{padding-top:10pt;padding-bottom:0pt;line-height:1.15;orphans:2;widows:2;text-align:center}.c36{font-size:23pt;font-family:\"Caveat\";font-style:italic;color:#ffffff;font-weight:400}.c39{padding-top:0pt;padding-bottom:0pt;line-height:1.0;text-indent:226.8pt;text-align:left}.c4{margin-left:28.3pt;padding-top:0pt;padding-bottom:0pt;line-height:1.0;text-align:left}.c28{color:#ffffff;font-weight:400;text-decoration:none;font-size:14pt;font-family:\"Verdana\"}.c35{color:#ffffff;font-weight:400;text-decoration:none;font-size:1pt;font-family:\"Caveat\"}.c30{padding-top:0pt;padding-bottom:0pt;line-height:0.06;text-align:left;height:11pt}.c27{color:#000000;font-weight:700;text-decoration:none;font-size:11pt;font-family:\"Quicksand\"}.c21{margin-left:14.2pt;border-spacing:0;border-collapse:collapse;margin-right:auto}.c8{font-size:12pt;font-family:\"Verdana\";color:#ffffff;font-weight:400}.c40{font-size:12pt;font-family:\"Comfortaa\";color:#ffffff;font-weight:400}.c31{padding-top:0pt;padding-bottom:0pt;line-height:1.0;text-align:center}.c33{background-color:#ffffff;max-width:451.4pt;padding:21.3pt 72pt 72pt 72pt}.c26{vertical-align:baseline;font-style:normal}.c3{color:inherit;text-decoration:inherit}.c11{height:26.1pt}.c1{height:0pt}.title{padding-top:0pt;color:#000000;font-size:26pt;padding-bottom:3pt;font-family:\"Arial\";line-height:1.15;page-break-after:avoid;orphans:2;widows:2;text-align:left}.subtitle{padding-top:0pt;color:#666666;font-size:15pt;padding-bottom:16pt;font-family:\"Arial\";line-height:1.15;page-break-after:avoid;orphans:2;widows:2;text-align:left}li{color:#000000;font-size:11pt;font-family:\"Arial\"}p{margin:0;color:#000000;font-size:11pt;font-family:\"Arial\"}h1{padding-top:20pt;color:#000000;font-size:20pt;padding-bottom:6pt;font-family:\"Arial\";line-height:1.15;page-break-after:avoid;orphans:2;widows:2;text-align:left}h2{padding-top:18pt;color:#000000;font-size:16pt;padding-bottom:6pt;font-family:\"Arial\";line-height:1.15;page-break-after:avoid;orphans:2;widows:2;text-align:left}h3{padding-top:16pt;color:#434343;font-size:14pt;padding-bottom:4pt;font-family:\"Arial\";line-height:1.15;page-break-after:avoid;orphans:2;widows:2;text-align:left}h4{padding-top:14pt;color:#666666;font-size:12pt;padding-bottom:4pt;font-family:\"Arial\";line-height:1.15;page-break-after:avoid;orphans:2;widows:2;text-align:left}h5{padding-top:12pt;color:#666666;font-size:11pt;padding-bottom:4pt;font-family:\"Arial\";line-height:1.15;page-break-after:avoid;orphans:2;widows:2;text-align:left}h6{padding-top:12pt;color:#666666;font-size:11pt;padding-bottom:4pt;font-family:\"Arial\";line-height:1.15;page-break-after:avoid;font-style:italic;orphans:2;widows:2;text-align:left}<\/style>\n<table class=\"c21\">\n<tbody>\n<tr class=\"c1\">\n<td class=\"c14\" colspan=\"1\" rowspan=\"1\">\n<p class=\"c0\"><span class=\"c20\">NEWSLETTER JUNIO 2021<\/span><\/p>\n<\/td>\n<\/tr>\n<tr class=\"c11\">\n<td class=\"c14\" colspan=\"1\" rowspan=\"1\">\n<p class=\"c2\"><span class=\"c7\">E<span style=\"font-weight: 400;\">n diciembre de 2020, a pesar de la pandemia, decidimos ir a Ecuador y continuar con el proyecto, para repartir canastas navide\u00f1as con alimentos a los m\u00e1s humildes. Por supuesto que no pudimos llevar a cabo el proyecto como otros a\u00f1os, tuvimos que adaptarnos a la situaci\u00f3n, no hacer grandes aglomeraciones, llevar la m\u00e1scara, respetar la distancia y las medidas de prevenci\u00f3n. Pero fue posible, como se puede ver en el siguiente video<\/span>. <\/span><\/p>\n<\/td>\n<\/tr>\n<tr class=\"c1\">\n<td class=\"c12\" colspan=\"1\" rowspan=\"1\">\n<p class=\"c16\"><a href=\"https:\/\/www.youtube.com\/watch?v=6TgLY36NSZE\" target=\"_blank\" rel=\"noopener\"><img loading=\"lazy\" decoding=\"async\" class=\"aligncenter wp-image-8381\" src=\"https:\/\/unpanierpournoel.com\/wp-content\/uploads\/2021\/06\/image1.jpg\" alt=\"\" width=\"600\" height=\"254\" srcset=\"https:\/\/unpanierpournoel.com\/wp-content\/uploads\/2021\/06\/image1.jpg 628w, https:\/\/unpanierpournoel.com\/wp-content\/uploads\/2021\/06\/image1-350x148.jpg 350w, https:\/\/unpanierpournoel.com\/wp-content\/uploads\/2021\/06\/image1-300x127.jpg 300w\" sizes=\"(max-width: 600px) 100vw, 600px\" \/><\/a><\/p>\n<\/td>\n<\/tr>\n<tr class=\"c11\">\n<td class=\"c14\" colspan=\"1\" rowspan=\"1\">\n<p class=\"c2\"><span class=\"c8\">S<span style=\"font-weight: 400;\">obre las m\u00e1scaras| Las m\u00e1scaras fueron hechas por Patricia y Luis, en familia. Patricia hab\u00eda recibido una m\u00e1quina de coser unos a\u00f1os antes, como parte del proyecto Coup de Pouce, para hacer m\u00e1scaras de construcci\u00f3n. En diciembre, pudimos encargarle la confecci\u00f3n de las m\u00e1scaras protectoras de tela antibacteriana, lavable y reutilizable, que luego distribuimos a cada persona que recibi\u00f3 una canasta. Las m\u00e1scaras hechas por Patricia y Luis eran muy \u00fatiles y bonitas a la vez<\/span>.<\/span><span class=\"c40\">\u00a0<\/span><span class=\"c9\">\u00a0 <\/span><\/p>\n<\/td>\n<\/tr>\n<tr class=\"c1\">\n<td class=\"c32\" colspan=\"1\" rowspan=\"1\">\n<p class=\"c24\"><span style=\"overflow: hidden; display: inline-block; margin: 0.00px 0.00px; border: 0.00px solid #000000; transform: rotate(0.00rad) translateZ(0px); -webkit-transform: rotate(0.00rad) translateZ(0px); width: 305.50px; height: 233.48px;\"><img loading=\"lazy\" decoding=\"async\" class=\"aligncenter size-full wp-image-8384\" src=\"https:\/\/unpanierpournoel.com\/wp-content\/uploads\/2021\/06\/image4.jpg\" alt=\"\" width=\"1999\" height=\"1532\" srcset=\"https:\/\/unpanierpournoel.com\/wp-content\/uploads\/2021\/06\/image4.jpg 1999w, https:\/\/unpanierpournoel.com\/wp-content\/uploads\/2021\/06\/image4-350x268.jpg 350w, https:\/\/unpanierpournoel.com\/wp-content\/uploads\/2021\/06\/image4-300x230.jpg 300w, https:\/\/unpanierpournoel.com\/wp-content\/uploads\/2021\/06\/image4-1024x785.jpg 1024w, https:\/\/unpanierpournoel.com\/wp-content\/uploads\/2021\/06\/image4-768x589.jpg 768w, https:\/\/unpanierpournoel.com\/wp-content\/uploads\/2021\/06\/image4-1536x1177.jpg 1536w\" sizes=\"(max-width: 767px) 89vw, (max-width: 1000px) 54vw, (max-width: 1071px) 543px, 580px\" \/><\/span><\/p>\n<\/td>\n<\/tr>\n<tr class=\"c11\">\n<td class=\"c14\" colspan=\"1\" rowspan=\"1\">\n<p class=\"c6\"><span class=\"c7\">E<span style=\"font-weight: 400;\">n diciembre de 2020, seg\u00fan las medidas anti-Covid en Ecuador, ya no estaba permitido que las comunidades o asociaciones distribuyeron regalos a los ni\u00f1os (fundas de caramelos, etc.), as\u00ed que no pudimos darles los peluches que estaban destinados a ellos, tra\u00eddos desde Suiza. Pero s\u00f3lo es cuesti\u00f3n de tiempo<\/span>!<\/span><\/p>\n<\/td>\n<\/tr>\n<tr class=\"c1\">\n<td class=\"c5\" colspan=\"1\" rowspan=\"1\">\n<p class=\"c4\"><img loading=\"lazy\" decoding=\"async\" class=\"aligncenter wp-image-8390\" src=\"https:\/\/unpanierpournoel.com\/wp-content\/uploads\/2021\/06\/image10.jpg\" alt=\"\" width=\"600\" height=\"450\" srcset=\"https:\/\/unpanierpournoel.com\/wp-content\/uploads\/2021\/06\/image10.jpg 1999w, https:\/\/unpanierpournoel.com\/wp-content\/uploads\/2021\/06\/image10-350x263.jpg 350w, https:\/\/unpanierpournoel.com\/wp-content\/uploads\/2021\/06\/image10-300x225.jpg 300w, https:\/\/unpanierpournoel.com\/wp-content\/uploads\/2021\/06\/image10-1024x768.jpg 1024w, https:\/\/unpanierpournoel.com\/wp-content\/uploads\/2021\/06\/image10-768x576.jpg 768w, https:\/\/unpanierpournoel.com\/wp-content\/uploads\/2021\/06\/image10-1536x1153.jpg 1536w\" sizes=\"(max-width: 600px) 100vw, 600px\" \/><\/p>\n<\/td>\n<\/tr>\n<tr class=\"c11\">\n<td class=\"c14\" colspan=\"1\" rowspan=\"1\">\n<p class=\"c10\"><span class=\"c7\">P<span style=\"font-weight: 400;\">royecto Coup de Pouce| Este a\u00f1o es Yolanda la que se beneficia de una ayuda de la asociaci\u00f3n, en forma de triciclo-triple con el que podr\u00e1 reciclar cart\u00f3n y vender papel higi\u00e9nico en las calles de Santo Domingo de los Ts\u00e1chilas. Yolanda estaba muy emocionada, muy feliz con su triciclo verde manzana y muy agradecida a sus padrinos, Kevin y B\u00e1rbara<\/span>.<\/span><\/p>\n<\/td>\n<\/tr>\n<tr class=\"c1\">\n<td class=\"c5\" colspan=\"1\" rowspan=\"1\">\n<p class=\"c4\"><img loading=\"lazy\" decoding=\"async\" class=\"aligncenter wp-image-8386\" src=\"https:\/\/unpanierpournoel.com\/wp-content\/uploads\/2021\/06\/image6.jpg\" alt=\"\" width=\"600\" height=\"450\" srcset=\"https:\/\/unpanierpournoel.com\/wp-content\/uploads\/2021\/06\/image6.jpg 1999w, https:\/\/unpanierpournoel.com\/wp-content\/uploads\/2021\/06\/image6-350x263.jpg 350w, https:\/\/unpanierpournoel.com\/wp-content\/uploads\/2021\/06\/image6-300x225.jpg 300w, https:\/\/unpanierpournoel.com\/wp-content\/uploads\/2021\/06\/image6-1024x768.jpg 1024w, https:\/\/unpanierpournoel.com\/wp-content\/uploads\/2021\/06\/image6-768x576.jpg 768w, https:\/\/unpanierpournoel.com\/wp-content\/uploads\/2021\/06\/image6-1536x1153.jpg 1536w\" sizes=\"(max-width: 600px) 100vw, 600px\" \/><\/p>\n<\/td>\n<\/tr>\n<tr class=\"c11\">\n<td class=\"c14\" colspan=\"1\" rowspan=\"1\">\n<p class=\"c6\"><span class=\"c7\">L<span style=\"font-weight: 400;\">a Fritada| Este a\u00f1o volveremos a organizar una fritada, un plato t\u00edpico de los Andes. Tendr\u00e1 lugar (seguramente) el domingo 3 de octubre en la Grande Salle de Oulens. Reserve la fecha ahora y se le enviar\u00e1 una invitaci\u00f3n oficial, una vez que todo est\u00e9 confirmado<\/span>. <\/span><\/p>\n<p class=\"c6\"><span class=\"c7\">U<span style=\"font-weight: 400;\">n c\u00e1lido agradecimiento a todos los voluntarios que nos ayudaron en las diversas actividades de la asociaci\u00f3n, pero en particular, para la \u00faltima Fritada, a : Gloria, G\u00e9raldine, Audrey, Kevin, B\u00e9atrice, Constance, Didier, Bernhard y Abiga\u00ebl<\/span>. <\/span><\/p>\n<\/td>\n<\/tr>\n<tr class=\"c1\">\n<td class=\"c15\" colspan=\"1\" rowspan=\"1\">\n<p class=\"c4\"><img loading=\"lazy\" decoding=\"async\" class=\"aligncenter wp-image-8385\" src=\"https:\/\/unpanierpournoel.com\/wp-content\/uploads\/2021\/06\/image5.jpg\" alt=\"\" width=\"600\" height=\"339\" srcset=\"https:\/\/unpanierpournoel.com\/wp-content\/uploads\/2021\/06\/image5.jpg 967w, https:\/\/unpanierpournoel.com\/wp-content\/uploads\/2021\/06\/image5-350x198.jpg 350w, https:\/\/unpanierpournoel.com\/wp-content\/uploads\/2021\/06\/image5-300x170.jpg 300w, https:\/\/unpanierpournoel.com\/wp-content\/uploads\/2021\/06\/image5-768x434.jpg 768w\" sizes=\"(max-width: 600px) 100vw, 600px\" \/><\/p>\n<\/td>\n<\/tr>\n<tr class=\"c11\">\n<td class=\"c14\" colspan=\"1\" rowspan=\"1\">\n<p class=\"c2\"><span class=\"c8\">S<span style=\"font-weight: 400;\">obre los stands| Los stands est\u00e1n ah\u00ed para hablar de la asociaci\u00f3n pero tambi\u00e9n para recaudar fondos para el proyecto en Ecuador. Un gran agradecimiento a Constance y Didier, Charlotte, Luis-Carlos, Bety, Kelly y Vincent que participaron en los 8 stands organizados en 2020. Las pr\u00f3ximas tendr\u00e1n lugar este oto\u00f1o, as\u00ed que no dudes en ponerte en contacto con nosotros si quieres <a href=\"https:\/\/unpanierpournoel.com\/index.php\/benevoles\/?lang=es\" target=\"_blank\" rel=\"noopener\">ofrecer algo de tu tiempo como voluntario<\/a>, <\/span><span style=\"font-weight: 400;\">porque te necesitamos<\/span><\/span><span class=\"c8\">.<\/span><\/p>\n<\/td>\n<\/tr>\n<tr class=\"c1\">\n<td class=\"c5\" colspan=\"1\" rowspan=\"1\">\n<p class=\"c4\"><img loading=\"lazy\" decoding=\"async\" class=\"aligncenter wp-image-8388\" src=\"https:\/\/unpanierpournoel.com\/wp-content\/uploads\/2021\/06\/image8.jpg\" alt=\"\" width=\"600\" height=\"374\" srcset=\"https:\/\/unpanierpournoel.com\/wp-content\/uploads\/2021\/06\/image8.jpg 1999w, https:\/\/unpanierpournoel.com\/wp-content\/uploads\/2021\/06\/image8-350x218.jpg 350w, https:\/\/unpanierpournoel.com\/wp-content\/uploads\/2021\/06\/image8-300x187.jpg 300w, https:\/\/unpanierpournoel.com\/wp-content\/uploads\/2021\/06\/image8-1024x639.jpg 1024w, https:\/\/unpanierpournoel.com\/wp-content\/uploads\/2021\/06\/image8-768x479.jpg 768w, https:\/\/unpanierpournoel.com\/wp-content\/uploads\/2021\/06\/image8-1536x958.jpg 1536w\" sizes=\"(max-width: 600px) 100vw, 600px\" \/><\/p>\n<\/td>\n<\/tr>\n<tr class=\"c1\">\n<td class=\"c5\" colspan=\"1\" rowspan=\"1\">\n<p class=\"c4\"><img loading=\"lazy\" decoding=\"async\" class=\"aligncenter wp-image-8391\" src=\"https:\/\/unpanierpournoel.com\/wp-content\/uploads\/2021\/06\/image11.jpg\" alt=\"\" width=\"600\" height=\"356\" srcset=\"https:\/\/unpanierpournoel.com\/wp-content\/uploads\/2021\/06\/image11.jpg 1999w, https:\/\/unpanierpournoel.com\/wp-content\/uploads\/2021\/06\/image11-350x208.jpg 350w, https:\/\/unpanierpournoel.com\/wp-content\/uploads\/2021\/06\/image11-300x178.jpg 300w, https:\/\/unpanierpournoel.com\/wp-content\/uploads\/2021\/06\/image11-1024x608.jpg 1024w, https:\/\/unpanierpournoel.com\/wp-content\/uploads\/2021\/06\/image11-768x456.jpg 768w, https:\/\/unpanierpournoel.com\/wp-content\/uploads\/2021\/06\/image11-1536x912.jpg 1536w\" sizes=\"(max-width: 600px) 100vw, 600px\" \/><\/p>\n<\/td>\n<\/tr>\n<tr class=\"c1\">\n<td class=\"c5\" colspan=\"1\" rowspan=\"1\">\n<p class=\"c4\"><img loading=\"lazy\" decoding=\"async\" class=\"aligncenter wp-image-8389\" src=\"https:\/\/unpanierpournoel.com\/wp-content\/uploads\/2021\/06\/image9.jpg\" alt=\"\" width=\"600\" height=\"398\" srcset=\"https:\/\/unpanierpournoel.com\/wp-content\/uploads\/2021\/06\/image9.jpg 1999w, https:\/\/unpanierpournoel.com\/wp-content\/uploads\/2021\/06\/image9-350x232.jpg 350w, https:\/\/unpanierpournoel.com\/wp-content\/uploads\/2021\/06\/image9-300x199.jpg 300w, https:\/\/unpanierpournoel.com\/wp-content\/uploads\/2021\/06\/image9-1024x679.jpg 1024w, https:\/\/unpanierpournoel.com\/wp-content\/uploads\/2021\/06\/image9-768x509.jpg 768w, https:\/\/unpanierpournoel.com\/wp-content\/uploads\/2021\/06\/image9-1536x1019.jpg 1536w\" sizes=\"(max-width: 600px) 100vw, 600px\" \/><\/p>\n<\/td>\n<\/tr>\n<tr class=\"c1\">\n<td class=\"c5\" colspan=\"1\" rowspan=\"1\">\n<p class=\"c4\"><img loading=\"lazy\" decoding=\"async\" class=\"aligncenter wp-image-8387\" src=\"https:\/\/unpanierpournoel.com\/wp-content\/uploads\/2021\/06\/image7.jpg\" alt=\"\" width=\"600\" height=\"405\" srcset=\"https:\/\/unpanierpournoel.com\/wp-content\/uploads\/2021\/06\/image7.jpg 1999w, https:\/\/unpanierpournoel.com\/wp-content\/uploads\/2021\/06\/image7-350x236.jpg 350w, https:\/\/unpanierpournoel.com\/wp-content\/uploads\/2021\/06\/image7-300x202.jpg 300w, https:\/\/unpanierpournoel.com\/wp-content\/uploads\/2021\/06\/image7-1024x691.jpg 1024w, https:\/\/unpanierpournoel.com\/wp-content\/uploads\/2021\/06\/image7-768x518.jpg 768w, https:\/\/unpanierpournoel.com\/wp-content\/uploads\/2021\/06\/image7-1536x1036.jpg 1536w\" sizes=\"(max-width: 600px) 100vw, 600px\" \/><\/p>\n<\/td>\n<\/tr>\n<tr class=\"c1\">\n<td class=\"c5\" colspan=\"1\" rowspan=\"1\">\n<p class=\"c4\"><img loading=\"lazy\" decoding=\"async\" class=\"aligncenter wp-image-8392\" src=\"https:\/\/unpanierpournoel.com\/wp-content\/uploads\/2021\/06\/image12.jpg\" alt=\"\" width=\"600\" height=\"1066\" srcset=\"https:\/\/unpanierpournoel.com\/wp-content\/uploads\/2021\/06\/image12.jpg 1125w, https:\/\/unpanierpournoel.com\/wp-content\/uploads\/2021\/06\/image12-350x622.jpg 350w, https:\/\/unpanierpournoel.com\/wp-content\/uploads\/2021\/06\/image12-169x300.jpg 169w, https:\/\/unpanierpournoel.com\/wp-content\/uploads\/2021\/06\/image12-576x1024.jpg 576w, https:\/\/unpanierpournoel.com\/wp-content\/uploads\/2021\/06\/image12-768x1365.jpg 768w, https:\/\/unpanierpournoel.com\/wp-content\/uploads\/2021\/06\/image12-864x1536.jpg 864w\" sizes=\"(max-width: 600px) 100vw, 600px\" \/><\/p>\n<\/td>\n<\/tr>\n<tr class=\"c1\">\n<td class=\"c14\" colspan=\"1\" rowspan=\"1\">\n<p class=\"c37\" style=\"text-align: center;\"><span class=\"c36\">\u201c<\/span><span class=\"c42\"> <i><span style=\"font-weight: 400;\">Las peque\u00f1as causas producen grandes efectos<\/span><\/i>\u201d <\/span><\/p>\n<p class=\"c38\">\n<p class=\"c39\"><span class=\"c22\">Proverbio franc\u00e9s<\/span><\/p>\n<\/td>\n<\/tr>\n<tr class=\"c1\">\n<td class=\"c15\" colspan=\"1\" rowspan=\"1\">\n<p class=\"c30\">\n<\/td>\n<\/tr>\n<tr class=\"c1\">\n<td class=\"c14\" colspan=\"1\" rowspan=\"1\">\n<p class=\"c41\"><span class=\"c26 c28\">Gracias por su apoyo !<\/span><\/p>\n<\/td>\n<\/tr>\n<tr class=\"c1\">\n<td class=\"c15\" colspan=\"1\" rowspan=\"1\">\n<p class=\"c31\"><a href=\"https:\/\/unpanierpournoel.com\/index.php\/dons-2\/?lang=es\" target=\"_blank\" rel=\"noopener\"><img loading=\"lazy\" decoding=\"async\" class=\"aligncenter size-full wp-image-8466\" src=\"https:\/\/unpanierpournoel.com\/wp-content\/uploads\/2021\/06\/hacer-une-donacion.jpg\" alt=\"\" width=\"242\" height=\"134\" \/><\/a><\/p>\n<\/td>\n<\/tr>\n<tr class=\"c1\">\n<td class=\"c17\" colspan=\"1\" rowspan=\"1\">\n<p class=\"c0\"><span class=\"c18\"><a class=\"c3\" href=\"https:\/\/unpanierpournoel.com\/?lang=es\" target=\"_blank\" rel=\"noopener\">VISITE NUESTRA P\u00c1GINA WEB PARA SABER M\u00c1S<\/a><\/span><\/p>\n<\/td>\n<\/tr>\n<tr class=\"c1\">\n<td class=\"c29\" colspan=\"1\" rowspan=\"1\">\n<p class=\"c0\"><img loading=\"lazy\" decoding=\"async\" class=\"aligncenter wp-image-8382\" src=\"https:\/\/unpanierpournoel.com\/wp-content\/uploads\/2021\/06\/image2.jpg\" alt=\"\" width=\"600\" height=\"82\" srcset=\"https:\/\/unpanierpournoel.com\/wp-content\/uploads\/2021\/06\/image2.jpg 1488w, https:\/\/unpanierpournoel.com\/wp-content\/uploads\/2021\/06\/image2-350x48.jpg 350w, https:\/\/unpanierpournoel.com\/wp-content\/uploads\/2021\/06\/image2-300x41.jpg 300w, https:\/\/unpanierpournoel.com\/wp-content\/uploads\/2021\/06\/image2-1024x140.jpg 1024w, https:\/\/unpanierpournoel.com\/wp-content\/uploads\/2021\/06\/image2-768x105.jpg 768w\" sizes=\"(max-width: 600px) 100vw, 600px\" \/><\/p>\n<\/td>\n<\/tr>\n<\/tbody>\n<\/table>\n<p class=\"c34\">","protected":false},"excerpt":{"rendered":"<p>NEWSLETTER JUNIO 2021 En diciembre de 2020, a pesar de la pandemia, decidimos ir a Ecuador y continuar con el proyecto, para repartir canastas navide\u00f1as con alimentos a los m\u00e1s humildes. Por supuesto que no pudimos llevar a cabo el proyecto como otros a\u00f1os, tuvimos que adaptarnos a la situaci\u00f3n, no hacer grandes aglomeraciones, llevar &hellip; <\/p>\n<p class=\"link-more\"><a href=\"https:\/\/unpanierpournoel.com\/es\/page-test-2\/\" class=\"more-link\">Continuar leyendo<span class=\"screen-reader-text\"> \u00ab&#8230; page de test2\u00bb<\/span><\/a><\/p>\n","protected":false},"author":1,"featured_media":0,"parent":0,"menu_order":0,"comment_status":"closed","ping_status":"open","template":"","meta":{"footnotes":""},"_links":{"self":[{"href":"https:\/\/unpanierpournoel.com\/es\/wp-json\/wp\/v2\/pages\/2657"}],"collection":[{"href":"https:\/\/unpanierpournoel.com\/es\/wp-json\/wp\/v2\/pages"}],"about":[{"href":"https:\/\/unpanierpournoel.com\/es\/wp-json\/wp\/v2\/types\/page"}],"author":[{"embeddable":true,"href":"https:\/\/unpanierpournoel.com\/es\/wp-json\/wp\/v2\/users\/1"}],"replies":[{"embeddable":true,"href":"https:\/\/unpanierpournoel.com\/es\/wp-json\/wp\/v2\/comments?post=2657"}],"version-history":[{"count":1,"href":"https:\/\/unpanierpournoel.com\/es\/wp-json\/wp\/v2\/pages\/2657\/revisions"}],"predecessor-version":[{"id":10160,"href":"https:\/\/unpanierpournoel.com\/es\/wp-json\/wp\/v2\/pages\/2657\/revisions\/10160"}],"wp:attachment":[{"href":"https:\/\/unpanierpournoel.com\/es\/wp-json\/wp\/v2\/media?parent=2657"}],"curies":[{"name":"wp","href":"https:\/\/api.w.org\/{rel}","templated":true}]}}