{"id":22,"date":"2013-11-17T19:22:07","date_gmt":"2013-11-17T18:22:07","guid":{"rendered":"http:\/\/mikymigs.com\/panierpournoel\/?page_id=22"},"modified":"2019-09-19T14:40:37","modified_gmt":"2019-09-19T12:40:37","slug":"les-paniers","status":"publish","type":"page","link":"https:\/\/unpanierpournoel.com\/es\/les-paniers\/","title":{"rendered":"el contenido de la canasta"},"content":{"rendered":"<p><\/p>\n<table border=\"0\" width=\"110%\" cellspacing=\"0\" cellpadding=\"0\">\n<tbody>\n<tr>\n<td valign=\"top\" width=\"500\">\n<blockquote>\n<p style=\"text-align: justify;\">La canasta tiene sus peque\u00f1as variaciones cada a\u00f1o, pero cada vez cuesta exactamente CHF 20.- (veinte franco suizo) y todos los productos son comprados en Ecuador.<\/p>\n<p>Aqu\u00ed hay un ejemplo de los productos que ponemos en las canastas :<\/p><\/blockquote>\n<\/td>\n<td valign=\"top\" width=\"19\"><\/td>\n<td valign=\"center\" width=\"300\"><\/td>\n<\/tr>\n<\/tbody>\n<\/table>\n<p><img loading=\"lazy\" decoding=\"async\" class=\"alignnone size-full wp-image-4847\" src=\"http:\/\/www.unpanierpournoel.com\/wp-content\/uploads\/2014\/07\/carte-poulet-6.jpg\" alt=\"carte poulet $6\" width=\"600\" height=\"407\"><\/p>\n<p><img loading=\"lazy\" decoding=\"async\" class=\"alignnone size-full wp-image-4848\" src=\"http:\/\/www.unpanierpournoel.com\/wp-content\/uploads\/2014\/07\/IMG_5273.jpg\" alt=\"IMG_5273\" width=\"600\" height=\"770\"><br \/>\n<img loading=\"lazy\" decoding=\"async\" class=\"alignnone size-full wp-image-4850\" src=\"http:\/\/www.unpanierpournoel.com\/wp-content\/uploads\/2014\/07\/IMG_5274.jpg\" alt=\"IMG_5274\" width=\"600\" height=\"611\"><br \/>\n<img loading=\"lazy\" decoding=\"async\" class=\"alignnone size-full wp-image-4851\" src=\"http:\/\/www.unpanierpournoel.com\/wp-content\/uploads\/2014\/07\/IMG_5275.jpg\" alt=\"IMG_5275\" width=\"600\" height=\"746\"><br \/>\n<img loading=\"lazy\" decoding=\"async\" class=\"alignnone size-full wp-image-4852\" src=\"http:\/\/www.unpanierpournoel.com\/wp-content\/uploads\/2014\/07\/IMG_5276.jpg\" alt=\"IMG_5276\" width=\"600\" height=\"912\"><br \/>\n<img loading=\"lazy\" decoding=\"async\" class=\"alignnone size-full wp-image-4853\" src=\"http:\/\/www.unpanierpournoel.com\/wp-content\/uploads\/2014\/07\/IMG_5278.jpg\" alt=\"IMG_5278\" width=\"600\" height=\"659\"><br \/>\n<img loading=\"lazy\" decoding=\"async\" class=\"alignnone size-full wp-image-4854\" src=\"http:\/\/www.unpanierpournoel.com\/wp-content\/uploads\/2014\/07\/IMG_5279.jpg\" alt=\"IMG_5279\" width=\"600\" height=\"1104\"><br \/>\n<img loading=\"lazy\" decoding=\"async\" class=\"alignnone size-full wp-image-4855\" src=\"http:\/\/www.unpanierpournoel.com\/wp-content\/uploads\/2014\/07\/IMG_5280.jpg\" alt=\"IMG_5280\" width=\"600\" height=\"1059\"><br \/>\n<img loading=\"lazy\" decoding=\"async\" class=\"alignnone size-full wp-image-4856\" src=\"http:\/\/www.unpanierpournoel.com\/wp-content\/uploads\/2014\/07\/IMG_5281.jpg\" alt=\"IMG_5281\" width=\"600\" height=\"1175\"><br \/>\n<img loading=\"lazy\" decoding=\"async\" class=\"alignnone size-full wp-image-4857\" src=\"http:\/\/www.unpanierpournoel.com\/wp-content\/uploads\/2014\/07\/IMG_5282.jpg\" alt=\"IMG_5282\" width=\"600\" height=\"876\"><br \/>\n<img loading=\"lazy\" decoding=\"async\" class=\"alignnone size-full wp-image-4858\" src=\"http:\/\/www.unpanierpournoel.com\/wp-content\/uploads\/2014\/07\/IMG_5283.jpg\" alt=\"IMG_5283\" width=\"600\" height=\"740\"><br \/>\n<img loading=\"lazy\" decoding=\"async\" class=\"alignnone size-full wp-image-4859\" src=\"http:\/\/www.unpanierpournoel.com\/wp-content\/uploads\/2014\/07\/IMG_5284.jpg\" alt=\"IMG_5284\" width=\"600\" height=\"832\"><\/p>\n<blockquote><p>Ejemplos de canastas de a\u00f1os anteriores :<\/p><\/blockquote>\n<p><img loading=\"lazy\" decoding=\"async\" class=\"aligncenter size-full wp-image-2377\" src=\"http:\/\/www.unpanierpournoel.com\/wp-content\/uploads\/2013\/11\/panier2014.jpg\" alt=\"flyer.2012.verso.fond cyan.ai\" width=\"600\" height=\"423\"><\/p>\n<p style=\"text-align: center;\"><a href=\"http:\/\/www.unpanierpournoel.com\/wp-content\/uploads\/2014\/06\/le-panier-20121.jpg\"><img loading=\"lazy\" decoding=\"async\" class=\"aligncenter\" src=\"http:\/\/www.unpanierpournoel.com\/wp-content\/uploads\/2014\/06\/le-panier-20121.jpg\" alt=\"le panier 2012\" width=\"600\" height=\"536\"><\/a><\/p>\n<p style=\"text-align: center;\"><img loading=\"lazy\" decoding=\"async\" class=\"wp-image-660 aligncenter\" src=\"http:\/\/www.unpanierpournoel.com\/wp-content\/uploads\/2013\/11\/panier2010.jpg\" alt=\"panier2010\" width=\"600\" height=\"778\"><\/p>\n<p style=\"text-align: center;\"><img loading=\"lazy\" decoding=\"async\" class=\"wp-image-658 aligncenter\" src=\"http:\/\/www.unpanierpournoel.com\/wp-content\/uploads\/2013\/11\/panier2011.jpg\" alt=\"panier2011\" width=\"600\" height=\"534\"><\/p>\n<p><\/p>","protected":false},"excerpt":{"rendered":"<p>La canasta tiene sus peque\u00f1as variaciones cada a\u00f1o, pero cada vez cuesta exactamente CHF 20.- (veinte franco suizo) y todos los productos son comprados en Ecuador. Aqu\u00ed hay un ejemplo de los productos que ponemos en las canastas : Ejemplos de canastas de a\u00f1os anteriores :<\/p>\n","protected":false},"author":1,"featured_media":0,"parent":0,"menu_order":0,"comment_status":"closed","ping_status":"open","template":"","meta":{"footnotes":""},"_links":{"self":[{"href":"https:\/\/unpanierpournoel.com\/es\/wp-json\/wp\/v2\/pages\/22"}],"collection":[{"href":"https:\/\/unpanierpournoel.com\/es\/wp-json\/wp\/v2\/pages"}],"about":[{"href":"https:\/\/unpanierpournoel.com\/es\/wp-json\/wp\/v2\/types\/page"}],"author":[{"embeddable":true,"href":"https:\/\/unpanierpournoel.com\/es\/wp-json\/wp\/v2\/users\/1"}],"replies":[{"embeddable":true,"href":"https:\/\/unpanierpournoel.com\/es\/wp-json\/wp\/v2\/comments?post=22"}],"version-history":[{"count":0,"href":"https:\/\/unpanierpournoel.com\/es\/wp-json\/wp\/v2\/pages\/22\/revisions"}],"wp:attachment":[{"href":"https:\/\/unpanierpournoel.com\/es\/wp-json\/wp\/v2\/media?parent=22"}],"curies":[{"name":"wp","href":"https:\/\/api.w.org\/{rel}","templated":true}]}}