{"id":20,"date":"2013-11-17T19:21:49","date_gmt":"2013-11-17T18:21:49","guid":{"rendered":"http:\/\/mikymigs.com\/panierpournoel\/?page_id=20"},"modified":"2025-11-24T19:19:25","modified_gmt":"2025-11-24T18:19:25","slug":"le-coup-de-pouce","status":"publish","type":"page","link":"https:\/\/unpanierpournoel.com\/es\/le-coup-de-pouce\/","title":{"rendered":"PROYECTOS DE DESARROLLO SOSTENIBLE \u00abCOUPS DE POUCE\u00bb"},"content":{"rendered":"<div class=\"wp-block-columns is-layout-flex wp-container-core-columns-is-layout-1 wp-block-columns-is-layout-flex\">\n<div class=\"wp-block-column is-layout-flow wp-block-column-is-layout-flow\"><\/div>\n\n\n\n<div class=\"wp-block-column is-layout-flow wp-block-column-is-layout-flow\"><\/div>\n<\/div>\n\n\n\n<div class=\"wp-block-columns is-layout-flex wp-container-core-columns-is-layout-2 wp-block-columns-is-layout-flex\">\n<div class=\"wp-block-column is-layout-flow wp-block-column-is-layout-flow\">\n<figure class=\"wp-block-image size-large\"><img loading=\"lazy\" decoding=\"async\" width=\"768\" height=\"1024\" src=\"https:\/\/unpanierpournoel.com\/wp-content\/uploads\/2025\/11\/PHOTO-2025-11-24-14-30-45-768x1024.jpg\" alt=\"\" class=\"wp-image-13648\" srcset=\"https:\/\/unpanierpournoel.com\/wp-content\/uploads\/2025\/11\/PHOTO-2025-11-24-14-30-45-768x1024.jpg 768w, https:\/\/unpanierpournoel.com\/wp-content\/uploads\/2025\/11\/PHOTO-2025-11-24-14-30-45-225x300.jpg 225w, https:\/\/unpanierpournoel.com\/wp-content\/uploads\/2025\/11\/PHOTO-2025-11-24-14-30-45-1152x1536.jpg 1152w, https:\/\/unpanierpournoel.com\/wp-content\/uploads\/2025\/11\/PHOTO-2025-11-24-14-30-45-350x467.jpg 350w, https:\/\/unpanierpournoel.com\/wp-content\/uploads\/2025\/11\/PHOTO-2025-11-24-14-30-45.jpg 1200w\" sizes=\"(max-width: 767px) 89vw, (max-width: 1000px) 54vw, (max-width: 1071px) 543px, 580px\" \/><\/figure>\n<\/div>\n\n\n\n<div class=\"wp-block-column is-layout-flow wp-block-column-is-layout-flow\">\n<p>   <strong>Beneficiario: <\/strong>Liliana Elizabeth CEBALLOS SALCEDO<\/p>\n\n\n\n<p> <strong>Nationalidad: <\/strong>Ecuatoriana<\/p>\n\n\n\n<p>   <strong>Edad:<\/strong> 49 a\u00f1os<\/p>\n\n\n\n<p> <strong>Direcci\u00f3n:<\/strong> Santo Domingo de los Ts\u00e1chilas<\/p>\n\n\n\n<p> <strong>Profesi\u00f3n:<\/strong> Quehaceres Dom\u00e9sticos<\/p>\n<\/div>\n<\/div>\n\n\n\n<p><\/p>\n\n\n\n<p><\/p>\n\n\n\n<p>Liliana trabajaba vendiendo pescado en el mercado, donde era explotada y muchas veces ni siquiera recib\u00eda el pago por su trabajo. Gracias a la generosidad de <strong>Barbara y Kevin Smith<\/strong>, hemos podido adquirir un triciclo que le ha brindado la independencia que tanto necesitaba. Ahora se dedica a la fumigaci\u00f3n, una actividad que le gusta y en la que puede desarrollarse plenamente. El triciclo le permite transportar todo su material y desplazarse con facilidad, ofreci\u00e9ndole la oportunidad de construir una vida m\u00e1s digna, estable y aut\u00f3noma.<\/p>\n\n\n\n<div class=\"wp-block-columns is-layout-flex wp-container-core-columns-is-layout-3 wp-block-columns-is-layout-flex\">\n<div class=\"wp-block-column is-layout-flow wp-block-column-is-layout-flow\">\n<figure class=\"wp-block-image size-large\"><img loading=\"lazy\" decoding=\"async\" width=\"768\" height=\"1024\" src=\"https:\/\/unpanierpournoel.com\/wp-content\/uploads\/2025\/11\/PHOTO-2025-02-25-14-46-19-768x1024.jpg\" alt=\"\" class=\"wp-image-13644\" srcset=\"https:\/\/unpanierpournoel.com\/wp-content\/uploads\/2025\/11\/PHOTO-2025-02-25-14-46-19-768x1024.jpg 768w, https:\/\/unpanierpournoel.com\/wp-content\/uploads\/2025\/11\/PHOTO-2025-02-25-14-46-19-225x300.jpg 225w, https:\/\/unpanierpournoel.com\/wp-content\/uploads\/2025\/11\/PHOTO-2025-02-25-14-46-19-1152x1536.jpg 1152w, https:\/\/unpanierpournoel.com\/wp-content\/uploads\/2025\/11\/PHOTO-2025-02-25-14-46-19-350x467.jpg 350w, https:\/\/unpanierpournoel.com\/wp-content\/uploads\/2025\/11\/PHOTO-2025-02-25-14-46-19.jpg 1200w\" sizes=\"(max-width: 767px) 89vw, (max-width: 1000px) 54vw, (max-width: 1071px) 543px, 580px\" \/><\/figure>\n<\/div>\n\n\n\n<div class=\"wp-block-column is-layout-flow wp-block-column-is-layout-flow\">\n<p>   <strong>Beneficiario: <\/strong>Adela GARCIA ESTIPINAN<\/p>\n\n\n\n<p> <strong>Nationalidad: <\/strong>Ecuatoriana<\/p>\n\n\n\n<p>   <strong>Edad:<\/strong> 64 a\u00f1os<\/p>\n\n\n\n<p> <strong>Direcci\u00f3n:<\/strong> Tachina<\/p>\n\n\n\n<p> <strong>Profesi\u00f3n:<\/strong> Quehaceres Dom\u00e9sticos<\/p>\n<\/div>\n<\/div>\n\n\n\n<div class=\"wp-block-columns is-layout-flex wp-container-core-columns-is-layout-4 wp-block-columns-is-layout-flex\">\n<div class=\"wp-block-column is-layout-flow wp-block-column-is-layout-flow\">\n<figure class=\"wp-block-image size-large\"><img loading=\"lazy\" decoding=\"async\" width=\"768\" height=\"1024\" src=\"https:\/\/unpanierpournoel.com\/wp-content\/uploads\/2025\/11\/PHOTO-2025-11-24-14-30-30-768x1024.jpg\" alt=\"\" class=\"wp-image-13645\" srcset=\"https:\/\/unpanierpournoel.com\/wp-content\/uploads\/2025\/11\/PHOTO-2025-11-24-14-30-30-768x1024.jpg 768w, https:\/\/unpanierpournoel.com\/wp-content\/uploads\/2025\/11\/PHOTO-2025-11-24-14-30-30-225x300.jpg 225w, https:\/\/unpanierpournoel.com\/wp-content\/uploads\/2025\/11\/PHOTO-2025-11-24-14-30-30-1152x1536.jpg 1152w, https:\/\/unpanierpournoel.com\/wp-content\/uploads\/2025\/11\/PHOTO-2025-11-24-14-30-30-350x467.jpg 350w, https:\/\/unpanierpournoel.com\/wp-content\/uploads\/2025\/11\/PHOTO-2025-11-24-14-30-30.jpg 1200w\" sizes=\"(max-width: 767px) 89vw, (max-width: 1000px) 54vw, (max-width: 1071px) 543px, 580px\" \/><\/figure>\n<\/div>\n\n\n\n<div class=\"wp-block-column is-layout-flow wp-block-column-is-layout-flow\">\n<p>Adela dedica su vida al cuidado de su hijo enfermo. Para ella, el triciclo no es solo un medio de transporte, sino una verdadera oportunidad para salir adelante. Gracias a la generosidad de Barbara y Kevin Smith, pudimos proporcion\u00e1rselo. Ahora, Adela puede transportar los productos que vende sin depender de nadie. Antes ten\u00eda que pagar por el transporte, pero ahora puede ahorrar ese dinero tan necesario y, sobre todo, ha recuperado su independencia y la fuerza que brinda sentirse plenamente capaz por s\u00ed misma.<\/p>\n<\/div>\n<\/div>\n\n\n\n<div class=\"wp-block-columns is-layout-flex wp-container-core-columns-is-layout-5 wp-block-columns-is-layout-flex\">\n<div class=\"wp-block-column is-layout-flow wp-block-column-is-layout-flow\" style=\"flex-basis:33.33%\">\n<figure class=\"wp-block-image size-large\"><img loading=\"lazy\" decoding=\"async\" width=\"766\" height=\"1024\" src=\"https:\/\/unpanierpournoel.com\/wp-content\/uploads\/2024\/10\/IMG_1678-766x1024.jpg\" alt=\"\" class=\"wp-image-12519\" srcset=\"https:\/\/unpanierpournoel.com\/wp-content\/uploads\/2024\/10\/IMG_1678-766x1024.jpg 766w, https:\/\/unpanierpournoel.com\/wp-content\/uploads\/2024\/10\/IMG_1678-225x300.jpg 225w, https:\/\/unpanierpournoel.com\/wp-content\/uploads\/2024\/10\/IMG_1678-768x1026.jpg 768w, https:\/\/unpanierpournoel.com\/wp-content\/uploads\/2024\/10\/IMG_1678-350x468.jpg 350w, https:\/\/unpanierpournoel.com\/wp-content\/uploads\/2024\/10\/IMG_1678.jpg 1125w\" sizes=\"(max-width: 706px) 89vw, (max-width: 767px) 82vw, 740px\" \/><\/figure>\n<\/div>\n\n\n\n<div class=\"wp-block-column is-layout-flow wp-block-column-is-layout-flow\" style=\"flex-basis:66.66%\">\n<p>   <strong>Beneficiario: <\/strong>Reymundo Robert ROBLES VILLARREAL<\/p>\n\n\n\n<p> <strong>Nationalidad: <\/strong>Ecuatoriano<\/p>\n\n\n\n<p>   <strong>Edad:<\/strong> 52 a\u00f1os<\/p>\n\n\n\n<p> <strong>Direcci\u00f3n:  <\/strong>Quito<\/p>\n\n\n\n<p> <strong>Profesi\u00f3n:<\/strong> Abogado<\/p>\n<\/div>\n<\/div>\n\n\n<p><\/p>\n<p><\/p>\n<p>Robert, padre de tres hijos y abogado de profesi\u00f3n, comenz\u00f3 a experimentar problemas de visi\u00f3n a una edad temprana, pero estos problemas no fueron tratados a tiempo. Con el paso de los a\u00f1os, su visi\u00f3n ha deteriorado significativamente y, hoy en d\u00eda, a sus 52 a\u00f1os, casi ha perdido la vista. Con la esperanza de que una cirug\u00eda pudiera ayudarlo, decidimos ofrecerle nuestro apoyo.<\/p>\n<p>Gracias a la generosidad de <strong>Kevin y Barbara<\/strong>, quienes financiaron todos sus ex\u00e1menes m\u00e9dicos, pudimos obtener un diagn\u00f3stico claro. Robert sufre de <strong>miop\u00eda magna<\/strong>, tambi\u00e9n conocida como <strong>miop\u00eda degenerativa<\/strong>, una condici\u00f3n que causa una p\u00e9rdida progresiva de la visi\u00f3n debido al alargamiento excesivo del ojo. Desafortunadamente, los m\u00e9dicos nos informaron que no es posible realizar una cirug\u00eda para restaurar su visi\u00f3n.<\/p>\n<p>Sin embargo, se planea una cirug\u00eda de cataratas para este a\u00f1o, lo que podr\u00eda proporcionarle algo de alivio visual. A pesar de su visi\u00f3n muy limitada, Robert contin\u00faa trabajando como abogado para mantener a su familia.<\/p>\n<p><img loading=\"lazy\" decoding=\"async\" class=\"alignnone size-full wp-image-4880\" src=\"http:\/\/www.unpanierpournoel.com\/wp-content\/uploads\/2014\/07\/cdp_14-1_Lali_Pazmino.jpg\" alt=\"cdp_14-1_Lali_Pazmino\" width=\"800\" height=\"1074\" \/><\/p>\n<p><img loading=\"lazy\" decoding=\"async\" class=\"alignnone size-full wp-image-4882\" src=\"http:\/\/www.unpanierpournoel.com\/wp-content\/uploads\/2014\/07\/cdp13_1.Veronica.jpg\" alt=\"cdp13_1.Veronica\" width=\"800\" height=\"1055\" \/><\/p>\n<p><img loading=\"lazy\" decoding=\"async\" class=\"alignnone size-full wp-image-4883\" src=\"http:\/\/www.unpanierpournoel.com\/wp-content\/uploads\/2014\/07\/cdp13_2.jpg\" alt=\"cdp13_2\" width=\"800\" height=\"1012\" \/><\/p>\n<p><img loading=\"lazy\" decoding=\"async\" class=\"alignnone size-full wp-image-4884\" src=\"http:\/\/www.unpanierpournoel.com\/wp-content\/uploads\/2014\/07\/cdp13_3.Betty_.jpg\" alt=\"cdp13_3.Betty\" width=\"800\" height=\"1033\" \/><\/p>\n<p><img loading=\"lazy\" decoding=\"async\" class=\"alignnone size-full wp-image-4885\" src=\"http:\/\/www.unpanierpournoel.com\/wp-content\/uploads\/2014\/07\/cdp13_4.jpg\" alt=\"cdp13_4\" width=\"800\" height=\"956\" \/><\/p>\n<p><img loading=\"lazy\" decoding=\"async\" class=\"alignnone size-full wp-image-4888\" src=\"http:\/\/www.unpanierpournoel.com\/wp-content\/uploads\/2014\/07\/cdp12_1_Dayra_Rivera.jpg\" alt=\"cdp12_1_Dayra_Rivera\" width=\"800\" height=\"1023\" \/><\/p>\n<p><img loading=\"lazy\" decoding=\"async\" class=\"alignnone size-full wp-image-4891\" src=\"http:\/\/www.unpanierpournoel.com\/wp-content\/uploads\/2014\/07\/cdp12_2_Lucia_Johanna.jpg\" alt=\"cdp12_2_Lucia_Johanna\" width=\"800\" height=\"968\" \/><\/p>\n<p><img loading=\"lazy\" decoding=\"async\" class=\"alignnone size-full wp-image-4892\" src=\"http:\/\/www.unpanierpournoel.com\/wp-content\/uploads\/2014\/07\/cdp12_3_Carla_et_Saraa.jpg\" alt=\"cdp12_3_Carla_et_Saraa\" width=\"800\" height=\"1026\" \/><\/p>\n<p><img loading=\"lazy\" decoding=\"async\" class=\"alignnone size-full wp-image-4893\" src=\"http:\/\/www.unpanierpournoel.com\/wp-content\/uploads\/2014\/07\/cdp11_1_MiguelAngel.jpg\" alt=\"cdp11_1_MiguelAngel\" width=\"800\" height=\"1049\" \/><img loading=\"lazy\" decoding=\"async\" class=\"alignnone size-full wp-image-4917\" src=\"http:\/\/www.unpanierpournoel.com\/wp-content\/uploads\/2014\/07\/cdp08_1_Enrique_es.jpg\" alt=\"\" width=\"800\" height=\"912\" \/><\/p>\n<p><img loading=\"lazy\" decoding=\"async\" class=\"alignnone size-full wp-image-4915\" src=\"http:\/\/www.unpanierpournoel.com\/wp-content\/uploads\/2014\/07\/cdp08_2_Kevin_es.jpg\" alt=\"\" width=\"800\" height=\"1074\" \/><\/p>\n<p><img loading=\"lazy\" decoding=\"async\" class=\"alignnone size-full wp-image-4913\" src=\"http:\/\/www.unpanierpournoel.com\/wp-content\/uploads\/2014\/07\/cdp08_2_Sims_es.jpg\" alt=\"\" width=\"800\" height=\"1065\" \/><\/p>\n<p><img loading=\"lazy\" decoding=\"async\" class=\"alignnone size-full wp-image-4912\" src=\"http:\/\/www.unpanierpournoel.com\/wp-content\/uploads\/2014\/07\/cdp08_3_Mariana_es.jpg\" alt=\"\" width=\"800\" height=\"1052\" \/><\/p>\n<p><img loading=\"lazy\" decoding=\"async\" class=\"alignnone size-full wp-image-4910\" src=\"http:\/\/www.unpanierpournoel.com\/wp-content\/uploads\/2014\/07\/cdp08_4_Miguel_es.jpg\" alt=\"\" width=\"800\" height=\"996\" \/><\/p>\n<p><img loading=\"lazy\" decoding=\"async\" class=\"alignnone size-full wp-image-4909\" src=\"http:\/\/www.unpanierpournoel.com\/wp-content\/uploads\/2014\/07\/cdp08_5_Yvonne_es.jpg\" alt=\"\" width=\"800\" height=\"1029\" \/><br \/><\/p>","protected":false},"excerpt":{"rendered":"<p>Beneficiario: Liliana Elizabeth CEBALLOS SALCEDO Nationalidad: Ecuatoriana Edad: 49 a\u00f1os Direcci\u00f3n: Santo Domingo de los Ts\u00e1chilas Profesi\u00f3n: Quehaceres Dom\u00e9sticos Liliana trabajaba vendiendo pescado en el mercado, donde era explotada y muchas veces ni siquiera recib\u00eda el pago por su trabajo. Gracias a la generosidad de Barbara y Kevin Smith, hemos podido adquirir un triciclo que &hellip; <\/p>\n<p class=\"link-more\"><a href=\"https:\/\/unpanierpournoel.com\/es\/le-coup-de-pouce\/\" class=\"more-link\">Continuar leyendo<span class=\"screen-reader-text\"> \u00abPROYECTOS DE DESARROLLO SOSTENIBLE \u00abCOUPS DE POUCE\u00bb\u00bb<\/span><\/a><\/p>\n","protected":false},"author":1,"featured_media":0,"parent":0,"menu_order":0,"comment_status":"closed","ping_status":"open","template":"","meta":{"footnotes":""},"_links":{"self":[{"href":"https:\/\/unpanierpournoel.com\/es\/wp-json\/wp\/v2\/pages\/20"}],"collection":[{"href":"https:\/\/unpanierpournoel.com\/es\/wp-json\/wp\/v2\/pages"}],"about":[{"href":"https:\/\/unpanierpournoel.com\/es\/wp-json\/wp\/v2\/types\/page"}],"author":[{"embeddable":true,"href":"https:\/\/unpanierpournoel.com\/es\/wp-json\/wp\/v2\/users\/1"}],"replies":[{"embeddable":true,"href":"https:\/\/unpanierpournoel.com\/es\/wp-json\/wp\/v2\/comments?post=20"}],"version-history":[{"count":6,"href":"https:\/\/unpanierpournoel.com\/es\/wp-json\/wp\/v2\/pages\/20\/revisions"}],"predecessor-version":[{"id":13650,"href":"https:\/\/unpanierpournoel.com\/es\/wp-json\/wp\/v2\/pages\/20\/revisions\/13650"}],"wp:attachment":[{"href":"https:\/\/unpanierpournoel.com\/es\/wp-json\/wp\/v2\/media?parent=20"}],"curies":[{"name":"wp","href":"https:\/\/api.w.org\/{rel}","templated":true}]}}