{"id":139,"date":"2013-11-21T16:27:13","date_gmt":"2013-11-21T15:27:13","guid":{"rendered":"http:\/\/mikymigs.com\/panierpournoel\/?page_id=139"},"modified":"2026-02-26T17:27:09","modified_gmt":"2026-02-26T16:27:09","slug":"le-team","status":"publish","type":"page","link":"https:\/\/unpanierpournoel.com\/es\/le-team\/","title":{"rendered":"Contacto"},"content":{"rendered":"<p>Puede escribirnos a uppnoel@gmail.com\u00a0o simplemente llenar el formulario de contacto<\/p>\n<table border=\"0\" width=\"110%\" cellspacing=\"0\" cellpadding=\"0\">\n<tbody>\n<tr>\n<td valign=\"top\" width=\"200\"><img loading=\"lazy\" decoding=\"async\" class=\"alignright wp-image-7041 size-full\" src=\"https:\/\/unpanierpournoel.com\/wp-content\/uploads\/2019\/05\/vincent.jpg\" alt=\"\" width=\"142\" height=\"166\" \/><\/td>\n<td valign=\"top\" width=\"40\">\u00a0<\/td>\n<td valign=\"center\" width=\"250\">Vincent ROULIN<br \/>Miembro fundador<\/td>\n<\/tr>\n<tr>\n<td valign=\"top\" width=\"200\"><img loading=\"lazy\" decoding=\"async\" class=\"wp-image-7897 size-full alignright\" src=\"https:\/\/unpanierpournoel.com\/wp-content\/uploads\/2019\/11\/Kelly-copy.jpg\" alt=\"\" width=\"142\" height=\"166\" \/><\/td>\n<td valign=\"top\" width=\"40\">\u00a0<\/td>\n<td valign=\"center\" width=\"250\">Kelly ROULIN<br \/>Miembro fundadora<\/td>\n<\/tr>\n<tr>\n<td valign=\"top\" width=\"200\"><img loading=\"lazy\" decoding=\"async\" class=\"alignright size-full wp-image-2013\" src=\"http:\/\/www.unpanierpournoel.com\/wp-content\/uploads\/2014\/07\/bety.jpg\" alt=\"bety\" width=\"150\" height=\"177\" \/><\/td>\n<td valign=\"top\" width=\"40\">\u00a0<\/td>\n<td valign=\"center\" width=\"250\">Bety ZUODAR<br \/>Miembro fundadora<\/td>\n<\/tr>\n<tr>\n<td valign=\"top\" width=\"200\"><img loading=\"lazy\" decoding=\"async\" class=\"wp-image-7961 size-thumbnail alignright\" src=\"https:\/\/unpanierpournoel.com\/wp-content\/uploads\/2020\/04\/Alexia-Bertoli-150x150.jpg\" alt=\"\" width=\"150\" height=\"150\" srcset=\"https:\/\/unpanierpournoel.com\/wp-content\/uploads\/2020\/04\/Alexia-Bertoli-150x150.jpg 150w, https:\/\/unpanierpournoel.com\/wp-content\/uploads\/2020\/04\/Alexia-Bertoli-250x250.jpg 250w, https:\/\/unpanierpournoel.com\/wp-content\/uploads\/2020\/04\/Alexia-Bertoli-100x100.jpg 100w, https:\/\/unpanierpournoel.com\/wp-content\/uploads\/2020\/04\/Alexia-Bertoli-350x348.jpg 350w, https:\/\/unpanierpournoel.com\/wp-content\/uploads\/2020\/04\/Alexia-Bertoli-300x298.jpg 300w, https:\/\/unpanierpournoel.com\/wp-content\/uploads\/2020\/04\/Alexia-Bertoli.jpg 600w\" sizes=\"(max-width: 150px) 100vw, 150px\" \/><\/td>\n<td valign=\"top\" width=\"40\">\u00a0<\/td>\n<td valign=\"center\" width=\"250\">\n<p>Alexia BERTOLI<br \/><a href=\"http:\/\/www.abexpert.ch\">ABExpert Fiduciaire S\u00e0rl<\/a><\/p>\n<p>Para las cuentas de la asociaci\u00f3n<\/p>\n<\/td>\n<\/tr>\n<tr>\n<td valign=\"top\" width=\"200\"><img loading=\"lazy\" decoding=\"async\" class=\"alignright size-full wp-image-2017\" src=\"http:\/\/www.unpanierpournoel.com\/wp-content\/uploads\/2014\/07\/Thierry-Jaccard.jpg\" alt=\"Thierry Jaccard\" width=\"150\" height=\"183\" \/><\/td>\n<td valign=\"top\" width=\"40\">\u00a0<\/td>\n<td valign=\"center\" width=\"250\">Thierry JACCARD \/ <a href=\"http:\/\/www.cofirev.ch\/\" target=\"_blank\" rel=\"noopener noreferrer\">Fiduciaria CofiRev<\/a><br \/>Revisor<\/td>\n<\/tr>\n<tr>\n<td valign=\"top\" width=\"200\"><img loading=\"lazy\" decoding=\"async\" class=\"alignright size-full wp-image-1970\" src=\"http:\/\/www.unpanierpournoel.com\/wp-content\/uploads\/2014\/07\/wo.picture.jpg\" alt=\"wo.picture\" width=\"150\" height=\"150\" \/><\/td>\n<td valign=\"top\" width=\"40\">\u00a0<\/td>\n<td valign=\"center\" width=\"250\">Angela RECCHIA<br \/>Revisora<\/td>\n<\/tr>\n<tr>\n<td valign=\"top\" width=\"200\"><img loading=\"lazy\" decoding=\"async\" class=\"alignright size-full wp-image-2018\" src=\"http:\/\/www.unpanierpournoel.com\/wp-content\/uploads\/2014\/07\/miguel.jpg\" alt=\"miguel\" width=\"150\" height=\"180\" \/><\/td>\n<td valign=\"top\" width=\"40\">\u00a0<\/td>\n<td valign=\"center\" width=\"250\">Miguel VERGARA<br \/>Representante de la Asociaci\u00f3n en Ecuador<\/td>\n<\/tr>\n<tr>\n<td valign=\"top\" width=\"200\"><img loading=\"lazy\" decoding=\"async\" class=\"wp-image-10847 alignright\" src=\"https:\/\/unpanierpournoel.com\/wp-content\/uploads\/2023\/07\/20230205_154318-219x300.jpg\" alt=\"\" width=\"154\" height=\"211\" srcset=\"https:\/\/unpanierpournoel.com\/wp-content\/uploads\/2023\/07\/20230205_154318-219x300.jpg 219w, https:\/\/unpanierpournoel.com\/wp-content\/uploads\/2023\/07\/20230205_154318-350x480.jpg 350w, https:\/\/unpanierpournoel.com\/wp-content\/uploads\/2023\/07\/20230205_154318-746x1024.jpg 746w, https:\/\/unpanierpournoel.com\/wp-content\/uploads\/2023\/07\/20230205_154318-768x1054.jpg 768w, https:\/\/unpanierpournoel.com\/wp-content\/uploads\/2023\/07\/20230205_154318-1119x1536.jpg 1119w, https:\/\/unpanierpournoel.com\/wp-content\/uploads\/2023\/07\/20230205_154318.jpg 1327w\" sizes=\"(max-width: 154px) 100vw, 154px\" \/><\/td>\n<td valign=\"top\" width=\"40\">\u00a0<\/td>\n<td valign=\"center\" width=\"250\">Rosita Romero<br \/>Secretaria<\/td>\n<\/tr>\n<tr>\n<td valign=\"top\" width=\"200\">\u00a0<\/td>\n<td valign=\"top\" width=\"40\">\u00a0<\/td>\n<td valign=\"center\" width=\"250\">\u00a0<\/td>\n<\/tr>\n<\/tbody>\n<\/table>\n<p><\/p>\n\n\n\n<p><\/p>\n\n\n\n<p><\/p>\n\n\n\n<h2 class=\"wp-block-heading\">Cont\u00e1ctanos<\/h2>\n\n\n\n<p>Si tienes alguna pregunta, comentario o sugerencia, puedes contactarnos en cualquier momento rellenando este formulario. Te responderemos lo antes posible. Adem\u00e1s, buscamos voluntarios durante todo el a\u00f1o para las diversas actividades de la asociaci\u00f3n en Suiza y Ecuador. No dudes en contactarnos si quieres colaborar como voluntario; te necesitamos.<\/p>\n\n\n\n<style id=\"wpforms-css-vars-13739\">\n\t\t\t\t#wpforms-13739 {\n\t\t\t\t--wpforms-container-padding: 0px;\n--wpforms-container-border-width: 1px;\n--wpforms-container-border-radius: 3px;\n--wpforms-background-color: rgba(0, 0, 0, 0);\n--wpforms-field-size-input-height: 43px;\n--wpforms-field-size-input-spacing: 15px;\n--wpforms-field-size-font-size: 16px;\n--wpforms-field-size-line-height: 19px;\n--wpforms-field-size-padding-h: 14px;\n--wpforms-field-size-checkbox-size: 16px;\n--wpforms-field-size-sublabel-spacing: 5px;\n--wpforms-field-size-icon-size: 1;\n--wpforms-label-size-font-size: 16px;\n--wpforms-label-size-line-height: 19px;\n--wpforms-label-size-sublabel-font-size: 14px;\n--wpforms-label-size-sublabel-line-height: 17px;\n--wpforms-button-size-font-size: 17px;\n--wpforms-button-size-height: 41px;\n--wpforms-button-size-padding-h: 15px;\n--wpforms-button-size-margin-top: 10px;\n--wpforms-container-shadow-size-box-shadow: none;\n\t\t\t}\n\t\t\t<\/style><div class=\"wpforms-container wpforms-container-full wpforms-render-modern\" id=\"wpforms-13739\"><form id=\"wpforms-form-13739\" class=\"wpforms-validate wpforms-form wpforms-ajax-form\" data-formid=\"13739\" method=\"post\" enctype=\"multipart\/form-data\" action=\"\/es\/wp-json\/wp\/v2\/pages\/139\" data-token=\"5dae75c4df2067eec0ee6b99bb94421b\" data-token-time=\"1775964455\"><noscript class=\"wpforms-error-noscript\">Por favor, activa JavaScript en tu navegador para completar este formulario.<\/noscript><div id=\"wpforms-error-noscript\" style=\"display: none;\">Por favor, activa JavaScript en tu navegador para completar este formulario.<\/div><div class=\"wpforms-field-container\"><div id=\"wpforms-13739-field_1-container\" class=\"wpforms-field wpforms-field-name\" data-field-id=\"1\"><label class=\"wpforms-field-label\" for=\"wpforms-13739-field_1\">Nombre <span class=\"wpforms-required-label\" aria-hidden=\"true\">*<\/span><\/label><input type=\"text\" id=\"wpforms-13739-field_1\" class=\"wpforms-field-medium wpforms-field-required\" name=\"wpforms[fields][1]\" aria-errormessage=\"wpforms-13739-field_1-error\" required><\/div><div id=\"wpforms-13739-field_2-container\" class=\"wpforms-field wpforms-field-email\" data-field-id=\"2\"><label class=\"wpforms-field-label\" for=\"wpforms-13739-field_2\">E-mail <span class=\"wpforms-required-label\" aria-hidden=\"true\">*<\/span><\/label><input type=\"email\" id=\"wpforms-13739-field_2\" class=\"wpforms-field-medium wpforms-field-required\" name=\"wpforms[fields][2]\" spellcheck=\"false\" aria-errormessage=\"wpforms-13739-field_2-error\" required><\/div>\t\t<div id=\"wpforms-13739-field_4-container\"\n\t\t\tclass=\"wpforms-field wpforms-field-text\"\n\t\t\tdata-field-type=\"text\"\n\t\t\tdata-field-id=\"4\"\n\t\t\t>\n\t\t\t<label class=\"wpforms-field-label\" for=\"wpforms-13739-field_4\" >Mensaje E-mail Nombre<\/label>\n\t\t\t<input type=\"text\" id=\"wpforms-13739-field_4\" class=\"wpforms-field-medium\" name=\"wpforms[fields][4]\" >\n\t\t<\/div>\n\t\t<div id=\"wpforms-13739-field_5-container\" class=\"wpforms-field wpforms-field-text\" data-field-id=\"5\"><label class=\"wpforms-field-label\" for=\"wpforms-13739-field_5\">Tema <span class=\"wpforms-required-label\" aria-hidden=\"true\">*<\/span><\/label><input type=\"text\" id=\"wpforms-13739-field_5\" class=\"wpforms-field-medium wpforms-field-required\" name=\"wpforms[fields][5]\" aria-errormessage=\"wpforms-13739-field_5-error\" required><\/div><div id=\"wpforms-13739-field_3-container\" class=\"wpforms-field wpforms-field-textarea\" data-field-id=\"3\"><label class=\"wpforms-field-label\" for=\"wpforms-13739-field_3\">Mensaje <span class=\"wpforms-required-label\" aria-hidden=\"true\">*<\/span><\/label><textarea id=\"wpforms-13739-field_3\" class=\"wpforms-field-medium wpforms-field-required\" name=\"wpforms[fields][3]\" aria-errormessage=\"wpforms-13739-field_3-error\" required><\/textarea><\/div><script>\n\t\t\t\t( function() {\n\t\t\t\t\tconst style = document.createElement( 'style' );\n\t\t\t\t\tstyle.appendChild( document.createTextNode( '#wpforms-13724-field_4-container,#wpforms-13733-field_4-container,#wpforms-13739-field_4-container { position: absolute !important; overflow: hidden !important; display: inline !important; height: 1px !important; width: 1px !important; z-index: -1000 !important; padding: 0 !important; } #wpforms-13724-field_4-container,#wpforms-13733-field_4-container,#wpforms-13739-field_4-container input { visibility: hidden; } #wpforms-conversational-form-page #wpforms-13724-field_4-container,#wpforms-13733-field_4-container,#wpforms-13739-field_4-container label { counter-increment: none; }' ) );\n\t\t\t\t\tdocument.head.appendChild( style );\n\t\t\t\t\tdocument.currentScript?.remove();\n\t\t\t\t} )();\n\t\t\t<\/script><\/div><!-- .wpforms-field-container --><div class=\"wpforms-submit-container\" ><input type=\"hidden\" name=\"wpforms[id]\" value=\"13739\"><input type=\"hidden\" name=\"page_title\" value=\"\"><input type=\"hidden\" name=\"page_url\" value=\"https:\/\/unpanierpournoel.com\/es\/wp-json\/wp\/v2\/pages\/139\"><input type=\"hidden\" name=\"url_referer\" value=\"\"><button type=\"submit\" name=\"wpforms[submit]\" id=\"wpforms-submit-13739\" class=\"wpforms-submit\" data-alt-text=\"Envoi...\" data-submit-text=\"Envoyer\" aria-live=\"assertive\" value=\"wpforms-submit\">Envoyer<\/button><img loading=\"lazy\" decoding=\"async\" src=\"https:\/\/unpanierpournoel.com\/wp-content\/plugins\/wpforms-lite\/assets\/images\/submit-spin.svg\" class=\"wpforms-submit-spinner\" style=\"display: none;\" width=\"26\" height=\"26\" alt=\"Cargando\"><\/div><\/form><\/div>  <!-- .wpforms-container -->\n\n\n\n<p><\/p>","protected":false},"excerpt":{"rendered":"<p>Puede escribirnos a uppnoel@gmail.com\u00a0o simplemente llenar el formulario de contacto \u00a0 Vincent ROULINMiembro fundador \u00a0 Kelly ROULINMiembro fundadora \u00a0 Bety ZUODARMiembro fundadora \u00a0 Alexia BERTOLIABExpert Fiduciaire S\u00e0rl Para las cuentas de la asociaci\u00f3n \u00a0 Thierry JACCARD \/ Fiduciaria CofiRevRevisor \u00a0 Angela RECCHIARevisora \u00a0 Miguel VERGARARepresentante de la Asociaci\u00f3n en Ecuador \u00a0 Rosita RomeroSecretaria \u00a0 \u00a0 &hellip; <\/p>\n<p class=\"link-more\"><a href=\"https:\/\/unpanierpournoel.com\/es\/le-team\/\" class=\"more-link\">Continuar leyendo<span class=\"screen-reader-text\"> \u00abContacto\u00bb<\/span><\/a><\/p>\n","protected":false},"author":1,"featured_media":0,"parent":0,"menu_order":0,"comment_status":"closed","ping_status":"open","template":"","meta":{"footnotes":""},"_links":{"self":[{"href":"https:\/\/unpanierpournoel.com\/es\/wp-json\/wp\/v2\/pages\/139"}],"collection":[{"href":"https:\/\/unpanierpournoel.com\/es\/wp-json\/wp\/v2\/pages"}],"about":[{"href":"https:\/\/unpanierpournoel.com\/es\/wp-json\/wp\/v2\/types\/page"}],"author":[{"embeddable":true,"href":"https:\/\/unpanierpournoel.com\/es\/wp-json\/wp\/v2\/users\/1"}],"replies":[{"embeddable":true,"href":"https:\/\/unpanierpournoel.com\/es\/wp-json\/wp\/v2\/comments?post=139"}],"version-history":[{"count":18,"href":"https:\/\/unpanierpournoel.com\/es\/wp-json\/wp\/v2\/pages\/139\/revisions"}],"predecessor-version":[{"id":13752,"href":"https:\/\/unpanierpournoel.com\/es\/wp-json\/wp\/v2\/pages\/139\/revisions\/13752"}],"wp:attachment":[{"href":"https:\/\/unpanierpournoel.com\/es\/wp-json\/wp\/v2\/media?parent=139"}],"curies":[{"name":"wp","href":"https:\/\/api.w.org\/{rel}","templated":true}]}}