{"id":13678,"date":"2025-12-01T20:07:01","date_gmt":"2025-12-01T19:07:01","guid":{"rendered":"https:\/\/unpanierpournoel.com\/?page_id=13678"},"modified":"2025-12-12T01:59:02","modified_gmt":"2025-12-12T00:59:02","slug":"carte-de-noel-2025","status":"publish","type":"page","link":"https:\/\/unpanierpournoel.com\/es\/carte-de-noel-2025\/","title":{"rendered":"Tarjeta de Navidad 2025"},"content":{"rendered":"<figure class=\"wp-block-image size-full is-resized\"><img loading=\"lazy\" decoding=\"async\" width=\"1024\" height=\"357\" src=\"https:\/\/unpanierpournoel.com\/wp-content\/uploads\/2023\/08\/image-1.jpeg\" alt=\"L\u2019attribut alt de cette image est vide, son nom de fichier est logo_highresolution-2-1024x357.jpg.\" class=\"wp-image-11137\" style=\"width:670px;height:auto\" srcset=\"https:\/\/unpanierpournoel.com\/wp-content\/uploads\/2023\/08\/image-1.jpeg 1024w, https:\/\/unpanierpournoel.com\/wp-content\/uploads\/2023\/08\/image-1-350x122.jpeg 350w, https:\/\/unpanierpournoel.com\/wp-content\/uploads\/2023\/08\/image-1-300x105.jpeg 300w, https:\/\/unpanierpournoel.com\/wp-content\/uploads\/2023\/08\/image-1-768x268.jpeg 768w\" sizes=\"(max-width: 767px) 89vw, (max-width: 1000px) 54vw, (max-width: 1071px) 543px, 580px\" \/><\/figure>\n\n\n\n<p><\/strong><\/p>\n\n\n\n<p><\/strong><\/p>\n\n\n\n<p><\/p>\n\n\n\n<p class=\"has-text-align-center has-medium-font-size\">\u2728&nbsp;<strong>\u00a1Feliz Navidad!<\/strong><br>Que el Nuevo A\u00f1o te traiga impulso, alegr\u00eda y esa peque\u00f1a chispa de locura que te lleve a\u00fan m\u00e1s lejos.<br>Que cada d\u00eda te inspire, te sostenga y te recuerde todo lo maravilloso que puedes lograr. \ud83c\udf1f<strong><\/strong><\/p>\n\n\n\n<figure class=\"wp-block-image size-large\"><img loading=\"lazy\" decoding=\"async\" width=\"1024\" height=\"732\" src=\"https:\/\/unpanierpournoel.com\/wp-content\/uploads\/2025\/12\/CarteNoel-1024x732.png\" alt=\"\" class=\"wp-image-13707\" srcset=\"https:\/\/unpanierpournoel.com\/wp-content\/uploads\/2025\/12\/CarteNoel-1024x732.png 1024w, https:\/\/unpanierpournoel.com\/wp-content\/uploads\/2025\/12\/CarteNoel-300x214.png 300w, https:\/\/unpanierpournoel.com\/wp-content\/uploads\/2025\/12\/CarteNoel-768x549.png 768w, https:\/\/unpanierpournoel.com\/wp-content\/uploads\/2025\/12\/CarteNoel-1536x1098.png 1536w, https:\/\/unpanierpournoel.com\/wp-content\/uploads\/2025\/12\/CarteNoel-2048x1464.png 2048w, https:\/\/unpanierpournoel.com\/wp-content\/uploads\/2025\/12\/CarteNoel-350x250.png 350w\" sizes=\"(max-width: 767px) 89vw, (max-width: 1000px) 54vw, (max-width: 1071px) 543px, 580px\" \/><\/figure>\n\n\n\n<p><\/p>\n\n\n\n<p><\/p>\n\n\n\n<p><\/p>\n\n\n\n<blockquote class=\"wp-block-quote has-text-align-right has-black-color has-luminous-dusk-gradient-background has-text-color has-background is-layout-flow wp-block-quote-is-layout-flow\" style=\"font-style:italic;font-weight:100\">\n<p class=\"has-text-align-center has-medium-font-size\">\u00a1El futuro depende de lo que hagas hoy!<\/p>\n<cite>Gandhi <\/cite><\/blockquote>\n\n\n\n<p><\/p>\n\n\n\n<p><\/p>\n\n\n\n<p><\/p>\n\n\n\n<p><\/p>\n\n\n\n<p class=\"has-text-align-center\">\ud83e\udd32 Haz un regalo con sentido esta Navidad 2025: <strong>apadrina una familia con CHF20.-!<\/strong><\/p>\n\n\n<div class=\"wp-block-image\">\n<figure class=\"aligncenter size-full\"><img loading=\"lazy\" decoding=\"async\" width=\"242\" height=\"134\" src=\"https:\/\/unpanierpournoel.com\/wp-content\/uploads\/2021\/06\/hacer-une-donacion.jpg\" alt=\"\" class=\"wp-image-8466\"\/><\/figure><\/div>\n\n\n<p class=\"has-text-align-center\">&nbsp;La asociaci\u00f3n est\u00e1 reconocida como de utilidad p\u00fablica; por ello, <strong>todas sus donaciones son deducibles de impuestos en Suiza<\/strong> cuando el total de las aportaciones realizadas durante el a\u00f1o alcanza <strong>un m\u00ednimo de CHF 100<\/strong>.\u2013. Se le entregar\u00e1 un certificado oficial para su declaraci\u00f3n de impuestos<\/p>\n\n\n\n<p class=\"has-text-align-center\">Es posible de seguirnos por<mark style=\"background-color:rgba(0, 0, 0, 0)\" class=\"has-inline-color has-vivid-green-cyan-color\"> <\/mark><strong><a href=\"https:\/\/www.facebook.com\/asso.uppn\/\" data-type=\"URL\" data-id=\"https:\/\/www.facebook.com\/asso.uppn\/\" target=\"_blank\" rel=\"noreferrer noopener\"><mark style=\"background-color:rgba(0, 0, 0, 0)\" class=\"has-inline-color has-vivid-cyan-blue-color\">Faceboo<\/mark><\/a><a href=\"https:\/\/www.facebook.com\/asso.uppn\/\" data-type=\"URL\" data-id=\"https:\/\/www.facebook.com\/asso.uppn\/\"><mark style=\"background-color:rgba(0, 0, 0, 0)\" class=\"has-inline-color has-vivid-cyan-blue-color\">k<\/mark><\/a><\/strong><\/p>\n\n\n\n<div class=\"wp-block-group is-nowrap is-layout-flex wp-container-core-group-is-layout-3 wp-block-group-is-layout-flex\">\n<p class=\"has-text-align-center has-black-color has-text-color has-medium-font-size wp-container-content-3\"><strong>Para cualquier otra informaci\u00f3n, puede visitar nuestro sitio web:<\/strong><\/p>\n<\/div>\n\n\n\n<p class=\"has-text-align-center has-vivid-cyan-blue-color has-text-color\"><strong><a href=\"https:\/\/unpanierpournoel.com\" data-type=\"URL\" data-id=\"https:\/\/unpanierpournoel.com\" target=\"_blank\" rel=\"noreferrer noopener\"><mark style=\"background-color:rgba(0, 0, 0, 0)\" class=\"has-inline-color has-vivid-cyan-blue-color\">www.unpanierpournoel.com<\/mark><\/a><\/strong><\/p>\n\n\n\n<p><\/p>\n\n\n\n<figure class=\"wp-block-image size-large\"><img loading=\"lazy\" decoding=\"async\" width=\"1024\" height=\"140\" src=\"https:\/\/unpanierpournoel.com\/wp-content\/uploads\/2021\/06\/image2-1024x140.jpg\" alt=\"\" class=\"wp-image-8382\" srcset=\"https:\/\/unpanierpournoel.com\/wp-content\/uploads\/2021\/06\/image2-1024x140.jpg 1024w, https:\/\/unpanierpournoel.com\/wp-content\/uploads\/2021\/06\/image2-350x48.jpg 350w, https:\/\/unpanierpournoel.com\/wp-content\/uploads\/2021\/06\/image2-300x41.jpg 300w, https:\/\/unpanierpournoel.com\/wp-content\/uploads\/2021\/06\/image2-768x105.jpg 768w, https:\/\/unpanierpournoel.com\/wp-content\/uploads\/2021\/06\/image2.jpg 1488w\" sizes=\"(max-width: 767px) 89vw, (max-width: 1000px) 54vw, (max-width: 1071px) 543px, 580px\" \/><\/figure>","protected":false},"excerpt":{"rendered":"<p>\u2728&nbsp;\u00a1Feliz Navidad!Que el Nuevo A\u00f1o te traiga impulso, alegr\u00eda y esa peque\u00f1a chispa de locura que te lleve a\u00fan m\u00e1s lejos.Que cada d\u00eda te inspire, te sostenga y te recuerde todo lo maravilloso que puedes lograr. \ud83c\udf1f \u00a1El futuro depende de lo que hagas hoy! Gandhi \ud83e\udd32 Haz un regalo con sentido esta Navidad 2025: &hellip; <\/p>\n<p class=\"link-more\"><a href=\"https:\/\/unpanierpournoel.com\/es\/carte-de-noel-2025\/\" class=\"more-link\">Continuar leyendo<span class=\"screen-reader-text\"> \u00abTarjeta de Navidad 2025\u00bb<\/span><\/a><\/p>\n","protected":false},"author":3,"featured_media":0,"parent":0,"menu_order":0,"comment_status":"closed","ping_status":"closed","template":"","meta":{"footnotes":""},"_links":{"self":[{"href":"https:\/\/unpanierpournoel.com\/es\/wp-json\/wp\/v2\/pages\/13678"}],"collection":[{"href":"https:\/\/unpanierpournoel.com\/es\/wp-json\/wp\/v2\/pages"}],"about":[{"href":"https:\/\/unpanierpournoel.com\/es\/wp-json\/wp\/v2\/types\/page"}],"author":[{"embeddable":true,"href":"https:\/\/unpanierpournoel.com\/es\/wp-json\/wp\/v2\/users\/3"}],"replies":[{"embeddable":true,"href":"https:\/\/unpanierpournoel.com\/es\/wp-json\/wp\/v2\/comments?post=13678"}],"version-history":[{"count":21,"href":"https:\/\/unpanierpournoel.com\/es\/wp-json\/wp\/v2\/pages\/13678\/revisions"}],"predecessor-version":[{"id":13717,"href":"https:\/\/unpanierpournoel.com\/es\/wp-json\/wp\/v2\/pages\/13678\/revisions\/13717"}],"wp:attachment":[{"href":"https:\/\/unpanierpournoel.com\/es\/wp-json\/wp\/v2\/media?parent=13678"}],"curies":[{"name":"wp","href":"https:\/\/api.w.org\/{rel}","templated":true}]}}