{"id":13446,"date":"2025-11-19T19:44:33","date_gmt":"2025-11-19T18:44:33","guid":{"rendered":"https:\/\/unpanierpournoel.com\/?page_id=13446"},"modified":"2025-11-24T19:48:30","modified_gmt":"2025-11-24T18:48:30","slug":"newsletter-novembre-2025","status":"publish","type":"page","link":"https:\/\/unpanierpournoel.com\/es\/newsletter-novembre-2025\/","title":{"rendered":"Newsletter de Noviembre 2025"},"content":{"rendered":"<div class=\"wp-block-image\">\n<figure class=\"alignright size-large is-resized\"><img loading=\"lazy\" decoding=\"async\" width=\"1024\" height=\"357\" src=\"https:\/\/unpanierpournoel.com\/wp-content\/uploads\/2022\/10\/logo_highresolution-2-1024x357.jpg\" alt=\"\" class=\"wp-image-9178\" style=\"width:748px;height:auto\" srcset=\"https:\/\/unpanierpournoel.com\/wp-content\/uploads\/2022\/10\/logo_highresolution-2-1024x357.jpg 1024w, https:\/\/unpanierpournoel.com\/wp-content\/uploads\/2022\/10\/logo_highresolution-2-scaled-350x122.jpg 350w, https:\/\/unpanierpournoel.com\/wp-content\/uploads\/2022\/10\/logo_highresolution-2-300x105.jpg 300w, https:\/\/unpanierpournoel.com\/wp-content\/uploads\/2022\/10\/logo_highresolution-2-768x268.jpg 768w, https:\/\/unpanierpournoel.com\/wp-content\/uploads\/2022\/10\/logo_highresolution-2-1536x536.jpg 1536w, https:\/\/unpanierpournoel.com\/wp-content\/uploads\/2022\/10\/logo_highresolution-2-2048x714.jpg 2048w\" sizes=\"(max-width: 767px) 89vw, (max-width: 1000px) 54vw, (max-width: 1071px) 543px, 580px\" \/><\/figure><\/div>\n\n\n<p><\/p>\n\n\n\n<p class=\"has-text-align-right has-vivid-purple-color has-text-color has-link-color has-large-font-size wp-elements-69fbd2f032fbd257358a71400a31e80a\"><strong><mark style=\"background-color:rgba(0, 0, 0, 0)\" class=\"has-inline-color has-vivid-purple-color\">Newsletter de Noviembre 2025<\/mark><\/strong><\/p>\n\n\n\n<p><\/p>\n\n\n<div class=\"wp-block-image\">\n<figure class=\"alignright size-full is-resized\"><img loading=\"lazy\" decoding=\"async\" width=\"512\" height=\"614\" src=\"https:\/\/unpanierpournoel.com\/wp-content\/uploads\/2022\/10\/icon-2.png\" alt=\"\" class=\"wp-image-9223\" style=\"width:81px;height:98px\" srcset=\"https:\/\/unpanierpournoel.com\/wp-content\/uploads\/2022\/10\/icon-2.png 512w, https:\/\/unpanierpournoel.com\/wp-content\/uploads\/2022\/10\/icon-2-350x420.png 350w, https:\/\/unpanierpournoel.com\/wp-content\/uploads\/2022\/10\/icon-2-250x300.png 250w\" sizes=\"(max-width: 512px) 100vw, 512px\" \/><\/figure><\/div>\n\n<div class=\"wp-block-image\">\n<figure class=\"alignright size-full is-resized\"><img loading=\"lazy\" decoding=\"async\" width=\"512\" height=\"614\" src=\"https:\/\/unpanierpournoel.com\/wp-content\/uploads\/2022\/10\/icon-2.png\" alt=\"\" class=\"wp-image-9223\" style=\"aspect-ratio:0.826530612244898;width:20px;height:auto\" srcset=\"https:\/\/unpanierpournoel.com\/wp-content\/uploads\/2022\/10\/icon-2.png 512w, https:\/\/unpanierpournoel.com\/wp-content\/uploads\/2022\/10\/icon-2-350x420.png 350w, https:\/\/unpanierpournoel.com\/wp-content\/uploads\/2022\/10\/icon-2-250x300.png 250w\" sizes=\"(max-width: 512px) 100vw, 512px\" \/><\/figure><\/div>\n\n\n<p><\/h3>\n\n\n\n<p><strong><\/strong><\/p>\n\n\n\n<p><strong>Queridos amigos y queridas amigas,<\/strong><\/p>\n\n\n<div class=\"wp-block-image\">\n<figure class=\"alignright size-full is-resized\"><img loading=\"lazy\" decoding=\"async\" width=\"512\" height=\"614\" src=\"https:\/\/unpanierpournoel.com\/wp-content\/uploads\/2022\/10\/icon-2.png\" alt=\"\" class=\"wp-image-9223\" style=\"width:81px;height:98px\" srcset=\"https:\/\/unpanierpournoel.com\/wp-content\/uploads\/2022\/10\/icon-2.png 512w, https:\/\/unpanierpournoel.com\/wp-content\/uploads\/2022\/10\/icon-2-350x420.png 350w, https:\/\/unpanierpournoel.com\/wp-content\/uploads\/2022\/10\/icon-2-250x300.png 250w\" sizes=\"(max-width: 512px) 100vw, 512px\" \/><\/figure><\/div>\n\n<div class=\"wp-block-image\">\n<figure class=\"alignright size-full is-resized\"><img loading=\"lazy\" decoding=\"async\" width=\"512\" height=\"614\" src=\"https:\/\/unpanierpournoel.com\/wp-content\/uploads\/2022\/10\/icon-2.png\" alt=\"\" class=\"wp-image-9223\" style=\"aspect-ratio:0.826530612244898;width:20px;height:auto\" srcset=\"https:\/\/unpanierpournoel.com\/wp-content\/uploads\/2022\/10\/icon-2.png 512w, https:\/\/unpanierpournoel.com\/wp-content\/uploads\/2022\/10\/icon-2-350x420.png 350w, https:\/\/unpanierpournoel.com\/wp-content\/uploads\/2022\/10\/icon-2-250x300.png 250w\" sizes=\"(max-width: 512px) 100vw, 512px\" \/><\/figure><\/div>\n\n\n<p>P\u00f3nganse c\u00f3modos, ya sea con sus amigos, su familia, su pareja, su peque\u00f1o felino\u2026 \u00a1o simplemente con ustedes mismos! Acomp\u00e1\u00f1ense de un buen chocolate caliente, un caf\u00e9 o una infusi\u00f3n, sin olvidar unas galletitas y una manta bien calentita. \ud83d\ude09<\/p>\n\n\n\n<p>D\u00e9jense llevar con nosotros en este viaje humanitario al coraz\u00f3n de nuestras acciones en Ecuador. Disfruten de este momento de descanso\u2026 y formen parte de esta hermosa aventura solidaria. \u00a1Feliz lectura! \u2728<\/p>\n\n\n\n<blockquote class=\"wp-block-quote has-text-align-right is-style-default has-black-color has-luminous-dusk-gradient-background has-text-color has-background is-layout-flow wp-block-quote-is-layout-flow\" style=\"font-style:italic;font-weight:100\">\n<p class=\"has-text-align-center\"><strong>\u00abCada acto de bondad crea una onda de amor a tu alrededor.\u00bb<\/strong><\/p>\n<cite>An\u00f3nimo <\/cite><\/blockquote>\n\n\n\n<p><\/p>\n\n\n\n<p><\/p>\n\n\n\n<p><strong><\/p>\n\n\n\n<p><strong>Enlaces importantes:<\/strong><\/p>\n\n\n\n<p>\ud83d\udcd6 Nuestro <a href=\"https:\/\/unpanierpournoel.com\/rapport-dactivite-2024\/\"><mark style=\"background-color:rgba(0, 0, 0, 0)\" class=\"has-inline-color has-vivid-cyan-blue-color\">informe de actividades<\/mark><\/a> 2024<\/p>\n\n\n\n<p>\ud83d\udcfd\ufe0f Navidad 2024 en Quito, Ecuador \u2014 <a href=\"https:\/\/www.youtube.com\/watch?v=sQx76MViLFk&amp;t=7s\"><mark style=\"background-color:rgba(0, 0, 0, 0)\" class=\"has-inline-color has-vivid-cyan-blue-color\">en im\u00e1genes<\/mark><\/a><\/p>\n\n\n\n<p>\ud83d\udcbc <a href=\"https:\/\/unpanierpournoel.com\/18eme-exercice-social-2024-2025\/\"><mark style=\"background-color:rgba(0, 0, 0, 0)\" class=\"has-inline-color has-vivid-cyan-blue-color\">Informe financiero<\/mark><\/a> 2024  <a href=\"https:\/\/www.local.ch\/fr\/d\/lausanne\/1004\/abexpert-fiduciaire-sarl-2vQEwCumUhqc7qDzTNTV7Q\"><mark style=\"background-color:rgba(0, 0, 0, 0)\" class=\"has-inline-color has-vivid-cyan-blue-color\">ABExpert Fiduciaire S\u00e0rl<\/mark><\/a><\/p>\n\n\n\n<p>\ud83d\udcca <a href=\"https:\/\/unpanierpournoel.com\/18eme-exercice-social-2024-2025\/\"><mark style=\"background-color:rgba(0, 0, 0, 0)\" class=\"has-inline-color has-vivid-cyan-blue-color\">Auditor\u00eda<\/mark><\/a> 2024 \u2014 <a href=\"https:\/\/www.cofirev.ch\"><mark style=\"background-color:rgba(0, 0, 0, 0)\" class=\"has-inline-color has-vivid-cyan-blue-color\">Fiduciaria Cofirev<\/mark><\/a><\/p>\n\n\n\n<p>\ud83c\udf31 Proyectos de desarrollo sostenible <a href=\"http:\/\/\ud83c\udf31 Proyectos de desarrollo sostenible \u00ab Peque\u00f1os impulsos \u00bb\">\u00ab <mark style=\"background-color:rgba(0, 0, 0, 0)\" class=\"has-inline-color has-vivid-cyan-blue-color\">Peque\u00f1os impulsos<\/mark> \u00bb<\/a><\/p>\n\n\n\n<p>\ud83d\udccdNuestras <a href=\"https:\/\/unpanierpournoel.com\/index.php\/nos-adresses-coups-de-coeur\/\"><mark style=\"background-color:rgba(0, 0, 0, 0)\" class=\"has-inline-color has-vivid-cyan-blue-color\">direcciones favoritas<\/mark><\/a><\/p>\n\n\n\n<p class=\"has-text-align-center has-medium-font-size\">\ud83c\udf9f\ufe0f&nbsp;<strong>\u00a1Rifa de Navidad!<\/strong><\/p>\n\n\n\n<p>Por solo CHF 5 por boleto, apoya nuestra misi\u00f3n y ac\u00e9rcate a la magia y el esp\u00edritu de la Navidad.<\/p>\n\n\n\n<p>\ud83d\udcde +41 79 9078795<br>\u2709\ufe0f&nbsp;<a>uppnoel@gmail.com<\/a><\/p>\n\n\n\n<p>\u00bfListo(a) para probar tu suerte y compartir la magia navide\u00f1a?\ud83c\udf84 <\/p>\n\n\n\n<p class=\"has-text-align-center\">\u2764\ufe0f<\/p>\n\n\n\n<p class=\"has-text-align-center\"> <\/strong><\/p>\n\n\n\n<h3 class=\"wp-block-heading has-text-align-center\"> <\/strong><\/h3>\n\n\n\n<h3 class=\"wp-block-heading has-text-align-center\"><strong>\ud83e\udd32 Haz un regalo con sentido esta Navidad 2025: <a href=\"https:\/\/unpanierpournoel.com\/es\/dons-2\/\"><mark style=\"background-color:rgba(0, 0, 0, 0)\" class=\"has-inline-color has-vivid-cyan-blue-color\">apadrina una familia<\/mark><\/a> con CHF20.-!<\/strong> <strong> <\/strong><\/h3>\n\n\n\n<p class=\"has-text-align-center has-small-font-size\"><strong> <\/strong><\/p>\n\n\n\n<p><\/p>\n\n\n\n<p><\/p>\n\n\n\n<blockquote class=\"wp-block-quote has-text-align-right is-style-default has-black-color has-luminous-dusk-gradient-background has-text-color has-background is-layout-flow wp-block-quote-is-layout-flow\" style=\"font-style:italic;font-weight:100\">\n<p class=\"has-text-align-center\">\u00abLa generosidad no se mide por lo que damos, sino por el amor que ponemos en ese acto de dar.\u00bb<\/p>\n<cite>M\u00e8re Teresa <\/cite><\/blockquote>\n\n\n\n<p><\/p>\n\n\n\n<p class=\"has-text-align-center has-medium-font-size\"><\/p>\n\n\n\n<p class=\"has-text-align-center has-medium-font-size\"><\/p>\n\n\n\n<p class=\"has-text-align-center has-medium-font-size\">\ud83c\udf81<strong>Compartir, apoyar, transformar<\/strong><\/p>\n\n\n\n<p>Necesitamos un tel\u00e9fono m\u00f3vil y un dron para nuestras actividades en Ecuador. Si alguien tiene uno que ya no utilice, le estar\u00edamos muy agradecidos de poder recibirlo. Le daremos un excelente uso en apoyo a nuestro trabajo.<\/p>\n\n\n\n<p class=\"has-text-align-center has-medium-font-size\"><\/strong><\/p>\n\n\n\n<p class=\"has-text-align-center has-medium-font-size\"><\/p>\n\n\n\n<p class=\"has-text-align-center has-medium-font-size\">\ud83c\udf89&nbsp;<strong>\u00a1En 2027, nuestra asociaci\u00f3n celebrar\u00e1 20 a\u00f1os de compromiso y solidaridad!<\/strong><\/p>\n\n\n\n<p>Para conmemorar este hito inolvidable, estamos organizando un&nbsp;<strong>viaje humanitario y de descubrimiento a Ecuador<\/strong>&nbsp;\ud83c\uddea\ud83c\udde8 \u2014 un recorrido \u00fanico para explorar&nbsp;<strong>regiones aut\u00e9nticas<\/strong>, descubrir&nbsp;<strong>productos de exportaci\u00f3n emblem\u00e1ticos<\/strong>&nbsp;y terminar en grande con las&nbsp;<strong>impresionantes Islas Gal\u00e1pagos<\/strong>&nbsp;\ud83d\udc22.<\/p>\n\n\n\n<p>Una aventura&nbsp;<strong>inspiradora, significativa y accesible para todos<\/strong>, que combina&nbsp;<strong>encuentros, intercambio y asombro<\/strong>.<\/p>\n\n\n\n<p>\u2709\ufe0f&nbsp;<strong>Para m\u00e1s informaci\u00f3n o para inscribirse, cont\u00e1ctenos en:<\/strong>&nbsp;<a><mark style=\"background-color:rgba(0, 0, 0, 0)\" class=\"has-inline-color has-vivid-cyan-blue-color\">uppnoel@gmail.com<\/mark><\/a><\/p>\n\n\n\n<p><strong> <\/strong><\/p>\n\n\n\n<p class=\"has-medium-font-size\"><strong> <\/strong><\/p>\n\n\n\n<p class=\"has-medium-font-size\"><\/p>\n\n\n\n<p class=\"has-medium-font-size\">Comparte este bolet\u00edn con tus seres queridos y \u00fanete a nosotros en&nbsp;<a href=\"https:\/\/www.facebook.com\/asso.uppn\/\"><mark style=\"background-color:rgba(0, 0, 0, 0)\" class=\"has-inline-color has-vivid-cyan-blue-color\"><strong>Facebook<\/strong><\/mark><\/a> para seguir nuestros proyectos y participar con nosotros.<\/p>\n\n\n\n<p>\u00a1Un enorme gracias por tu apoyo! Gracias a ti, cada acci\u00f3n se convierte en un peque\u00f1o milagro de solidaridad. \u2764\ufe0f<\/p>\n\n\n\n<p>Con toda nuestra alegr\u00eda y gratitud,<\/p>\n\n\n\n<div class=\"wp-block-columns is-layout-flex wp-container-core-columns-is-layout-3 wp-block-columns-is-layout-flex\">\n<div class=\"wp-block-column is-layout-flow wp-block-column-is-layout-flow\" style=\"flex-basis:66.66%\">\n<p><\/p>\n\n\n\n<p><\/p>\n\n\n\n<p class=\"has-text-align-right has-medium-font-size\"><strong><a href=\"https:\/\/unpanierpournoel.com\">Asociaci\u00f3n Un Panier Pour No\u00ebl<\/a><\/strong><\/p>\n<\/div>\n\n\n\n<div class=\"wp-block-column is-layout-flow wp-block-column-is-layout-flow\" style=\"flex-basis:33.33%\">\n<figure class=\"wp-block-image size-full\"><img loading=\"lazy\" decoding=\"async\" width=\"300\" height=\"300\" src=\"https:\/\/unpanierpournoel.com\/wp-content\/uploads\/2023\/11\/1166170_f4b80.gif\" alt=\"\" class=\"wp-image-11685\"\/><\/figure>\n<\/div>\n<\/div>\n\n\n\n<p class=\"has-text-align-center has-medium-font-size\">Para m\u00e1s informaci\u00f3n, puedes visitar nuestro sitio web:&nbsp;<strong><a href=\"https:\/\/unpanierpournoel.com\" data-type=\"URL\" data-id=\"https:\/\/unpanierpournoel.com\"><mark style=\"background-color:rgba(0, 0, 0, 0)\" class=\"has-inline-color has-vivid-cyan-blue-color\">www.unpanierpournoel.com<\/mark><\/a><\/strong><\/p>\n\n\n\n<figure class=\"wp-block-image size-large\"><img loading=\"lazy\" decoding=\"async\" width=\"1024\" height=\"140\" src=\"https:\/\/unpanierpournoel.com\/wp-content\/uploads\/2021\/06\/image2-1024x140.jpg\" alt=\"\" class=\"wp-image-8382\" srcset=\"https:\/\/unpanierpournoel.com\/wp-content\/uploads\/2021\/06\/image2-1024x140.jpg 1024w, https:\/\/unpanierpournoel.com\/wp-content\/uploads\/2021\/06\/image2-350x48.jpg 350w, https:\/\/unpanierpournoel.com\/wp-content\/uploads\/2021\/06\/image2-300x41.jpg 300w, https:\/\/unpanierpournoel.com\/wp-content\/uploads\/2021\/06\/image2-768x105.jpg 768w, https:\/\/unpanierpournoel.com\/wp-content\/uploads\/2021\/06\/image2.jpg 1488w\" sizes=\"(max-width: 767px) 89vw, (max-width: 1000px) 54vw, (max-width: 1071px) 543px, 580px\" \/><\/figure>\n\n\n\n<figure class=\"wp-block-image size-large\"><img loading=\"lazy\" decoding=\"async\" width=\"1024\" height=\"509\" src=\"https:\/\/unpanierpournoel.com\/wp-content\/uploads\/2025\/11\/UPPN_Flyer_1-1024x509.png\" alt=\"\" class=\"wp-image-13634\" srcset=\"https:\/\/unpanierpournoel.com\/wp-content\/uploads\/2025\/11\/UPPN_Flyer_1-1024x509.png 1024w, https:\/\/unpanierpournoel.com\/wp-content\/uploads\/2025\/11\/UPPN_Flyer_1-300x149.png 300w, https:\/\/unpanierpournoel.com\/wp-content\/uploads\/2025\/11\/UPPN_Flyer_1-768x382.png 768w, https:\/\/unpanierpournoel.com\/wp-content\/uploads\/2025\/11\/UPPN_Flyer_1-1536x763.png 1536w, https:\/\/unpanierpournoel.com\/wp-content\/uploads\/2025\/11\/UPPN_Flyer_1-350x174.png 350w, https:\/\/unpanierpournoel.com\/wp-content\/uploads\/2025\/11\/UPPN_Flyer_1.png 1785w\" sizes=\"(max-width: 767px) 89vw, (max-width: 1000px) 54vw, (max-width: 1071px) 543px, 580px\" \/><\/figure>\n\n\n\n<figure class=\"wp-block-image size-large\"><img loading=\"lazy\" decoding=\"async\" width=\"1024\" height=\"506\" src=\"https:\/\/unpanierpournoel.com\/wp-content\/uploads\/2025\/11\/UPPN_Flyer_2-1024x506.png\" alt=\"\" class=\"wp-image-13635\" srcset=\"https:\/\/unpanierpournoel.com\/wp-content\/uploads\/2025\/11\/UPPN_Flyer_2-1024x506.png 1024w, https:\/\/unpanierpournoel.com\/wp-content\/uploads\/2025\/11\/UPPN_Flyer_2-300x148.png 300w, https:\/\/unpanierpournoel.com\/wp-content\/uploads\/2025\/11\/UPPN_Flyer_2-768x379.png 768w, https:\/\/unpanierpournoel.com\/wp-content\/uploads\/2025\/11\/UPPN_Flyer_2-1536x759.png 1536w, https:\/\/unpanierpournoel.com\/wp-content\/uploads\/2025\/11\/UPPN_Flyer_2-350x173.png 350w, https:\/\/unpanierpournoel.com\/wp-content\/uploads\/2025\/11\/UPPN_Flyer_2.png 1783w\" sizes=\"(max-width: 767px) 89vw, (max-width: 1000px) 54vw, (max-width: 1071px) 543px, 580px\" \/><\/figure>","protected":false},"excerpt":{"rendered":"<p>Newsletter de Noviembre 2025 Queridos amigos y queridas amigas, P\u00f3nganse c\u00f3modos, ya sea con sus amigos, su familia, su pareja, su peque\u00f1o felino\u2026 \u00a1o simplemente con ustedes mismos! Acomp\u00e1\u00f1ense de un buen chocolate caliente, un caf\u00e9 o una infusi\u00f3n, sin olvidar unas galletitas y una manta bien calentita. \ud83d\ude09 D\u00e9jense llevar con nosotros en este &hellip; <\/p>\n<p class=\"link-more\"><a href=\"https:\/\/unpanierpournoel.com\/es\/newsletter-novembre-2025\/\" class=\"more-link\">Continuar leyendo<span class=\"screen-reader-text\"> \u00abNewsletter de Noviembre 2025\u00bb<\/span><\/a><\/p>\n","protected":false},"author":3,"featured_media":0,"parent":0,"menu_order":0,"comment_status":"closed","ping_status":"closed","template":"","meta":{"footnotes":""},"_links":{"self":[{"href":"https:\/\/unpanierpournoel.com\/es\/wp-json\/wp\/v2\/pages\/13446"}],"collection":[{"href":"https:\/\/unpanierpournoel.com\/es\/wp-json\/wp\/v2\/pages"}],"about":[{"href":"https:\/\/unpanierpournoel.com\/es\/wp-json\/wp\/v2\/types\/page"}],"author":[{"embeddable":true,"href":"https:\/\/unpanierpournoel.com\/es\/wp-json\/wp\/v2\/users\/3"}],"replies":[{"embeddable":true,"href":"https:\/\/unpanierpournoel.com\/es\/wp-json\/wp\/v2\/comments?post=13446"}],"version-history":[{"count":129,"href":"https:\/\/unpanierpournoel.com\/es\/wp-json\/wp\/v2\/pages\/13446\/revisions"}],"predecessor-version":[{"id":13664,"href":"https:\/\/unpanierpournoel.com\/es\/wp-json\/wp\/v2\/pages\/13446\/revisions\/13664"}],"wp:attachment":[{"href":"https:\/\/unpanierpournoel.com\/es\/wp-json\/wp\/v2\/media?parent=13446"}],"curies":[{"name":"wp","href":"https:\/\/api.w.org\/{rel}","templated":true}]}}