{"id":13048,"date":"2025-11-19T17:44:38","date_gmt":"2025-11-19T16:44:38","guid":{"rendered":"https:\/\/unpanierpournoel.com\/?page_id=13048"},"modified":"2025-11-19T17:50:29","modified_gmt":"2025-11-19T16:50:29","slug":"tombola-de-2025","status":"publish","type":"page","link":"https:\/\/unpanierpournoel.com\/es\/tombola-de-2025\/","title":{"rendered":"Riva de 2025"},"content":{"rendered":"<p><\/p>\n\n\n\n<p><\/p>\n\n\n\n<p><\/p>\n\n\n\n<p><\/p>\n\n\n\n<p class=\"has-text-align-center has-large-font-size\"><strong>Rifa de Navidad<\/strong> <strong>2025<\/strong><\/p>\n\n\n\n<p class=\"has-text-align-center has-medium-font-size\"><strong>A gesture that counts, for only CHF 5.-!<\/strong><\/p>\n\n\n\n<p>This year, our raffle offers exceptional surprises! For just CHF 5.- per ticket, you\u2019ll have the chance to win one of our three amazing prizes and contribute to our mission of support.<\/p>\n\n\n\n<p>Each ticket helps brighten the Christmas of families in need. So, are you ready to try your luck and make a difference? \ud83c\udf84<\/p>\n\n\n\n<p class=\"has-text-align-center\">\ud83e\udd47<strong>Primer <strong>Premio<\/strong><\/strong> \ud83e\udd47<\/p>\n\n\n\n<p class=\"has-text-align-center\">Una tarjeta regalo de CHF 100.-<\/p>\n\n\n<div class=\"wp-block-image is-style-default\">\n<figure class=\"aligncenter size-full is-resized\"><img loading=\"lazy\" decoding=\"async\" width=\"1620\" height=\"1622\" src=\"https:\/\/unpanierpournoel.com\/wp-content\/uploads\/2025\/11\/BonCadeauNewsletter.jpg\" alt=\"\" class=\"wp-image-13521\" style=\"width:290px;height:auto\" srcset=\"https:\/\/unpanierpournoel.com\/wp-content\/uploads\/2025\/11\/BonCadeauNewsletter.jpg 1620w, https:\/\/unpanierpournoel.com\/wp-content\/uploads\/2025\/11\/BonCadeauNewsletter-300x300.jpg 300w, https:\/\/unpanierpournoel.com\/wp-content\/uploads\/2025\/11\/BonCadeauNewsletter-1024x1024.jpg 1024w, https:\/\/unpanierpournoel.com\/wp-content\/uploads\/2025\/11\/BonCadeauNewsletter-150x150.jpg 150w, https:\/\/unpanierpournoel.com\/wp-content\/uploads\/2025\/11\/BonCadeauNewsletter-768x769.jpg 768w, https:\/\/unpanierpournoel.com\/wp-content\/uploads\/2025\/11\/BonCadeauNewsletter-1534x1536.jpg 1534w, https:\/\/unpanierpournoel.com\/wp-content\/uploads\/2025\/11\/BonCadeauNewsletter-100x100.jpg 100w, https:\/\/unpanierpournoel.com\/wp-content\/uploads\/2025\/11\/BonCadeauNewsletter-250x250.jpg 250w, https:\/\/unpanierpournoel.com\/wp-content\/uploads\/2025\/11\/BonCadeauNewsletter-350x350.jpg 350w\" sizes=\"(max-width: 767px) 89vw, (max-width: 1000px) 54vw, (max-width: 1071px) 543px, 580px\" \/><\/figure><\/div>\n\n\n<p class=\"has-text-align-center\">\ud83c\udf77 <strong>Segundo Premio<\/strong>\u00a0<strong>\ud83c\udf77\u00a0<\/strong><\/p>\n\n\n\n<p class=\"has-text-align-center\">Una botella de vino blanco<\/p>\n\n\n<div class=\"wp-block-image\">\n<figure class=\"aligncenter size-full is-resized\"><img loading=\"lazy\" decoding=\"async\" width=\"270\" height=\"270\" src=\"https:\/\/unpanierpournoel.com\/wp-content\/uploads\/2025\/11\/bouteilleblanc_v.jpg\" alt=\"\" class=\"wp-image-13523\" style=\"width:204px;height:auto\" srcset=\"https:\/\/unpanierpournoel.com\/wp-content\/uploads\/2025\/11\/bouteilleblanc_v.jpg 270w, https:\/\/unpanierpournoel.com\/wp-content\/uploads\/2025\/11\/bouteilleblanc_v-150x150.jpg 150w, https:\/\/unpanierpournoel.com\/wp-content\/uploads\/2025\/11\/bouteilleblanc_v-100x100.jpg 100w, https:\/\/unpanierpournoel.com\/wp-content\/uploads\/2025\/11\/bouteilleblanc_v-250x250.jpg 250w\" sizes=\"(max-width: 270px) 100vw, 270px\" \/><\/figure><\/div>\n\n\n<p class=\"has-text-align-center\">\ud83c\udfae  <strong>Tercer Premio<\/strong>\u00a0\ud83c\udfae <br>Un Juego de sociedad para 2 a 6 personas, para toda la familia<\/p>\n\n\n<div class=\"wp-block-image\">\n<figure class=\"aligncenter size-full is-resized\"><img loading=\"lazy\" decoding=\"async\" width=\"844\" height=\"842\" src=\"https:\/\/unpanierpournoel.com\/wp-content\/uploads\/2025\/11\/Jeu.jpg\" alt=\"\" class=\"wp-image-13524\" style=\"width:219px;height:auto\" srcset=\"https:\/\/unpanierpournoel.com\/wp-content\/uploads\/2025\/11\/Jeu.jpg 844w, https:\/\/unpanierpournoel.com\/wp-content\/uploads\/2025\/11\/Jeu-300x300.jpg 300w, https:\/\/unpanierpournoel.com\/wp-content\/uploads\/2025\/11\/Jeu-150x150.jpg 150w, https:\/\/unpanierpournoel.com\/wp-content\/uploads\/2025\/11\/Jeu-768x766.jpg 768w, https:\/\/unpanierpournoel.com\/wp-content\/uploads\/2025\/11\/Jeu-100x100.jpg 100w, https:\/\/unpanierpournoel.com\/wp-content\/uploads\/2025\/11\/Jeu-250x250.jpg 250w, https:\/\/unpanierpournoel.com\/wp-content\/uploads\/2025\/11\/Jeu-350x349.jpg 350w\" sizes=\"(max-width: 767px) 89vw, (max-width: 1000px) 54vw, (max-width: 1071px) 543px, 580px\" \/><\/figure><\/div>\n\n\n<p><strong><a href=\"https:\/\/unpanierpournoel.com\/es\/dons-2\/\">Para pedir tu n\u00famero<\/a>,<\/strong>&nbsp;ll\u00e1manos al +41 79 907 8795, env\u00edanos un correo electr\u00f3nico a&nbsp;<a>uppnoel@gmail.com<\/a>&nbsp;o vis\u00edtanos en nuestros pr\u00f3ximos puestos. Aqu\u00ed est\u00e1n las fechas y ubicaciones de los puestos donde podr\u00e1s comprar tu boleto y elegir tu n\u00famero, disponibles en nuestro <a href=\"https:\/\/unpanierpournoel.com\/es\/agenda-des-stands-2023\/\">sitio web<\/a>.<\/p>\n\n\n\n<p>El sorteo de&nbsp;<strong>La Tombola<\/strong>&nbsp;se llevar\u00e1 a cabo en nuestro \u00faltimo stand de Navidad a la Autoruta de Bavois en  <strong><mark style=\"background-color:rgba(0, 0, 0, 0)\" class=\"has-inline-color has-vivid-purple-color\">Noviembre 30,  2025<\/mark><\/strong>, al final del d\u00eda.<\/p>\n\n\n\n<p class=\"has-text-align-center has-large-font-size\"><strong>\u00a1Buena suerte a todos los participantes! <\/strong><\/p>\n\n\n\n<p><\/p>\n\n\n<div class=\"wp-block-image\">\n<figure class=\"aligncenter size-full\"><a href=\"https:\/\/unpanierpournoel.com\/dons-2\/\"><img loading=\"lazy\" decoding=\"async\" width=\"242\" height=\"134\" src=\"https:\/\/unpanierpournoel.com\/wp-content\/uploads\/2023\/08\/image-7.jpeg\" alt=\"L\u2019attribut alt de cette image est vide, son nom de fichier est image3.jpg.\" class=\"wp-image-11143\"\/><\/a><\/figure><\/div>","protected":false},"excerpt":{"rendered":"<p>Rifa de Navidad 2025 A gesture that counts, for only CHF 5.-! This year, our raffle offers exceptional surprises! For just CHF 5.- per ticket, you\u2019ll have the chance to win one of our three amazing prizes and contribute to our mission of support. Each ticket helps brighten the Christmas of families in need. So, &hellip; <\/p>\n<p class=\"link-more\"><a href=\"https:\/\/unpanierpournoel.com\/es\/tombola-de-2025\/\" class=\"more-link\">Continuar leyendo<span class=\"screen-reader-text\"> \u00abRiva de 2025\u00bb<\/span><\/a><\/p>\n","protected":false},"author":3,"featured_media":0,"parent":0,"menu_order":0,"comment_status":"closed","ping_status":"closed","template":"","meta":{"footnotes":""},"_links":{"self":[{"href":"https:\/\/unpanierpournoel.com\/es\/wp-json\/wp\/v2\/pages\/13048"}],"collection":[{"href":"https:\/\/unpanierpournoel.com\/es\/wp-json\/wp\/v2\/pages"}],"about":[{"href":"https:\/\/unpanierpournoel.com\/es\/wp-json\/wp\/v2\/types\/page"}],"author":[{"embeddable":true,"href":"https:\/\/unpanierpournoel.com\/es\/wp-json\/wp\/v2\/users\/3"}],"replies":[{"embeddable":true,"href":"https:\/\/unpanierpournoel.com\/es\/wp-json\/wp\/v2\/comments?post=13048"}],"version-history":[{"count":7,"href":"https:\/\/unpanierpournoel.com\/es\/wp-json\/wp\/v2\/pages\/13048\/revisions"}],"predecessor-version":[{"id":13530,"href":"https:\/\/unpanierpournoel.com\/es\/wp-json\/wp\/v2\/pages\/13048\/revisions\/13530"}],"wp:attachment":[{"href":"https:\/\/unpanierpournoel.com\/es\/wp-json\/wp\/v2\/media?parent=13048"}],"curies":[{"name":"wp","href":"https:\/\/api.w.org\/{rel}","templated":true}]}}