{"id":13037,"date":"2025-07-30T17:25:36","date_gmt":"2025-07-30T15:25:36","guid":{"rendered":"https:\/\/unpanierpournoel.com\/?page_id=13037"},"modified":"2025-07-30T17:27:56","modified_gmt":"2025-07-30T15:27:56","slug":"repas-de-soutien-2025","status":"publish","type":"page","link":"https:\/\/unpanierpournoel.com\/es\/repas-de-soutien-2025\/","title":{"rendered":"Comida de Apoyo 2025"},"content":{"rendered":"<p class=\"has-text-align-center\"><\/p>\n\n\n\n<p class=\"has-text-align-center\"><\/p>\n\n\n\n<p class=\"has-text-align-center\"> \u00a1Ven y apoya a la asociaci\u00f3n comi\u00e9ndote una fritada! \u00a1Vengan en familia !<\/p>\n\n\n<div class=\"wp-block-image\">\n<figure class=\"aligncenter size-large is-resized\"><img loading=\"lazy\" decoding=\"async\" width=\"725\" height=\"1024\" src=\"https:\/\/unpanierpournoel.com\/wp-content\/uploads\/2025\/07\/Fritada_ES-725x1024.png\" alt=\"\" class=\"wp-image-13040\" style=\"width:525px;height:auto\" srcset=\"https:\/\/unpanierpournoel.com\/wp-content\/uploads\/2025\/07\/Fritada_ES-725x1024.png 725w, https:\/\/unpanierpournoel.com\/wp-content\/uploads\/2025\/07\/Fritada_ES-212x300.png 212w, https:\/\/unpanierpournoel.com\/wp-content\/uploads\/2025\/07\/Fritada_ES-768x1085.png 768w, https:\/\/unpanierpournoel.com\/wp-content\/uploads\/2025\/07\/Fritada_ES-1087x1536.png 1087w, https:\/\/unpanierpournoel.com\/wp-content\/uploads\/2025\/07\/Fritada_ES-350x495.png 350w, https:\/\/unpanierpournoel.com\/wp-content\/uploads\/2025\/07\/Fritada_ES.png 1274w\" sizes=\"(max-width: 725px) 100vw, 725px\" \/><\/figure><\/div>\n\n\n<p>Programa del d\u00eda:<\/p>\n\n\n\n<p>Karaoke, baile, tr\u00e9sor \u00e0 petit prix, artesan\u00eda, \u2026<\/p>\n\n\n\n<p><\/p>","protected":false},"excerpt":{"rendered":"<p>\u00a1Ven y apoya a la asociaci\u00f3n comi\u00e9ndote una fritada! \u00a1Vengan en familia ! Programa del d\u00eda: Karaoke, baile, tr\u00e9sor \u00e0 petit prix, artesan\u00eda, \u2026<\/p>\n","protected":false},"author":3,"featured_media":0,"parent":0,"menu_order":0,"comment_status":"closed","ping_status":"closed","template":"","meta":{"footnotes":""},"_links":{"self":[{"href":"https:\/\/unpanierpournoel.com\/es\/wp-json\/wp\/v2\/pages\/13037"}],"collection":[{"href":"https:\/\/unpanierpournoel.com\/es\/wp-json\/wp\/v2\/pages"}],"about":[{"href":"https:\/\/unpanierpournoel.com\/es\/wp-json\/wp\/v2\/types\/page"}],"author":[{"embeddable":true,"href":"https:\/\/unpanierpournoel.com\/es\/wp-json\/wp\/v2\/users\/3"}],"replies":[{"embeddable":true,"href":"https:\/\/unpanierpournoel.com\/es\/wp-json\/wp\/v2\/comments?post=13037"}],"version-history":[{"count":3,"href":"https:\/\/unpanierpournoel.com\/es\/wp-json\/wp\/v2\/pages\/13037\/revisions"}],"predecessor-version":[{"id":13044,"href":"https:\/\/unpanierpournoel.com\/es\/wp-json\/wp\/v2\/pages\/13037\/revisions\/13044"}],"wp:attachment":[{"href":"https:\/\/unpanierpournoel.com\/es\/wp-json\/wp\/v2\/media?parent=13037"}],"curies":[{"name":"wp","href":"https:\/\/api.w.org\/{rel}","templated":true}]}}