{"id":12728,"date":"2024-12-10T16:33:02","date_gmt":"2024-12-10T15:33:02","guid":{"rendered":"https:\/\/unpanierpournoel.com\/?page_id=12728"},"modified":"2024-12-10T16:33:04","modified_gmt":"2024-12-10T15:33:04","slug":"carte-de-noel-2024","status":"publish","type":"page","link":"https:\/\/unpanierpournoel.com\/es\/carte-de-noel-2024\/","title":{"rendered":"Tarjeta de Navidad 2024"},"content":{"rendered":"<figure class=\"wp-block-image size-full is-resized\"><img loading=\"lazy\" decoding=\"async\" width=\"1024\" height=\"357\" src=\"https:\/\/unpanierpournoel.com\/wp-content\/uploads\/2023\/08\/image-1.jpeg\" alt=\"L\u2019attribut alt de cette image est vide, son nom de fichier est logo_highresolution-2-1024x357.jpg.\" class=\"wp-image-11137\" style=\"width:670px;height:auto\" srcset=\"https:\/\/unpanierpournoel.com\/wp-content\/uploads\/2023\/08\/image-1.jpeg 1024w, https:\/\/unpanierpournoel.com\/wp-content\/uploads\/2023\/08\/image-1-350x122.jpeg 350w, https:\/\/unpanierpournoel.com\/wp-content\/uploads\/2023\/08\/image-1-300x105.jpeg 300w, https:\/\/unpanierpournoel.com\/wp-content\/uploads\/2023\/08\/image-1-768x268.jpeg 768w\" sizes=\"(max-width: 767px) 89vw, (max-width: 1000px) 54vw, (max-width: 1071px) 543px, 580px\" \/><\/figure>\n\n\n\n<p><\/strong><\/p>\n\n\n\n<p><\/strong><\/p>\n\n\n\n<p><\/p>\n\n\n\n<p> <\/p>\n\n\n\n<p> <\/p>\n\n\n\n<p class=\"has-text-align-center\"><strong>\u00a1Feliz Navidad y que el A\u00f1o Nuevo les traiga felicidad y prosperidad!<\/strong><\/p>\n\n\n\n<figure class=\"wp-block-image size-large\"><img loading=\"lazy\" decoding=\"async\" width=\"919\" height=\"1024\" src=\"https:\/\/unpanierpournoel.com\/wp-content\/uploads\/2024\/11\/noel2024_es-919x1024.png\" alt=\"\" class=\"wp-image-12810\" srcset=\"https:\/\/unpanierpournoel.com\/wp-content\/uploads\/2024\/11\/noel2024_es-919x1024.png 919w, https:\/\/unpanierpournoel.com\/wp-content\/uploads\/2024\/11\/noel2024_es-269x300.png 269w, https:\/\/unpanierpournoel.com\/wp-content\/uploads\/2024\/11\/noel2024_es-768x856.png 768w, https:\/\/unpanierpournoel.com\/wp-content\/uploads\/2024\/11\/noel2024_es-1378x1536.png 1378w, https:\/\/unpanierpournoel.com\/wp-content\/uploads\/2024\/11\/noel2024_es-1838x2048.png 1838w, https:\/\/unpanierpournoel.com\/wp-content\/uploads\/2024\/11\/noel2024_es-350x390.png 350w, https:\/\/unpanierpournoel.com\/wp-content\/uploads\/2024\/11\/noel2024_es.png 1914w\" sizes=\"(max-width: 767px) 89vw, (max-width: 1000px) 54vw, (max-width: 1071px) 543px, 580px\" \/><\/figure>\n\n\n\n<p>Que esta temporada est\u00e9 llena de momentos m\u00e1gicos, risas compartidas y alegr\u00eda en sus hogares! Que las sonrisas sean su mejor accesorio y que incluso los d\u00edas de lluvia se conviertan en danzas desenfrenadas bajo las gotas. \u00a1Que el coraje, la alegr\u00eda y una dulce locura siempre est\u00e9n presentes!<strong><\/strong><\/p>\n\n\n\n<p><\/p>\n\n\n\n<p><\/p>\n\n\n\n<p><\/p>\n\n\n\n<blockquote class=\"wp-block-quote has-text-align-right has-black-color has-electric-grass-gradient-background has-text-color has-background is-layout-flow wp-block-quote-is-layout-flow\" style=\"font-style:italic;font-weight:100\">\n<p class=\"has-text-align-center has-medium-font-size\"><em>Si quieres vivir una vida feliz, \u00e1tala a un objetivo, no a personas ni a cosas.<\/em>!<\/p>\n<cite>Albert Einstein.  <\/cite><\/blockquote>\n\n\n\n<p><\/p>\n\n\n\n<p><\/p>\n\n\n\n<p><\/p>\n\n\n\n<p><\/p>\n\n\n<div class=\"wp-block-image\">\n<figure class=\"aligncenter size-full\"><img loading=\"lazy\" decoding=\"async\" width=\"242\" height=\"134\" src=\"https:\/\/unpanierpournoel.com\/wp-content\/uploads\/2021\/06\/hacer-une-donacion.jpg\" alt=\"\" class=\"wp-image-8466\"\/><\/figure><\/div>\n\n\n<p class=\"has-text-align-center\">Es posible de seguirnos por<mark style=\"background-color:rgba(0, 0, 0, 0)\" class=\"has-inline-color has-vivid-green-cyan-color\"> <\/mark><strong><a href=\"https:\/\/www.facebook.com\/asso.uppn\/\" data-type=\"URL\" data-id=\"https:\/\/www.facebook.com\/asso.uppn\/\" target=\"_blank\" rel=\"noreferrer noopener\"><mark style=\"background-color:rgba(0, 0, 0, 0)\" class=\"has-inline-color has-vivid-cyan-blue-color\">Faceboo<\/mark><\/a><a href=\"https:\/\/www.facebook.com\/asso.uppn\/\" data-type=\"URL\" data-id=\"https:\/\/www.facebook.com\/asso.uppn\/\"><mark style=\"background-color:rgba(0, 0, 0, 0)\" class=\"has-inline-color has-vivid-cyan-blue-color\">k<\/mark><\/a><\/strong><\/p>\n\n\n\n<div class=\"wp-block-group is-nowrap is-layout-flex wp-container-core-group-is-layout-3 wp-block-group-is-layout-flex\">\n<p class=\"has-text-align-center has-black-color has-text-color has-medium-font-size wp-container-content-3\"><strong>Para cualquier otra informaci\u00f3n, puede visitar nuestro sitio web:<\/strong><\/p>\n<\/div>\n\n\n\n<p class=\"has-text-align-center has-vivid-cyan-blue-color has-text-color\"><strong><a href=\"https:\/\/unpanierpournoel.com\" data-type=\"URL\" data-id=\"https:\/\/unpanierpournoel.com\" target=\"_blank\" rel=\"noreferrer noopener\"><mark style=\"background-color:rgba(0, 0, 0, 0)\" class=\"has-inline-color has-vivid-cyan-blue-color\">www.unpanierpournoel.com<\/mark><\/a><\/strong><\/p>\n\n\n\n<p><\/p>\n\n\n\n<figure class=\"wp-block-image size-large\"><img loading=\"lazy\" decoding=\"async\" width=\"1024\" height=\"140\" src=\"https:\/\/unpanierpournoel.com\/wp-content\/uploads\/2021\/06\/image2-1024x140.jpg\" alt=\"\" class=\"wp-image-8382\" srcset=\"https:\/\/unpanierpournoel.com\/wp-content\/uploads\/2021\/06\/image2-1024x140.jpg 1024w, https:\/\/unpanierpournoel.com\/wp-content\/uploads\/2021\/06\/image2-350x48.jpg 350w, https:\/\/unpanierpournoel.com\/wp-content\/uploads\/2021\/06\/image2-300x41.jpg 300w, https:\/\/unpanierpournoel.com\/wp-content\/uploads\/2021\/06\/image2-768x105.jpg 768w, https:\/\/unpanierpournoel.com\/wp-content\/uploads\/2021\/06\/image2.jpg 1488w\" sizes=\"(max-width: 767px) 89vw, (max-width: 1000px) 54vw, (max-width: 1071px) 543px, 580px\" \/><\/figure>","protected":false},"excerpt":{"rendered":"<p>\u00a1Feliz Navidad y que el A\u00f1o Nuevo les traiga felicidad y prosperidad! Que esta temporada est\u00e9 llena de momentos m\u00e1gicos, risas compartidas y alegr\u00eda en sus hogares! Que las sonrisas sean su mejor accesorio y que incluso los d\u00edas de lluvia se conviertan en danzas desenfrenadas bajo las gotas. \u00a1Que el coraje, la alegr\u00eda y &hellip; <\/p>\n<p class=\"link-more\"><a href=\"https:\/\/unpanierpournoel.com\/es\/carte-de-noel-2024\/\" class=\"more-link\">Continuar leyendo<span class=\"screen-reader-text\"> \u00abTarjeta de Navidad 2024\u00bb<\/span><\/a><\/p>\n","protected":false},"author":3,"featured_media":0,"parent":0,"menu_order":0,"comment_status":"closed","ping_status":"closed","template":"","meta":{"footnotes":""},"_links":{"self":[{"href":"https:\/\/unpanierpournoel.com\/es\/wp-json\/wp\/v2\/pages\/12728"}],"collection":[{"href":"https:\/\/unpanierpournoel.com\/es\/wp-json\/wp\/v2\/pages"}],"about":[{"href":"https:\/\/unpanierpournoel.com\/es\/wp-json\/wp\/v2\/types\/page"}],"author":[{"embeddable":true,"href":"https:\/\/unpanierpournoel.com\/es\/wp-json\/wp\/v2\/users\/3"}],"replies":[{"embeddable":true,"href":"https:\/\/unpanierpournoel.com\/es\/wp-json\/wp\/v2\/comments?post=12728"}],"version-history":[{"count":19,"href":"https:\/\/unpanierpournoel.com\/es\/wp-json\/wp\/v2\/pages\/12728\/revisions"}],"predecessor-version":[{"id":12827,"href":"https:\/\/unpanierpournoel.com\/es\/wp-json\/wp\/v2\/pages\/12728\/revisions\/12827"}],"wp:attachment":[{"href":"https:\/\/unpanierpournoel.com\/es\/wp-json\/wp\/v2\/media?parent=12728"}],"curies":[{"name":"wp","href":"https:\/\/api.w.org\/{rel}","templated":true}]}}