{"id":12363,"date":"2024-11-13T15:32:26","date_gmt":"2024-11-13T14:32:26","guid":{"rendered":"https:\/\/unpanierpournoel.com\/?page_id=12363"},"modified":"2024-11-13T15:35:29","modified_gmt":"2024-11-13T14:35:29","slug":"tombola-2024","status":"publish","type":"page","link":"https:\/\/unpanierpournoel.com\/es\/tombola-2024\/","title":{"rendered":"Tombola 2024"},"content":{"rendered":"<p><\/p>\n\n\n\n<p><\/p>\n\n\n\n<p><\/p>\n\n\n\n<p class=\"has-text-align-center has-large-font-size\"><strong>Rifa de Navidad<\/strong> <strong>2024<\/strong><\/p>\n\n\n\n<p class=\"has-text-align-center has-medium-font-size\"><strong>A gesture that counts, for only CHF 5.-!<\/strong><\/p>\n\n\n\n<p>This year, our raffle offers exceptional surprises! For just CHF 5.- per ticket, you\u2019ll have the chance to win one of our three amazing prizes and contribute to our mission of support.<\/p>\n\n\n\n<p>Each ticket helps brighten the Christmas of families in need. So, are you ready to try your luck and make a difference? \ud83c\udf84<\/p>\n\n\n\n<p class=\"has-text-align-center\">\ud83e\udd47<strong>FIRST PRIZE<\/strong> \ud83e\udd47<\/p>\n\n\n\n<figure class=\"wp-block-image size-full\"><img loading=\"lazy\" decoding=\"async\" width=\"1024\" height=\"1024\" src=\"https:\/\/unpanierpournoel.com\/wp-content\/uploads\/2024\/11\/DALL\u00b7E-2024-11-13-14.38.39-Abstract-digital-art-inspired-by-acupuncture-featuring-delicate-needles-placed-at-various-angles-connected-by-flowing-lines-and-light-points-to-repr.webp\" alt=\"\" class=\"wp-image-12759\" srcset=\"https:\/\/unpanierpournoel.com\/wp-content\/uploads\/2024\/11\/DALL\u00b7E-2024-11-13-14.38.39-Abstract-digital-art-inspired-by-acupuncture-featuring-delicate-needles-placed-at-various-angles-connected-by-flowing-lines-and-light-points-to-repr.webp 1024w, https:\/\/unpanierpournoel.com\/wp-content\/uploads\/2024\/11\/DALL\u00b7E-2024-11-13-14.38.39-Abstract-digital-art-inspired-by-acupuncture-featuring-delicate-needles-placed-at-various-angles-connected-by-flowing-lines-and-light-points-to-repr-300x300.webp 300w, https:\/\/unpanierpournoel.com\/wp-content\/uploads\/2024\/11\/DALL\u00b7E-2024-11-13-14.38.39-Abstract-digital-art-inspired-by-acupuncture-featuring-delicate-needles-placed-at-various-angles-connected-by-flowing-lines-and-light-points-to-repr-150x150.webp 150w, https:\/\/unpanierpournoel.com\/wp-content\/uploads\/2024\/11\/DALL\u00b7E-2024-11-13-14.38.39-Abstract-digital-art-inspired-by-acupuncture-featuring-delicate-needles-placed-at-various-angles-connected-by-flowing-lines-and-light-points-to-repr-768x768.webp 768w, https:\/\/unpanierpournoel.com\/wp-content\/uploads\/2024\/11\/DALL\u00b7E-2024-11-13-14.38.39-Abstract-digital-art-inspired-by-acupuncture-featuring-delicate-needles-placed-at-various-angles-connected-by-flowing-lines-and-light-points-to-repr-100x100.webp 100w, https:\/\/unpanierpournoel.com\/wp-content\/uploads\/2024\/11\/DALL\u00b7E-2024-11-13-14.38.39-Abstract-digital-art-inspired-by-acupuncture-featuring-delicate-needles-placed-at-various-angles-connected-by-flowing-lines-and-light-points-to-repr-250x250.webp 250w, https:\/\/unpanierpournoel.com\/wp-content\/uploads\/2024\/11\/DALL\u00b7E-2024-11-13-14.38.39-Abstract-digital-art-inspired-by-acupuncture-featuring-delicate-needles-placed-at-various-angles-connected-by-flowing-lines-and-light-points-to-repr-350x350.webp 350w\" sizes=\"(max-width: 767px) 89vw, (max-width: 1000px) 54vw, (max-width: 1071px) 543px, 580px\" \/><\/figure>\n\n\n\n<p class=\"has-text-align-center\">A consultation and acupuncture session with Professor M. Cong, generously offered by <a href=\"http:\/\/www.sinosante.ch\/morges.htm\">SinoSant\u00e9<\/a> in Morges.<\/p>\n\n\n\n<p class=\"has-text-align-center has-medium-font-size\"><strong>\ud83d\udeb4&nbsp;Second Prize&nbsp;\ud83d\udeb4<\/strong><\/p>\n\n\n\n<figure class=\"wp-block-image size-full\"><img loading=\"lazy\" decoding=\"async\" width=\"1024\" height=\"720\" src=\"https:\/\/unpanierpournoel.com\/wp-content\/uploads\/2024\/11\/image.jpeg\" alt=\"v\u00e9lo\" class=\"wp-image-12745\" srcset=\"https:\/\/unpanierpournoel.com\/wp-content\/uploads\/2024\/11\/image.jpeg 1024w, https:\/\/unpanierpournoel.com\/wp-content\/uploads\/2024\/11\/image-300x211.jpeg 300w, https:\/\/unpanierpournoel.com\/wp-content\/uploads\/2024\/11\/image-768x540.jpeg 768w, https:\/\/unpanierpournoel.com\/wp-content\/uploads\/2024\/11\/image-350x246.jpeg 350w\" sizes=\"(max-width: 767px) 89vw, (max-width: 1000px) 54vw, (max-width: 1071px) 543px, 580px\" \/><\/figure>\n\n\n\n<p class=\"has-text-align-center\">A practical bike offered by Didier and Constance, ideal for exploring the region<\/p>\n\n\n\n<p class=\"has-text-align-center\">\ud83d\udcda<strong>TROISI\u00c8ME PRIX<\/strong> \ud83d\udcda<\/p>\n\n\n\n<p class=\"has-text-align-center\">A book offered by <strong>l&#8217;<a href=\"https:\/\/edital.ch\">\u00e9cho du Gros-de-Vaud<\/a><\/strong>, a wonderful immersion into our heritage <\/p>\n\n\n\n<figure class=\"wp-block-image size-large\"><img loading=\"lazy\" decoding=\"async\" width=\"1024\" height=\"762\" src=\"https:\/\/unpanierpournoel.com\/wp-content\/uploads\/2024\/10\/Capture-decran-2024-10-15-a-18.41.34-1024x762.png\" alt=\"\" class=\"wp-image-12364\" srcset=\"https:\/\/unpanierpournoel.com\/wp-content\/uploads\/2024\/10\/Capture-decran-2024-10-15-a-18.41.34-1024x762.png 1024w, https:\/\/unpanierpournoel.com\/wp-content\/uploads\/2024\/10\/Capture-decran-2024-10-15-a-18.41.34-300x223.png 300w, https:\/\/unpanierpournoel.com\/wp-content\/uploads\/2024\/10\/Capture-decran-2024-10-15-a-18.41.34-768x572.png 768w, https:\/\/unpanierpournoel.com\/wp-content\/uploads\/2024\/10\/Capture-decran-2024-10-15-a-18.41.34-350x261.png 350w, https:\/\/unpanierpournoel.com\/wp-content\/uploads\/2024\/10\/Capture-decran-2024-10-15-a-18.41.34.png 1300w\" sizes=\"(max-width: 767px) 89vw, (max-width: 1000px) 54vw, (max-width: 1071px) 543px, 580px\" \/><\/figure>\n\n\n\n<p>Una consulta y sesi\u00f3n de acupuntura con el profesor M. Cong, generosamente ofrecida por SinoSant\u00e9 de Morges.<\/p>\n\n\n\n<p>\ud83d\udeb4&nbsp;<strong>Segundo Premio<\/strong>&nbsp;\ud83d\udeb4<\/p>\n\n\n\n<p>Una bicicleta pr\u00e1ctica ofrecida por Didier y Constance, ideal para explorar la regi\u00f3n.<\/p>\n\n\n\n<p>\ud83d\udcda&nbsp;<strong>Tercer Premio<\/strong>&nbsp;\ud83d\udcda<br>Un libro ofrecido por L&#8217;\u00c9cho du Gros-de-Vaud, una hermosa inmersi\u00f3n en nuestro patrimonio.<\/p>\n\n\n\n<p><strong><a href=\"https:\/\/unpanierpournoel.com\/es\/dons-2\/\">Para pedir tu n\u00famero<\/a>,<\/strong>\u00a0ll\u00e1manos al +41 79 907 8795, env\u00edanos un correo electr\u00f3nico a\u00a0<a>uppnoel@gmail.com<\/a>\u00a0o vis\u00edtanos en nuestros pr\u00f3ximos puestos. Aqu\u00ed est\u00e1n las fechas y ubicaciones de los puestos donde podr\u00e1s comprar tu boleto y elegir tu n\u00famero, disponibles en nuestro <a href=\"https:\/\/unpanierpournoel.com\/es\/agenda-des-stands-2023\/\">sitio web<\/a>.<\/p>\n\n\n\n<p>El sorteo de\u00a0<strong>La Tombola<\/strong>\u00a0se llevar\u00e1 a cabo en nuestro \u00faltimo stand de Navidad de Diciembre de 2024, al final del d\u00eda.<\/p>\n\n\n\n<p class=\"has-text-align-center has-large-font-size\"><strong>\u00a1Buena suerte a todos los participantes! <\/strong><\/p>\n\n\n<div class=\"wp-block-image\">\n<figure class=\"aligncenter size-full\"><a href=\"https:\/\/unpanierpournoel.com\/es\/dons-2\/\"><img loading=\"lazy\" decoding=\"async\" width=\"242\" height=\"134\" src=\"https:\/\/unpanierpournoel.com\/wp-content\/uploads\/2021\/06\/hacer-une-donacion.jpg\" alt=\"\" class=\"wp-image-8466\"\/><\/a><\/figure><\/div>\n\n\n<p><\/p>\n\n\n\n<p><\/p>","protected":false},"excerpt":{"rendered":"<p>Rifa de Navidad 2024 A gesture that counts, for only CHF 5.-! This year, our raffle offers exceptional surprises! For just CHF 5.- per ticket, you\u2019ll have the chance to win one of our three amazing prizes and contribute to our mission of support. Each ticket helps brighten the Christmas of families in need. So, &hellip; <\/p>\n<p class=\"link-more\"><a href=\"https:\/\/unpanierpournoel.com\/es\/tombola-2024\/\" class=\"more-link\">Continuar leyendo<span class=\"screen-reader-text\"> \u00abTombola 2024\u00bb<\/span><\/a><\/p>\n","protected":false},"author":3,"featured_media":0,"parent":0,"menu_order":0,"comment_status":"closed","ping_status":"closed","template":"","meta":{"footnotes":""},"_links":{"self":[{"href":"https:\/\/unpanierpournoel.com\/es\/wp-json\/wp\/v2\/pages\/12363"}],"collection":[{"href":"https:\/\/unpanierpournoel.com\/es\/wp-json\/wp\/v2\/pages"}],"about":[{"href":"https:\/\/unpanierpournoel.com\/es\/wp-json\/wp\/v2\/types\/page"}],"author":[{"embeddable":true,"href":"https:\/\/unpanierpournoel.com\/es\/wp-json\/wp\/v2\/users\/3"}],"replies":[{"embeddable":true,"href":"https:\/\/unpanierpournoel.com\/es\/wp-json\/wp\/v2\/comments?post=12363"}],"version-history":[{"count":23,"href":"https:\/\/unpanierpournoel.com\/es\/wp-json\/wp\/v2\/pages\/12363\/revisions"}],"predecessor-version":[{"id":12793,"href":"https:\/\/unpanierpournoel.com\/es\/wp-json\/wp\/v2\/pages\/12363\/revisions\/12793"}],"wp:attachment":[{"href":"https:\/\/unpanierpournoel.com\/es\/wp-json\/wp\/v2\/media?parent=12363"}],"curies":[{"name":"wp","href":"https:\/\/api.w.org\/{rel}","templated":true}]}}