{"id":12359,"date":"2024-10-31T10:00:11","date_gmt":"2024-10-31T09:00:11","guid":{"rendered":"https:\/\/unpanierpournoel.com\/?page_id=12359"},"modified":"2024-11-13T18:25:51","modified_gmt":"2024-11-13T17:25:51","slug":"newsletter-novembre-2024","status":"publish","type":"page","link":"https:\/\/unpanierpournoel.com\/es\/newsletter-novembre-2024\/","title":{"rendered":"Newsletter Noviembre 2024"},"content":{"rendered":"<div class=\"wp-block-image\">\n<figure class=\"alignright size-large\"><img loading=\"lazy\" decoding=\"async\" width=\"1024\" height=\"357\" src=\"https:\/\/unpanierpournoel.com\/wp-content\/uploads\/2022\/10\/logo_highresolution-2-1024x357.jpg\" alt=\"\" class=\"wp-image-9178\" srcset=\"https:\/\/unpanierpournoel.com\/wp-content\/uploads\/2022\/10\/logo_highresolution-2-1024x357.jpg 1024w, https:\/\/unpanierpournoel.com\/wp-content\/uploads\/2022\/10\/logo_highresolution-2-scaled-350x122.jpg 350w, https:\/\/unpanierpournoel.com\/wp-content\/uploads\/2022\/10\/logo_highresolution-2-300x105.jpg 300w, https:\/\/unpanierpournoel.com\/wp-content\/uploads\/2022\/10\/logo_highresolution-2-768x268.jpg 768w, https:\/\/unpanierpournoel.com\/wp-content\/uploads\/2022\/10\/logo_highresolution-2-1536x536.jpg 1536w, https:\/\/unpanierpournoel.com\/wp-content\/uploads\/2022\/10\/logo_highresolution-2-2048x714.jpg 2048w\" sizes=\"(max-width: 767px) 89vw, (max-width: 1000px) 54vw, (max-width: 1071px) 543px, 580px\" \/><\/figure><\/div>\n\n\n<p><\/p>\n\n\n\n<p><\/strong><\/mark><\/p>\n\n\n\n<p><\/p>\n\n\n\n<p class=\"has-text-align-right has-large-font-size\"><strong><mark style=\"background-color:rgba(0, 0, 0, 0);color:#00d10a\" class=\"has-inline-color\"> <\/mark><\/strong><\/mark><\/strong><\/p>\n\n\n\n<p><strong><\/p>\n\n\n\n<p><\/p>\n\n\n\n<p class=\"has-text-align-right has-large-font-size\"><strong><mark style=\"background-color:rgba(0, 0, 0, 0);color:#00d10a\" class=\"has-inline-color\"> <strong><mark style=\"background-color:rgba(0, 0, 0, 0);color:#00d10a\" class=\"has-inline-color\"><strong><mark style=\"background-color:rgba(0, 0, 0, 0);color:#00d10a\" class=\"has-inline-color\">Newsletter<\/mark><\/strong><\/mark><\/strong> Noviembre 2024<\/mark><\/strong><mark style=\"background-color:rgba(0, 0, 0, 0)\" class=\"has-inline-color has-vivid-green-cyan-color\"><strong><\/strong><\/mark><\/p>\n\n\n\n<p><strong>Queridos amigos y apoyadores de la Asociaci\u00f3n Un Panier pour No\u00ebl,<\/strong><\/p>\n\n\n<div class=\"wp-block-image\">\n<figure class=\"alignright size-full is-resized\"><img loading=\"lazy\" decoding=\"async\" width=\"512\" height=\"614\" src=\"https:\/\/unpanierpournoel.com\/wp-content\/uploads\/2022\/10\/icon-2.png\" alt=\"\" class=\"wp-image-9223\" style=\"width:81px;height:98px\" srcset=\"https:\/\/unpanierpournoel.com\/wp-content\/uploads\/2022\/10\/icon-2.png 512w, https:\/\/unpanierpournoel.com\/wp-content\/uploads\/2022\/10\/icon-2-350x420.png 350w, https:\/\/unpanierpournoel.com\/wp-content\/uploads\/2022\/10\/icon-2-250x300.png 250w\" sizes=\"(max-width: 512px) 100vw, 512px\" \/><\/figure><\/div>\n\n<div class=\"wp-block-image\">\n<figure class=\"alignright size-full is-resized\"><img loading=\"lazy\" decoding=\"async\" width=\"512\" height=\"614\" src=\"https:\/\/unpanierpournoel.com\/wp-content\/uploads\/2022\/10\/icon-2.png\" alt=\"\" class=\"wp-image-9223\" style=\"aspect-ratio:0.826530612244898;width:20px;height:auto\" srcset=\"https:\/\/unpanierpournoel.com\/wp-content\/uploads\/2022\/10\/icon-2.png 512w, https:\/\/unpanierpournoel.com\/wp-content\/uploads\/2022\/10\/icon-2-350x420.png 350w, https:\/\/unpanierpournoel.com\/wp-content\/uploads\/2022\/10\/icon-2-250x300.png 250w\" sizes=\"(max-width: 512px) 100vw, 512px\" \/><\/figure><\/div>\n\n\n<p>Nos complace presentarles nuestro bolet\u00edn anual, una oportunidad para compartir las maravillosas acciones que hemos logrado gracias a su apoyo y para invitarlos a nuestra nueva aventura de solidaridad para la Navidad 2024! \u2764\ufe0f<\/p>\n\n\n\n<p><\/p>\n\n\n\n<blockquote class=\"wp-block-quote has-text-align-right is-style-default has-black-color has-electric-grass-gradient-background has-text-color has-background is-layout-flow wp-block-quote-is-layout-flow\" style=\"font-style:italic;font-weight:100\">\n<p class=\"has-text-align-center\">\u00abBendita sea la temporada que involucra al mundo entero en una conspiraci\u00f3n de amor.\u00bb<\/p>\n<cite>Hamilton Wright Mabie  <\/cite><\/blockquote>\n\n\n\n<p><\/p>\n\n\n\n<h3 class=\"wp-block-heading\"><strong>\ud83d\udcfd\ufe0f \u00a1Nuestro A\u00f1o 2023 en Im\u00e1genes!<\/strong><\/h3>\n\n\n\n<p>Revive los momentos destacados de 2023 a trav\u00e9s de un video exclusivo. \u00a1Haz <strong><a href=\"https:\/\/www.youtube.com\/watch?v=QEOY_TYUQps\"><mark style=\"background-color:rgba(0, 0, 0, 0)\" class=\"has-inline-color has-vivid-cyan-blue-color\">clic aqu\u00ed<\/mark><\/a><mark style=\"background-color:rgba(0, 0, 0, 0)\" class=\"has-inline-color has-vivid-cyan-blue-color\"><a href=\"https:\/\/www.youtube.com\/watch?v=QEOY_TYUQps\"> <\/a><\/mark><\/strong>para sumergirte en las acciones que, gracias a ti, han tra\u00eddo sonrisas, calidez y esperanza a las familias en Ecuador! Tambi\u00e9n nos complace compartir con vosotros el <a href=\"https:\/\/unpanierpournoel.com\/es\/rapport-dactivite-2023\/\"><strong><mark style=\"background-color:rgba(0, 0, 0, 0)\" class=\"has-inline-color has-vivid-cyan-blue-color\">informe de actividades de 2023<\/mark><\/strong><\/a>.<\/p>\n\n\n\n<p>\ud83d\udcbc <strong>Cuentas 2023 \u2013 Transparencia y Confianza<\/strong><\/p>\n\n\n\n<p>Estamos orgullosos de presentarles las cuentas de 2023 de nuestra asociaci\u00f3n, cuidadosamente preparadas y revisadas a fondo.<\/p>\n\n\n\n<ul>\n<li><strong><a href=\"https:\/\/unpanierpournoel.com\/es\/17eme-exercice-social-2023-2024\/\">Resumen Financiero 2023<\/a><\/strong>: Sum\u00e9rgete en las cifras clave y descubre c\u00f3mo se han repartido cada donaci\u00f3n para apoyar nuestra misi\u00f3n, gracias al trabajo de la Sra. Alexia Bertoli de <strong><a href=\"https:\/\/www.local.ch\/fr\/d\/lausanne\/1004\/abexpert-fiduciaire-sarl-2vQEwCumUhqc7qDzTNTV7Q\"><mark style=\"background-color:rgba(0, 0, 0, 0)\" class=\"has-inline-color has-vivid-cyan-blue-color\">ABExpert Fiduciaire S\u00e0rl<\/mark><\/a><\/strong>,<\/li>\n\n\n\n<li><strong><a href=\"https:\/\/unpanierpournoel.com\/es\/17eme-exercice-social-2023-2024\/\">Revisi\u00f3n de Cuentas<\/a><\/strong>: Nuestras cuentas han sido meticulosamente examinadas por la Sra. Angela Recchia y la <strong><a href=\"https:\/\/www.cofirev.ch\"><mark style=\"background-color:rgba(0, 0, 0, 0)\" class=\"has-inline-color has-vivid-cyan-blue-color\">Fiduciaire Cofirev<\/mark><\/a><mark style=\"background-color:rgba(0, 0, 0, 0)\" class=\"has-inline-color has-vivid-cyan-blue-color\"> <\/mark><\/strong>del Sr. Thierry Jaccard para garantizar una supervisi\u00f3n \u00f3ptima; \u00a1nada escapa a su escrutinio!<\/li>\n<\/ul>\n\n\n\n<p>Gracias a esta diligencia, podemos garantizar que cada donaci\u00f3n se utiliza para maximizar el impacto de nuestras acciones.<\/p>\n\n\n\n<p>\ud83c\udf9f\ufe0f&nbsp;<strong>Gran Rifa de Navidad \u2013 \u00a1Gana Premios Incre\u00edbles!<\/strong><\/p>\n\n\n\n<p>\u00a1\u00danete a la aventura de nuestra Rifa de Navidad! Con solo&nbsp;<strong>CHF 5.- por boleto<\/strong>, puedes probar tu suerte para ganar premios excepcionales mientras contribuyes directamente a nuestra misi\u00f3n. \u00a1Cada boleto es un paso m\u00e1s hacia una Navidad c\u00e1lida y alegre para todos!<\/p>\n\n\n\n<p>Ordenar tu boleto m\u00e1gico es simple:<\/p>\n\n\n\n<p>\ud83d\udcde&nbsp;<strong>Por tel\u00e9fono<\/strong>: +41 79 9078795<br>\u2709\ufe0f&nbsp;<strong>Por correo electr\u00f3nico<\/strong>:&nbsp;<a>uppnoel@gmail.com<\/a><\/p>\n\n\n\n<p>Entonces, \u00bfest\u00e1s listo(a) para intentar tu suerte y esparcir la magia de la Navidad? \u00a1Juntos, hagamos de esta temporada festiva una celebraci\u00f3n para todos! \ud83c\udf84<\/p>\n\n\n\n<p>\ud83d\udccd&nbsp;<strong>Nuestras Nuevas Direcciones Favoritas<\/strong><\/p>\n\n\n\n<p>Hemos descubierto algunas joyas locales que satisfar\u00e1n tus necesidades diarias con estilo. \u00a1Echa un vistazo a nuestro sitio web para descubrir estos lugares favoritos que comparten nuestros valores de solidaridad y comunidad! \u2728<\/p>\n\n\n\n<p>\ud83e\udd32&nbsp;<strong>Apadrina a una Familia para Navidad 2024 \u2013 \u00a1Ofrece Magia por Solo CHF 20!<\/strong><\/p>\n\n\n\n<p>Este a\u00f1o, te invitamos a apadrinar a una familia por la m\u00f3dica suma de&nbsp;<strong>CHF 20<\/strong>. Este gesto permitir\u00e1 ofrecer un paquete festivo y bien surtido a una familia en necesidad, trayendo un poco de consuelo y magia durante esta temporada navide\u00f1a. Con tu ayuda, podemos iluminar la Navidad para a\u00fan m\u00e1s hogares en Ecuador.<\/p>\n\n\n\n<p>\ud83d\ude4f&nbsp;<strong>\u00a1Gracias de Todo Coraz\u00f3n!<\/strong><\/p>\n\n\n\n<p>Tu lealtad y generosidad son la fuerza impulsora de nuestra misi\u00f3n. \u00a1Juntos, hagamos de la Navidad 2024 un momento de compartir y alegr\u00eda para todos!<\/p>\n\n\n\n<p>No dudes en compartir este bolet\u00edn con tus seres queridos y seguirnos en Facebook para no perderte nuestras actividades (y todas las formas fant\u00e1sticas de participar).<\/p>\n\n\n\n<p>Un enorme agradecimiento por tu apoyo; realmente hace la diferencia. \u2764\ufe0f<\/p>\n\n\n\n<p>Con toda nuestra gratitud,<\/p>\n\n\n\n<div class=\"wp-block-columns is-layout-flex wp-container-core-columns-is-layout-3 wp-block-columns-is-layout-flex\">\n<div class=\"wp-block-column is-layout-flow wp-block-column-is-layout-flow\" style=\"flex-basis:66.66%\">\n<p><\/p>\n\n\n\n<p><\/p>\n\n\n\n<p class=\"has-text-align-right has-medium-font-size\"><strong><a href=\"https:\/\/unpanierpournoel.com\">Asociaci\u00f3n Un Panier Pour No\u00ebl<\/a><\/strong><\/p>\n<\/div>\n\n\n\n<div class=\"wp-block-column is-layout-flow wp-block-column-is-layout-flow\" style=\"flex-basis:33.33%\">\n<figure class=\"wp-block-image size-full\"><img loading=\"lazy\" decoding=\"async\" width=\"300\" height=\"300\" src=\"https:\/\/unpanierpournoel.com\/wp-content\/uploads\/2023\/11\/1166170_f4b80.gif\" alt=\"\" class=\"wp-image-11685\"\/><\/figure>\n<\/div>\n<\/div>\n\n\n\n<p class=\"has-text-align-center has-medium-font-size\">Para m\u00e1s informaci\u00f3n, puedes visitar nuestro sitio web:&nbsp;<strong><a href=\"https:\/\/unpanierpournoel.com\" data-type=\"URL\" data-id=\"https:\/\/unpanierpournoel.com\"><mark style=\"background-color:rgba(0, 0, 0, 0)\" class=\"has-inline-color has-vivid-cyan-blue-color\">www.unpanierpournoel.com<\/mark><\/a><\/strong><\/p>\n\n\n\n<blockquote class=\"wp-block-quote has-text-align-right is-style-default has-black-color has-electric-grass-gradient-background has-text-color has-background is-layout-flow wp-block-quote-is-layout-flow\" style=\"font-style:italic;font-weight:100\">\n<p class=\"has-text-align-center\">\u00abTransformando la indiferencia y la ignorancia en solidaridad.\u00bb<\/p>\n<cite>Magda Hollander-Lafon   <\/cite><\/blockquote>\n\n\n\n<p><\/p>\n\n\n\n<figure class=\"wp-block-image size-large\"><img loading=\"lazy\" decoding=\"async\" width=\"1024\" height=\"140\" src=\"https:\/\/unpanierpournoel.com\/wp-content\/uploads\/2021\/06\/image2-1024x140.jpg\" alt=\"\" class=\"wp-image-8382\" srcset=\"https:\/\/unpanierpournoel.com\/wp-content\/uploads\/2021\/06\/image2-1024x140.jpg 1024w, https:\/\/unpanierpournoel.com\/wp-content\/uploads\/2021\/06\/image2-350x48.jpg 350w, https:\/\/unpanierpournoel.com\/wp-content\/uploads\/2021\/06\/image2-300x41.jpg 300w, https:\/\/unpanierpournoel.com\/wp-content\/uploads\/2021\/06\/image2-768x105.jpg 768w, https:\/\/unpanierpournoel.com\/wp-content\/uploads\/2021\/06\/image2.jpg 1488w\" sizes=\"(max-width: 767px) 89vw, (max-width: 1000px) 54vw, (max-width: 1071px) 543px, 580px\" \/><\/figure>\n\n\n\n<figure class=\"wp-block-image size-large\"><img loading=\"lazy\" decoding=\"async\" width=\"1024\" height=\"507\" src=\"https:\/\/unpanierpournoel.com\/wp-content\/uploads\/2024\/11\/flyer-1024x507.png\" alt=\"\" class=\"wp-image-12800\" srcset=\"https:\/\/unpanierpournoel.com\/wp-content\/uploads\/2024\/11\/flyer-1024x507.png 1024w, https:\/\/unpanierpournoel.com\/wp-content\/uploads\/2024\/11\/flyer-300x149.png 300w, https:\/\/unpanierpournoel.com\/wp-content\/uploads\/2024\/11\/flyer-768x380.png 768w, https:\/\/unpanierpournoel.com\/wp-content\/uploads\/2024\/11\/flyer-1536x761.png 1536w, https:\/\/unpanierpournoel.com\/wp-content\/uploads\/2024\/11\/flyer-2048x1014.png 2048w, https:\/\/unpanierpournoel.com\/wp-content\/uploads\/2024\/11\/flyer-350x173.png 350w\" sizes=\"(max-width: 767px) 89vw, (max-width: 1000px) 54vw, (max-width: 1071px) 543px, 580px\" \/><\/figure>\n\n\n\n<figure class=\"wp-block-image size-large\"><img loading=\"lazy\" decoding=\"async\" width=\"1024\" height=\"527\" src=\"https:\/\/unpanierpournoel.com\/wp-content\/uploads\/2024\/11\/flyer_dos-1024x527.png\" alt=\"\" class=\"wp-image-12801\" srcset=\"https:\/\/unpanierpournoel.com\/wp-content\/uploads\/2024\/11\/flyer_dos-1024x527.png 1024w, https:\/\/unpanierpournoel.com\/wp-content\/uploads\/2024\/11\/flyer_dos-300x154.png 300w, https:\/\/unpanierpournoel.com\/wp-content\/uploads\/2024\/11\/flyer_dos-768x395.png 768w, https:\/\/unpanierpournoel.com\/wp-content\/uploads\/2024\/11\/flyer_dos-1536x790.png 1536w, https:\/\/unpanierpournoel.com\/wp-content\/uploads\/2024\/11\/flyer_dos-2048x1053.png 2048w\" sizes=\"(max-width: 767px) 89vw, (max-width: 1000px) 54vw, (max-width: 1071px) 543px, 580px\" \/><\/figure>","protected":false},"excerpt":{"rendered":"<p>Newsletter Noviembre 2024 Queridos amigos y apoyadores de la Asociaci\u00f3n Un Panier pour No\u00ebl, Nos complace presentarles nuestro bolet\u00edn anual, una oportunidad para compartir las maravillosas acciones que hemos logrado gracias a su apoyo y para invitarlos a nuestra nueva aventura de solidaridad para la Navidad 2024! \u2764\ufe0f \u00abBendita sea la temporada que involucra al &hellip; <\/p>\n<p class=\"link-more\"><a href=\"https:\/\/unpanierpournoel.com\/es\/newsletter-novembre-2024\/\" class=\"more-link\">Continuar leyendo<span class=\"screen-reader-text\"> \u00abNewsletter Noviembre 2024\u00bb<\/span><\/a><\/p>\n","protected":false},"author":3,"featured_media":0,"parent":0,"menu_order":0,"comment_status":"closed","ping_status":"closed","template":"","meta":{"footnotes":""},"_links":{"self":[{"href":"https:\/\/unpanierpournoel.com\/es\/wp-json\/wp\/v2\/pages\/12359"}],"collection":[{"href":"https:\/\/unpanierpournoel.com\/es\/wp-json\/wp\/v2\/pages"}],"about":[{"href":"https:\/\/unpanierpournoel.com\/es\/wp-json\/wp\/v2\/types\/page"}],"author":[{"embeddable":true,"href":"https:\/\/unpanierpournoel.com\/es\/wp-json\/wp\/v2\/users\/3"}],"replies":[{"embeddable":true,"href":"https:\/\/unpanierpournoel.com\/es\/wp-json\/wp\/v2\/comments?post=12359"}],"version-history":[{"count":80,"href":"https:\/\/unpanierpournoel.com\/es\/wp-json\/wp\/v2\/pages\/12359\/revisions"}],"predecessor-version":[{"id":12804,"href":"https:\/\/unpanierpournoel.com\/es\/wp-json\/wp\/v2\/pages\/12359\/revisions\/12804"}],"wp:attachment":[{"href":"https:\/\/unpanierpournoel.com\/es\/wp-json\/wp\/v2\/media?parent=12359"}],"curies":[{"name":"wp","href":"https:\/\/api.w.org\/{rel}","templated":true}]}}