{"id":12132,"date":"2024-07-24T17:45:52","date_gmt":"2024-07-24T15:45:52","guid":{"rendered":"https:\/\/unpanierpournoel.com\/?page_id=12132"},"modified":"2024-07-24T17:45:52","modified_gmt":"2024-07-24T15:45:52","slug":"repas-de-soutien-2024","status":"publish","type":"page","link":"https:\/\/unpanierpournoel.com\/es\/repas-de-soutien-2024\/","title":{"rendered":"Comida de Apoyo 2024"},"content":{"rendered":"<p><\/p>\n\n\n\n<p><\/p>\n\n\n\n<p> \u00a1Ven y apoya a la asociaci\u00f3n comi\u00e9ndote una fritada! \u00a1Vengan en familia !<\/p>\n\n\n\n<figure class=\"wp-block-image size-large\"><img loading=\"lazy\" decoding=\"async\" width=\"901\" height=\"1024\" src=\"https:\/\/unpanierpournoel.com\/wp-content\/uploads\/2024\/07\/Fritada_es-901x1024.png\" alt=\"\" class=\"wp-image-12135\" srcset=\"https:\/\/unpanierpournoel.com\/wp-content\/uploads\/2024\/07\/Fritada_es-901x1024.png 901w, https:\/\/unpanierpournoel.com\/wp-content\/uploads\/2024\/07\/Fritada_es-264x300.png 264w, https:\/\/unpanierpournoel.com\/wp-content\/uploads\/2024\/07\/Fritada_es-768x872.png 768w, https:\/\/unpanierpournoel.com\/wp-content\/uploads\/2024\/07\/Fritada_es-350x398.png 350w, https:\/\/unpanierpournoel.com\/wp-content\/uploads\/2024\/07\/Fritada_es.png 1324w\" sizes=\"(max-width: 767px) 89vw, (max-width: 1000px) 54vw, (max-width: 1071px) 543px, 580px\" \/><\/figure>\n\n\n\n<p>Programa del d\u00eda:<\/p>\n\n\n\n<p>Karaoke, baile, tr\u00e9sor \u00e0 petit prix, artesan\u00eda, \u2026<\/p>\n\n\n\n<p><\/p>","protected":false},"excerpt":{"rendered":"<p>\u00a1Ven y apoya a la asociaci\u00f3n comi\u00e9ndote una fritada! \u00a1Vengan en familia ! Programa del d\u00eda: Karaoke, baile, tr\u00e9sor \u00e0 petit prix, artesan\u00eda, \u2026<\/p>\n","protected":false},"author":3,"featured_media":0,"parent":0,"menu_order":0,"comment_status":"closed","ping_status":"closed","template":"","meta":{"footnotes":""},"_links":{"self":[{"href":"https:\/\/unpanierpournoel.com\/es\/wp-json\/wp\/v2\/pages\/12132"}],"collection":[{"href":"https:\/\/unpanierpournoel.com\/es\/wp-json\/wp\/v2\/pages"}],"about":[{"href":"https:\/\/unpanierpournoel.com\/es\/wp-json\/wp\/v2\/types\/page"}],"author":[{"embeddable":true,"href":"https:\/\/unpanierpournoel.com\/es\/wp-json\/wp\/v2\/users\/3"}],"replies":[{"embeddable":true,"href":"https:\/\/unpanierpournoel.com\/es\/wp-json\/wp\/v2\/comments?post=12132"}],"version-history":[{"count":1,"href":"https:\/\/unpanierpournoel.com\/es\/wp-json\/wp\/v2\/pages\/12132\/revisions"}],"predecessor-version":[{"id":12136,"href":"https:\/\/unpanierpournoel.com\/es\/wp-json\/wp\/v2\/pages\/12132\/revisions\/12136"}],"wp:attachment":[{"href":"https:\/\/unpanierpournoel.com\/es\/wp-json\/wp\/v2\/media?parent=12132"}],"curies":[{"name":"wp","href":"https:\/\/api.w.org\/{rel}","templated":true}]}}