{"id":12114,"date":"2024-07-03T09:36:54","date_gmt":"2024-07-03T07:36:54","guid":{"rendered":"https:\/\/unpanierpournoel.com\/?page_id=12114"},"modified":"2024-07-03T09:48:30","modified_gmt":"2024-07-03T07:48:30","slug":"conditions-generales-de-vente","status":"publish","type":"page","link":"https:\/\/unpanierpournoel.com\/es\/conditions-generales-de-vente\/","title":{"rendered":"CONDICIONES GENERALES DE VENTA"},"content":{"rendered":"<p><\/p>\n\n\n\n<ol>\n<li>Objeto<\/li>\n<\/ol>\n\n\n\n<p>Las presentes Condiciones Generales de Venta (CGV) regulan la venta de los productos alimenticios ofrecidos por la asociaci\u00f3n Un panier pour No\u00ebl, cuya sede social se encuentra en Suiza. Las ofertas y los precios de los productos en l\u00ednea s\u00f3lo son v\u00e1lidos mientras sean visibles en el sitio y dentro de los l\u00edmites de las existencias disponibles. Los dibujos, im\u00e1genes o esquemas que aparecen en el sitio web y en el resto de la documentaci\u00f3n son meramente ilustrativos y no forman parte de las condiciones contractuales. Las informaciones que figuran en las notas explicativas se dan a t\u00edtulo indicativo y no constituyen un documento contractual. La asociaci\u00f3n Un panier pour No\u00ebl declina toda responsabilidad por los errores u omisiones relativos a dichos dibujos, im\u00e1genes o esquemas o que figuren en dichas notas explicativas.<\/p>\n\n\n\n<ol start=\"2\">\n<li>Aceptaci\u00f3n de las Condiciones Generales de Venta (CGV)<\/li>\n<\/ol>\n\n\n\n<p>Todo pedido realizado en la pagina web https:\/\/unpanierpournoel.com\/boutique implica la aceptaci\u00f3n incondicional de estas CGV. El cliente reconoce haber le\u00eddo las presentes CGV antes de realizar el pedido.<\/p>\n\n\n\n<ol start=\"3\">\n<li>Productos<\/li>\n<\/ol>\n\n\n\n<p>Los productos ofrecidos a la venta son los que figuran en el sitio web https:\/\/unpanierpournoel.com\/boutique el d\u00eda de la consulta del sitio web por parte del cliente. Los productos estan descritos y presentados con la mayor exactitud posible. No obstante, Un panier pour No\u00ebl no se hace responsable de los errores u omisiones que pueda haber en esta presentaci\u00f3n.<\/p>\n\n\n\n<ol start=\"4\">\n<li>Pedido<\/li>\n<\/ol>\n\n\n\n<p>El cliente realiza un pedido de acuerdo con las especificaciones facilitadas en l\u00ednea. Todo pedido implica la aceptaci\u00f3n de los precios y descripciones de los productos disponibles para la venta.<\/p>\n\n\n\n<ol start=\"5\">\n<li>Precios<\/li>\n<\/ol>\n\n\n\n<p>Los precios de los productos se indican en francos suizos (CHF) con todos los impuestos incluidos (TTC) y son aplicables \u00fanicamente en la fecha de validaci\u00f3n del pedido por parte del cliente. La asociaci\u00f3n Un panier pour No\u00ebl se reserva el derecho de modificar sus precios en cualquier momento, garantizando al cliente la aplicaci\u00f3n del precio en vigor el d\u00eda del pedido.<\/p>\n\n\n\n<ol start=\"6\">\n<li>Pago<\/li>\n<\/ol>\n\n\n\n<p>El pago debe efectuarse inmediatamente despu\u00e9s de realizar el pedido. El cliente puede pagar con tarjeta de cr\u00e9dito o cualquier otro medio de pago propuesto en el sitio. El cliente garantiza que dispone de la autorizaci\u00f3n necesaria para utilizar el medio de pago elegido.<\/p>\n\n\n\n<ol start=\"7\">\n<li>Entrega<\/li>\n<\/ol>\n\n\n\n<p>Los productos se entregan en la direcci\u00f3n indicada por el cliente al realizar el pedido. La asociaci\u00f3n Un panier pour No\u00ebl se compromete a entregar los productos en los plazos indicados en el sitio. En caso de retraso en la entrega, se informar\u00e1 al cliente lo antes posible.<\/p>\n\n\n\n<ol start=\"8\">\n<li>Derecho de retractaci\u00f3n<\/li>\n<\/ol>\n\n\n\n<p>De conformidad con la legislaci\u00f3n suiza vigente, los productos alimenticios no pueden devolverse ni cambiarse.<\/p>\n\n\n\n<ol start=\"9\">\n<li>Responsabilidad<\/li>\n<\/ol>\n\n\n\n<p>La asociaci\u00f3n Un panier pour No\u00ebl declina toda responsabilidad en caso de reacciones al\u00e9rgicas tras el consumo de productos vendidos en el sitio. Es responsabilidad del cliente comprobar la informaci\u00f3n sobre al\u00e9rgenos de cada producto antes de consumirlo.<\/p>\n\n\n\n<ol start=\"10\">\n<li>Reclamaciones<\/li>\n<\/ol>\n\n\n\n<p>Todas las reclamaciones deber\u00e1n enviarse por correo electr\u00f3nico a uppnoel@gmail.com en un plazo de 48 horas a partir de la recepci\u00f3n del pedido. Transcurrido este plazo, no se tendr\u00e1 en cuenta ninguna reclamaci\u00f3n.<\/p>\n\n\n\n<ol start=\"11\">\n<li>Datos personales<\/li>\n<\/ol>\n\n\n\n<p>Un panier pour No\u00ebl se compromete a proteger los datos personales del cliente. La informaci\u00f3n recogida es necesaria para gestionar el pedido y mejorar los servicios ofrecidos. En ning\u00fan caso se transmitir\u00e1n a terceros sin el consentimiento previo del cliente.<\/p>\n\n\n\n<ol start=\"12\">\n<li>Derecho aplicable<\/li>\n<\/ol>\n\n\n\n<p>Las presentes CGC est\u00e1n sujetas a la legislaci\u00f3n suiza. En caso de litigio, los tribunales suizos ser\u00e1n los \u00fanicos competentes.<\/p>\n\n\n\n<ol start=\"13\">\n<li>Modificaciones de las Condiciones Generales de Venta<\/li>\n<\/ol>\n\n\n\n<p>La asociaci\u00f3n Un panier pour No\u00ebl se reserva el derecho de modificar las presentes condiciones generales en cualquier momento. Las nuevas condiciones s\u00f3lo se aplicar\u00e1n a las ventas realizadas despu\u00e9s de la modificaci\u00f3n.<\/p>\n\n\n\n<p>Si tiene alguna pregunta sobre las presentes CGV, p\u00f3ngase en contacto con nuestro servicio de atenci\u00f3n al cliente en la siguiente direcci\u00f3n: uppnoel@gmail.com.<\/p>\n\n\n\n<p><\/p>","protected":false},"excerpt":{"rendered":"<p>Las presentes Condiciones Generales de Venta (CGV) regulan la venta de los productos alimenticios ofrecidos por la asociaci\u00f3n Un panier pour No\u00ebl, cuya sede social se encuentra en Suiza. Las ofertas y los precios de los productos en l\u00ednea s\u00f3lo son v\u00e1lidos mientras sean visibles en el sitio y dentro de los l\u00edmites de las &hellip; <\/p>\n<p class=\"link-more\"><a href=\"https:\/\/unpanierpournoel.com\/es\/conditions-generales-de-vente\/\" class=\"more-link\">Continuar leyendo<span class=\"screen-reader-text\"> \u00abCONDICIONES GENERALES DE VENTA\u00bb<\/span><\/a><\/p>\n","protected":false},"author":96,"featured_media":0,"parent":0,"menu_order":0,"comment_status":"closed","ping_status":"closed","template":"","meta":{"footnotes":""},"_links":{"self":[{"href":"https:\/\/unpanierpournoel.com\/es\/wp-json\/wp\/v2\/pages\/12114"}],"collection":[{"href":"https:\/\/unpanierpournoel.com\/es\/wp-json\/wp\/v2\/pages"}],"about":[{"href":"https:\/\/unpanierpournoel.com\/es\/wp-json\/wp\/v2\/types\/page"}],"author":[{"embeddable":true,"href":"https:\/\/unpanierpournoel.com\/es\/wp-json\/wp\/v2\/users\/96"}],"replies":[{"embeddable":true,"href":"https:\/\/unpanierpournoel.com\/es\/wp-json\/wp\/v2\/comments?post=12114"}],"version-history":[{"count":4,"href":"https:\/\/unpanierpournoel.com\/es\/wp-json\/wp\/v2\/pages\/12114\/revisions"}],"predecessor-version":[{"id":12121,"href":"https:\/\/unpanierpournoel.com\/es\/wp-json\/wp\/v2\/pages\/12114\/revisions\/12121"}],"wp:attachment":[{"href":"https:\/\/unpanierpournoel.com\/es\/wp-json\/wp\/v2\/media?parent=12114"}],"curies":[{"name":"wp","href":"https:\/\/api.w.org\/{rel}","templated":true}]}}