{"id":12093,"date":"2024-06-12T16:27:35","date_gmt":"2024-06-12T14:27:35","guid":{"rendered":"https:\/\/unpanierpournoel.com\/?page_id=12093"},"modified":"2024-06-12T16:27:36","modified_gmt":"2024-06-12T14:27:36","slug":"protection-des-donnees","status":"publish","type":"page","link":"https:\/\/unpanierpournoel.com\/es\/protection-des-donnees\/","title":{"rendered":"Protection des donn\u00e9es"},"content":{"rendered":"\n<p>D\u00e9claration de protection des donn\u00e9es de Un panier pour No\u00ebl.<\/p>\n\n\n\n<p>Type de donn\u00e9es personnelles<br><strong>Donn\u00e9es personnelles d&#8217;ordre g\u00e9n\u00e9ral<\/strong><br>Nous traitons des donn\u00e9es personnelles d&#8217;ordre g\u00e9n\u00e9ral vous concernant, p. ex. le nom et les donn\u00e9es de contact.<br><strong>Donn\u00e9es financi\u00e8res<\/strong><br>Nous traitons vos donn\u00e9es financi\u00e8res.<\/p>\n\n\n\n<p><strong>Donn\u00e9es de localisation<\/strong><br>Nous traitons vos donn\u00e9es de localisation.<\/p>\n\n\n\n<p><strong>Source des donn\u00e9es personnelles<\/strong><br>Donn\u00e9es fournies<br>Nous traitons les donn\u00e9es personnelles que vous mettez \u00e0 notre disposition via l\u2019utilisation de notre site internet.<\/p>\n\n\n\n<p><strong>Transmission \u00e0 des tiers<\/strong><br>Transmission de donn\u00e9es<br>En aucun cas nous ne transmettons vos donn\u00e9es personnelles \u00e0 des tiers.<\/p>\n\n\n\n<p><strong>Lieu du traitement<\/strong><br>Nous ne traitons vos donn\u00e9es personnelles qu&#8217;en Suisse.<\/p>\n\n\n\n<p>Dans cette d\u00e9claration de protection des donn\u00e9es, nous d\u00e9crivons ce que nous faisons de vos donn\u00e9es lorsque vous utilisez <a href=\"https:\/\/unpanierpournoel.com\">https:\/\/unpanierpournoel.com<\/a>, lorsque vous achetez nos produits et services, lorsque vous \u00eates en contact avec nous dans le cadre d&#8217;un contrat, lorsque vous communiquez avec nous ou traitez avec nous de toute autre mani\u00e8re.<br>Cette d\u00e9claration de protection des donn\u00e9es est align\u00e9e sur le R\u00e8glement g\u00e9n\u00e9ral de l&#8217;UE sur la protection des donn\u00e9es (\u00abRGPD\u00bb), la Loi f\u00e9d\u00e9rale sur la protection des donn\u00e9es (\u00abLPD\u00bb) et la nouvelle Loi f\u00e9d\u00e9rale sur la protection des donn\u00e9es (\u00abnLPD\u00bb).<\/p>\n\n\n\n<p>Un panier pour No\u00ebl, est le responsable du traitement des donn\u00e9es en vertu de la pr\u00e9sente d\u00e9claration de protection des donn\u00e9es.<\/p>\n\n\n\n<p>Vous pouvez nous contacter pour des questions de protection des donn\u00e9es et pour exercer vos droits comme suit :<br>Adresses de contact : Un panier pour No\u00ebl, Sur la Croix 70, 1020 Renens, Suisse<br>uppnoel@gmail.com<br>T\u00e9l\u00e9phone :+41 79 907 87 95\u00a0<\/p>\n\n\n\n<p><strong>Quelles sont les donn\u00e9es que nous traitons?<\/strong><br>Nous traitons diff\u00e9rentes cat\u00e9gories de donn\u00e9es vous concernant. Les principales cat\u00e9gories sont les suivantes :<br>Donn\u00e9es techniques : Lorsque vous utilisez notre site web nous collectons l&#8217;adresse IP de l&#8217;appareil que vous utilisez. Ces donn\u00e9es comprennent les registres d&#8217;utilisation de nos syst\u00e8mes. Nous conservons g\u00e9n\u00e9ralement les donn\u00e9es techniques pendant 12 mois. Afin de garantir la fonctionnalit\u00e9 de ces offres, nous pouvons \u00e9galement vous attribuer un code individuel ou attribuer un code \u00e0 votre terminal (par exemple sous la forme d&#8217;un cookie). Les donn\u00e9es techniques en tant que telles ne permettent pas de tirer des conclusions sur votre identit\u00e9. Toutefois, les donn\u00e9es techniques peuvent \u00eatre mises en relation avec d&#8217;autres cat\u00e9gories de donn\u00e9es (et potentiellement avec votre personne) dans le cadre de comptes d&#8217;utilisateurs, d&#8217;enregistrements, de contr\u00f4les d&#8217;acc\u00e8s ou de l&#8217;ex\u00e9cution d&#8217;un contrat.<br>Donn\u00e9es d&#8217;enregistrement : Certaines offres et certains services (par exemple l&#8217;envoi de newsletters, l\u2019achat sur notre site) ne peuvent \u00eatre utilis\u00e9s qu&#8217;avec un compte utilisateur ou apr\u00e8s inscription. Dans ce contexte, vous devez nous fournir certaines donn\u00e9es et nous collectons des donn\u00e9es sur l&#8217;utilisation de l&#8217;offre ou du service.<\/p>\n\n\n\n<p>Donn\u00e9es de communication : Lorsque vous \u00eates en contact avec nous via le formulaire de contact, par e-mail, par t\u00e9l\u00e9phone ou par courrier ou tout autre moyen de communication, nous collectons les donn\u00e9es que vous \u00e9changez avec nous, y compris vos coordonn\u00e9es et les m\u00e9tadonn\u00e9es de la communication.<\/p>\n\n\n\n<p>Donn\u00e9es de base : Par donn\u00e9es de base, nous entendons les donn\u00e9es de base dont nous avons besoin pour l&#8217;ex\u00e9cution de nos relations contractuelles et autres relations d&#8217;affaires ou \u00e0 des fins de marketing et de promotion, telles que votre nom et vos coordonn\u00e9es, ainsi que des informations concernant, par exemple, votre r\u00f4le et votre fonction, vos coordonn\u00e9es bancaires, votre date de naissance, votre historique clients et vos d\u00e9clarations de consentement. Nous traitons vos donn\u00e9es de base si vous \u00eates un client ou un autre contact commercial ou si vous travaillez pour l&#8217;un d&#8217;entre eux (par exemple en tant que personne de contact du partenaire commercial), ou parce que nous souhaitons vous contacter \u00e0 nos propres fins ou \u00e0 celles d&#8217;un partenaire contractuel (par exemple dans le cadre du marketing et de la publicit\u00e9, d&#8217;invitations \u00e0 des \u00e9v\u00e9nements, avec des bons d&#8217;achat, avec des newsletters, etc.). Nous recevons les donn\u00e9es de base de votre part (par exemple lorsque vous effectuez un achat ou dans le cadre d&#8217;une inscription), de personnes pour lesquelles vous travaillez ou de tiers tels que des partenaires contractuels, des associations et des courtiers en adresses, ainsi que de sources publiques telles que des registres publics ou internet (sites web, etc.).<\/p>\n\n\n\n<p><strong>\u00c0 quelles fins traitons-nous vos donn\u00e9es ?<\/strong><br>Nous traitons vos donn\u00e9es \u00e0 des fins de communication avec vous, notamment pour r\u00e9pondre \u00e0 vos demandes et pour nous permettre de vous contacter en cas de questions. \u00c0 cette fin, nous utilisons notamment les donn\u00e9es de communication et les donn\u00e9es de base, ainsi que les donn\u00e9es d&#8217;enregistrement en rapport avec les offres et services que vous utilisez. Nous traitons les donn\u00e9es pour la conclusion, l&#8217;administration et l&#8217;ex\u00e9cution des relations contractuelles. Nous pouvons \u00e9galement traiter vos donn\u00e9es \u00e0 des fins de s\u00e9curit\u00e9 et de contr\u00f4le d&#8217;acc\u00e8s. Nous traitons les donn\u00e9es personnelles pour nous conformer aux lois, directives et recommandations des autorit\u00e9s et aux r\u00e8glements internes (\u00abrespect des exigences l\u00e9gales\u00bb).<\/p>\n\n\n\n<p><strong>Avec qui partageons-nous vos donn\u00e9es ?<\/strong><br>Dans le cadre de nos contrats, du site web, de nos produits et services, de nos obligations l\u00e9gales, de la protection de nos int\u00e9r\u00eats l\u00e9gitimes, nous pouvons communiquer vos donn\u00e9es personnelles \u00e0 des tiers, notamment aux cat\u00e9gories de destinataires suivantes :<br>Prestataires de services : Nous travaillons avec un prestataire de services en Suisse qui traitent vos donn\u00e9es en notre nom ou en tant que responsables conjoints du traitement avec nous ou qui re\u00e7oivent des donn\u00e9es vous concernant de notre part en tant que responsables ind\u00e9pendants du traitement (H\u00e9bergement du site internet <a href=\"https:\/\/unpanierpournoel.com\">https:\/\/www.cigares-outlet.ch<\/a>). Les destinataires de vos donn\u00e9es \u00e0 caract\u00e8re personnel collect\u00e9es sur notre site sont en tout premier lieu nous-m\u00eames pour le traitement de vos commandes et la gestion de la relation client. D\u2019autres destinataires de vos donn\u00e9es personnelles sont, le cas \u00e9ch\u00e9ant, nos prestataires de moyens de paiement ou de s\u00e9curisation des paiements, nos prestataires de livraison, nos partenaires commerciaux. Dans le cas o\u00f9 cela est exig\u00e9 par la loi, votre consentement est recueilli ou une possibilit\u00e9 de refus vous est am\u00e9nag\u00e9e avant toute transmission de donn\u00e9es.<\/p>\n\n\n\n<p>Autorit\u00e9s : Nous pouvons communiquer des donn\u00e9es personnelles \u00e0 des agences, des tribunaux et d&#8217;autres autorit\u00e9s en Suisse et \u00e0 l&#8217;\u00e9tranger si nous sommes l\u00e9galement oblig\u00e9s ou habilit\u00e9s \u00e0 faire de telles communications ou si cela semble n\u00e9cessaire pour prot\u00e9ger nos int\u00e9r\u00eats.<\/p>\n\n\n\n<p><strong>Combien de temps traitons-nous vos donn\u00e9es ?<\/strong><br>Nous traitons vos donn\u00e9es aussi longtemps que nos finalit\u00e9s de traitement, les dur\u00e9es de conservation l\u00e9gales et nos int\u00e9r\u00eats l\u00e9gitimes en mati\u00e8re de documentation et de pr\u00e9servation des preuves l&#8217;exigent ou que la conservation est une exigence technique. En l&#8217;absence d&#8217;obligations l\u00e9gales ou contractuelles contraires, nous supprimerons ou anonymiserons vos donn\u00e9es une fois que la p\u00e9riode de conservation aura expir\u00e9 ou que le traitement aura cess\u00e9 dans le cadre de nos processus habituels.<\/p>\n\n\n\n<p><strong>Comment prot\u00e9geons-nous vos donn\u00e9es ?<\/strong><br>Nous prenons des mesures de s\u00e9curit\u00e9 ad\u00e9quates afin d&#8217;assurer la s\u00e9curit\u00e9 n\u00e9cessaire de vos donn\u00e9es personnelles et de garantir la confidentialit\u00e9, l&#8217;int\u00e9grit\u00e9 et la disponibilit\u00e9 de vos donn\u00e9es, de les prot\u00e9ger contre tout traitement non autoris\u00e9 ou ill\u00e9gal, et de minimiser le risque de perte, d&#8217;alt\u00e9ration accidentelle, de communication ou d&#8217;acc\u00e8s non autoris\u00e9.<\/p>\n\n\n\n<p><strong>Quels sont vos droits ?<\/strong><br>Pour vous aider \u00e0 contr\u00f4ler le traitement de vos donn\u00e9es personnelles, vous disposez des droits suivants en ce qui concerne notre traitement de vos donn\u00e9es, conform\u00e9ment \u00e0 la l\u00e9gislation applicable en mati\u00e8re de protection des donn\u00e9es :<\/p>\n\n\n\n<p>Le droit de nous demander des informations pour savoir si nous traitons des donn\u00e9es vous concernant et, cas \u00e9ch\u00e9ant, lesquelles ;<br>Le droit de demander que nous corrigions les donn\u00e9es si elles sont inexactes ;<br>Le droit de demander l&#8217;effacement des donn\u00e9es ;<br>Le droit de demander que nous fournissions certaines donn\u00e9es personnelles dans un format \u00e9lectronique couramment utilis\u00e9 ou que nous les transf\u00e9rions \u00e0 un autre responsable du traitement ;<br>Le droit de retirer votre consentement, lorsque notre traitement est bas\u00e9 sur votre consentement ;<br>Le droit de recevoir, sur demande, d&#8217;autres informations utiles \u00e0 l&#8217;exercice de ces droits.<\/p>\n\n\n\n<p>Si vous souhaitez exercer les droits susmentionn\u00e9s envers nous, vous pouvez nous contacter par \u00e9crit \u00e0 notre adresse ou par e-mail.<\/p>\n\n\n\n<p><strong>Utilisons-nous des techniques de suivi en ligne ?<\/strong><br>Nous utilisons diverses techniques sur notre site web qui nous permettent \u2013 ainsi qu&#8217;aux tiers que nous engageons \u2013 de vous reconna\u00eetre lors votre utilisation de notre site web, et \u00e9ventuellement de vous suivre sur plusieurs visites. Cette section vous informe \u00e0 ce sujet.<br>Notre site internet utilise des cookies. Il s\u2019agit de petits fichiers texte enregistr\u00e9s sur votre disque dur. Les cookies utilis\u00e9s sur notre site nous permettent de vous proposer les services suivants, par exemple : liste de souhaits, fonction de comparaison, sauvegarde du panier, identification lors d\u2019une nouvelle visite, m\u00e9morisation des consultations, personnalisation des offres commerciales que nous vous proposerons en fonction de votre historique de navigation etc. La plupart des cookies sont destin\u00e9s \u00e0 permettre ou faciliter votre navigation et sont n\u00e9cessaires au fonctionnement de notre boutique en ligne. L\u2019utilisation de cookies, propres ou tiers, n\u2019\u00e9tant pas obligatoirement n\u00e9cessaires au fonctionnement du site n\u00e9cessite un consentement expr\u00e8s de votre part. Vous pouvez manifester votre consentement ou vous opposer \u00e0 l\u2019utilisation des cookies en param\u00e9trant votre dispositif de connexion de mani\u00e8re appropri\u00e9e. Reportez-vous pour cela notamment au guide d\u2019utilisation de votre navigateur.<\/p>\n\n\n\n<p><strong>Nous distinguons les cat\u00e9gories suivantes de \u00abcookies\u00bb :<\/strong><br>Cookies n\u00e9cessaires : Certains cookies sont n\u00e9cessaires pour le fonctionnement du site web ou pour certaines fonctionnalit\u00e9s. Par exemple, ils garantissent que vous pouvez passer d&#8217;une page \u00e0 l&#8217;autre sans perdre les informations qui ont \u00e9t\u00e9 saisies dans un formulaire. Ils veillent \u00e9galement \u00e0 ce que vous restiez connect\u00e9. Ces cookies n&#8217;existent que temporairement (\u00abcookies de session\u00bb). Si vous les bloquez, le site web peut ne pas fonctionner correctement. D&#8217;autres cookies sont n\u00e9cessaires au serveur pour stocker des options ou des informations (que vous avez saisies) au-del\u00e0 d&#8217;une session (c&#8217;est-\u00e0-dire une visite du site web) si vous utilisez cette fonction (par exemple, les param\u00e8tres linguistiques, les consentements, la fonctionnalit\u00e9 de connexion automatique, etc.) Ces cookies ont une date d&#8217;expiration allant jusqu&#8217;\u00e0 12 mois.<br>Cookies de performance : Afin d&#8217;optimiser notre site web et les offres connexes et de mieux les adapter aux besoins des utilisateurs, nous utilisons des cookies pour enregistrer et analyser l&#8217;utilisation de notre site web, potentiellement au-del\u00e0 d&#8217;une session.<\/p>\n\n\n\n<p><strong>Pouvons-nous mettre \u00e0 jour cette d\u00e9claration de protection des donn\u00e9es ?<\/strong><br>Cette d\u00e9claration de protection des donn\u00e9es ne fait pas partie d&#8217;un contrat avec vous. Nous pouvons modifier cette d\u00e9claration de protection des donn\u00e9es \u00e0 tout moment. La version publi\u00e9e sur ce site web est la version actuelle.<br>Derni\u00e8re mise \u00e0 jour : 12 juin 2024<\/p>\n","protected":false},"excerpt":{"rendered":"<p>D\u00e9claration de protection des donn\u00e9es de Un panier pour No\u00ebl. Type de donn\u00e9es personnellesDonn\u00e9es personnelles d&#8217;ordre g\u00e9n\u00e9ralNous traitons des donn\u00e9es personnelles d&#8217;ordre g\u00e9n\u00e9ral vous concernant, p. ex. le nom et les donn\u00e9es de contact.Donn\u00e9es financi\u00e8resNous traitons vos donn\u00e9es financi\u00e8res. Donn\u00e9es de localisationNous traitons vos donn\u00e9es de localisation. Source des donn\u00e9es personnellesDonn\u00e9es fourniesNous traitons les donn\u00e9es &hellip; <\/p>\n<p class=\"link-more\"><a href=\"https:\/\/unpanierpournoel.com\/es\/protection-des-donnees\/\" class=\"more-link\">Continuar leyendo<span class=\"screen-reader-text\"> \u00abProtection des donn\u00e9es\u00bb<\/span><\/a><\/p>\n","protected":false},"author":96,"featured_media":0,"parent":0,"menu_order":0,"comment_status":"closed","ping_status":"closed","template":"","meta":{"footnotes":""},"_links":{"self":[{"href":"https:\/\/unpanierpournoel.com\/es\/wp-json\/wp\/v2\/pages\/12093"}],"collection":[{"href":"https:\/\/unpanierpournoel.com\/es\/wp-json\/wp\/v2\/pages"}],"about":[{"href":"https:\/\/unpanierpournoel.com\/es\/wp-json\/wp\/v2\/types\/page"}],"author":[{"embeddable":true,"href":"https:\/\/unpanierpournoel.com\/es\/wp-json\/wp\/v2\/users\/96"}],"replies":[{"embeddable":true,"href":"https:\/\/unpanierpournoel.com\/es\/wp-json\/wp\/v2\/comments?post=12093"}],"version-history":[{"count":1,"href":"https:\/\/unpanierpournoel.com\/es\/wp-json\/wp\/v2\/pages\/12093\/revisions"}],"predecessor-version":[{"id":12094,"href":"https:\/\/unpanierpournoel.com\/es\/wp-json\/wp\/v2\/pages\/12093\/revisions\/12094"}],"wp:attachment":[{"href":"https:\/\/unpanierpournoel.com\/es\/wp-json\/wp\/v2\/media?parent=12093"}],"curies":[{"name":"wp","href":"https:\/\/api.w.org\/{rel}","templated":true}]}}