{"id":11506,"date":"2023-10-12T17:12:57","date_gmt":"2023-10-12T15:12:57","guid":{"rendered":"https:\/\/unpanierpournoel.com\/?page_id=11506"},"modified":"2024-02-15T15:47:22","modified_gmt":"2024-02-15T14:47:22","slug":"carte-de-noel-2023","status":"publish","type":"page","link":"https:\/\/unpanierpournoel.com\/es\/carte-de-noel-2023\/","title":{"rendered":"Tarjeta de Navidad 2023"},"content":{"rendered":"<figure class=\"wp-block-image size-full\"><img loading=\"lazy\" decoding=\"async\" width=\"1024\" height=\"357\" src=\"https:\/\/unpanierpournoel.com\/wp-content\/uploads\/2023\/08\/image-1.jpeg\" alt=\"L\u2019attribut alt de cette image est vide, son nom de fichier est logo_highresolution-2-1024x357.jpg.\" class=\"wp-image-11137\" srcset=\"https:\/\/unpanierpournoel.com\/wp-content\/uploads\/2023\/08\/image-1.jpeg 1024w, https:\/\/unpanierpournoel.com\/wp-content\/uploads\/2023\/08\/image-1-350x122.jpeg 350w, https:\/\/unpanierpournoel.com\/wp-content\/uploads\/2023\/08\/image-1-300x105.jpeg 300w, https:\/\/unpanierpournoel.com\/wp-content\/uploads\/2023\/08\/image-1-768x268.jpeg 768w\" sizes=\"(max-width: 767px) 89vw, (max-width: 1000px) 54vw, (max-width: 1071px) 543px, 580px\" \/><\/figure>\n\n\n\n<p><\/p>\n\n\n\n<p><\/p>\n\n\n\n<p>Tarjeta de Navidad 2023<\/p>\n\n\n\n<p><\/p>\n\n\n\n<p><\/p>\n\n\n\n<h1 class=\"wp-block-heading has-text-align-center has-luminous-vivid-orange-color has-text-color has-x-large-font-size\"><strong>Feliz Navidad 2023<\/strong><\/h1>\n\n\n\n<p class=\"has-text-align-center\"><strong>Que estas fiestas te traigan alegr\u00eda, paz y amor a tu hogar. Que est\u00e9s rodeado de tus seres queridos, y que el esp\u00edritu de la Navidad ilumine tu coraz\u00f3n y alumbre tu alma con su calor ben\u00e9volo.<\/strong><\/p>\n\n\n\n<figure class=\"wp-block-image size-full\"><img loading=\"lazy\" decoding=\"async\" width=\"768\" height=\"1024\" src=\"https:\/\/unpanierpournoel.com\/wp-content\/uploads\/2023\/12\/carteNoel.jpg\" alt=\"\" class=\"wp-image-11755\" srcset=\"https:\/\/unpanierpournoel.com\/wp-content\/uploads\/2023\/12\/carteNoel.jpg 768w, https:\/\/unpanierpournoel.com\/wp-content\/uploads\/2023\/12\/carteNoel-350x467.jpg 350w, https:\/\/unpanierpournoel.com\/wp-content\/uploads\/2023\/12\/carteNoel-225x300.jpg 225w\" sizes=\"(max-width: 767px) 89vw, (max-width: 1000px) 54vw, (max-width: 1071px) 543px, 580px\" \/><\/figure>\n\n\n\n<p class=\"has-text-align-center has-medium-font-size\"><strong><a href=\"https:\/\/unpanierpournoel.com\/index.php\/dons-2\/?lang=es\" target=\"_blank\" rel=\"noreferrer noopener\">La Asociaci\u00f3n Un Panier Pour No\u00ebl <\/a>les desea una Feliz Navidad y un A\u00f1o Nuevo lleno de esperanza, felicidad y \u00e9xito.<\/strong><\/p>\n\n\n\n<figure class=\"wp-block-image size-large\"><img loading=\"lazy\" decoding=\"async\" width=\"1024\" height=\"140\" src=\"https:\/\/unpanierpournoel.com\/wp-content\/uploads\/2021\/06\/image2-1024x140.jpg\" alt=\"\" class=\"wp-image-8382\" srcset=\"https:\/\/unpanierpournoel.com\/wp-content\/uploads\/2021\/06\/image2-1024x140.jpg 1024w, https:\/\/unpanierpournoel.com\/wp-content\/uploads\/2021\/06\/image2-350x48.jpg 350w, https:\/\/unpanierpournoel.com\/wp-content\/uploads\/2021\/06\/image2-300x41.jpg 300w, https:\/\/unpanierpournoel.com\/wp-content\/uploads\/2021\/06\/image2-768x105.jpg 768w, https:\/\/unpanierpournoel.com\/wp-content\/uploads\/2021\/06\/image2.jpg 1488w\" sizes=\"(max-width: 767px) 89vw, (max-width: 1000px) 54vw, (max-width: 1071px) 543px, 580px\" \/><\/figure>\n\n\n\n<p class=\"has-text-align-center has-vivid-cyan-blue-color has-text-color has-medium-font-size\"><mark style=\"background-color:rgba(0, 0, 0, 0)\" class=\"has-inline-color has-black-color\">Disfrute de nuestro trabajo 2022 en<\/mark> <strong><a href=\"https:\/\/youtu.be\/nMcjpyIBymY\" data-type=\"URL\" data-id=\"https\/\/youtu.be\/gnTr7JipHKA\" target=\"_blank\" rel=\"noreferrer noopener\"><mark style=\"background-color:rgba(0, 0, 0, 0)\" class=\"has-inline-color has-vivid-cyan-blue-color\">v\u00eddeo<\/mark><\/a><\/strong><\/p>\n\n\n\n<div class=\"wp-block-columns is-layout-flex wp-container-core-columns-is-layout-3 wp-block-columns-is-layout-flex\">\n<div class=\"wp-block-column is-layout-flow wp-block-column-is-layout-flow\"><\/div>\n\n\n\n<div class=\"wp-block-column is-layout-flow wp-block-column-is-layout-flow\">\n<figure class=\"wp-block-image size-full\"><img loading=\"lazy\" decoding=\"async\" width=\"242\" height=\"134\" src=\"https:\/\/unpanierpournoel.com\/wp-content\/uploads\/2021\/06\/hacer-une-donacion.jpg\" alt=\"\" class=\"wp-image-8466\"\/><\/figure>\n<\/div>\n\n\n\n<div class=\"wp-block-column is-layout-flow wp-block-column-is-layout-flow\"><\/div>\n<\/div>\n\n\n\n<blockquote class=\"wp-block-quote has-text-align-right has-black-color has-luminous-vivid-amber-to-luminous-vivid-orange-gradient-background has-text-color has-background is-layout-flow wp-block-quote-is-layout-flow\" style=\"font-style:italic;font-weight:100\">\n<p class=\"has-text-align-center has-medium-font-size\">Dar, es plantar las ra\u00edces del compartir !<\/p>\n<cite>St\u00e9phane Th\u00e9ri<\/cite><\/blockquote>\n\n\n\n<p class=\"has-text-align-center\">Puede seguirnos en: <mark style=\"background-color:rgba(0, 0, 0, 0)\" class=\"has-inline-color has-vivid-green-cyan-color\"> <\/mark><strong><a rel=\"noreferrer noopener\" href=\"https:\/\/www.facebook.com\/asso.uppn\/\" data-type=\"URL\" data-id=\"https:\/\/www.facebook.com\/asso.uppn\/\" target=\"_blank\"><mark style=\"background-color:rgba(0, 0, 0, 0)\" class=\"has-inline-color has-vivid-cyan-blue-color\">Faceboo<\/mark><\/a><a href=\"https:\/\/www.facebook.com\/asso.uppn\/\" data-type=\"URL\" data-id=\"https:\/\/www.facebook.com\/asso.uppn\/\"><mark style=\"background-color:rgba(0, 0, 0, 0)\" class=\"has-inline-color has-vivid-cyan-blue-color\">k<\/mark><\/a><\/strong><\/p>\n\n\n\n<p class=\"has-text-align-center has-black-color has-text-color\">Para m\u00e1s informaci\u00f3n, visite nuestro sitio web: <strong><a rel=\"noreferrer noopener\" href=\"https:\/\/unpanierpournoel.com\" data-type=\"URL\" data-id=\"https:\/\/unpanierpournoel.com\" target=\"_blank\"><mark style=\"background-color:rgba(0, 0, 0, 0)\" class=\"has-inline-color has-vivid-cyan-blue-color\">www.unpanierpournoel.com<\/mark><\/a><\/strong><\/p>\n\n\n\n<figure class=\"wp-block-image size-large\"><img loading=\"lazy\" decoding=\"async\" width=\"1024\" height=\"140\" src=\"https:\/\/unpanierpournoel.com\/wp-content\/uploads\/2021\/06\/image2-1024x140.jpg\" alt=\"\" class=\"wp-image-8382\" srcset=\"https:\/\/unpanierpournoel.com\/wp-content\/uploads\/2021\/06\/image2-1024x140.jpg 1024w, https:\/\/unpanierpournoel.com\/wp-content\/uploads\/2021\/06\/image2-350x48.jpg 350w, https:\/\/unpanierpournoel.com\/wp-content\/uploads\/2021\/06\/image2-300x41.jpg 300w, https:\/\/unpanierpournoel.com\/wp-content\/uploads\/2021\/06\/image2-768x105.jpg 768w, https:\/\/unpanierpournoel.com\/wp-content\/uploads\/2021\/06\/image2.jpg 1488w\" sizes=\"(max-width: 767px) 89vw, (max-width: 1000px) 54vw, (max-width: 1071px) 543px, 580px\" \/><\/figure>","protected":false},"excerpt":{"rendered":"<p>Tarjeta de Navidad 2023 Feliz Navidad 2023 Que estas fiestas te traigan alegr\u00eda, paz y amor a tu hogar. Que est\u00e9s rodeado de tus seres queridos, y que el esp\u00edritu de la Navidad ilumine tu coraz\u00f3n y alumbre tu alma con su calor ben\u00e9volo. La Asociaci\u00f3n Un Panier Pour No\u00ebl les desea una Feliz Navidad &hellip; <\/p>\n<p class=\"link-more\"><a href=\"https:\/\/unpanierpournoel.com\/es\/carte-de-noel-2023\/\" class=\"more-link\">Continuar leyendo<span class=\"screen-reader-text\"> \u00abTarjeta de Navidad 2023\u00bb<\/span><\/a><\/p>\n","protected":false},"author":3,"featured_media":0,"parent":0,"menu_order":0,"comment_status":"open","ping_status":"closed","template":"","meta":{"footnotes":""},"_links":{"self":[{"href":"https:\/\/unpanierpournoel.com\/es\/wp-json\/wp\/v2\/pages\/11506"}],"collection":[{"href":"https:\/\/unpanierpournoel.com\/es\/wp-json\/wp\/v2\/pages"}],"about":[{"href":"https:\/\/unpanierpournoel.com\/es\/wp-json\/wp\/v2\/types\/page"}],"author":[{"embeddable":true,"href":"https:\/\/unpanierpournoel.com\/es\/wp-json\/wp\/v2\/users\/3"}],"replies":[{"embeddable":true,"href":"https:\/\/unpanierpournoel.com\/es\/wp-json\/wp\/v2\/comments?post=11506"}],"version-history":[{"count":35,"href":"https:\/\/unpanierpournoel.com\/es\/wp-json\/wp\/v2\/pages\/11506\/revisions"}],"predecessor-version":[{"id":11775,"href":"https:\/\/unpanierpournoel.com\/es\/wp-json\/wp\/v2\/pages\/11506\/revisions\/11775"}],"wp:attachment":[{"href":"https:\/\/unpanierpournoel.com\/es\/wp-json\/wp\/v2\/media?parent=11506"}],"curies":[{"name":"wp","href":"https:\/\/api.w.org\/{rel}","templated":true}]}}