{"id":11496,"date":"2023-11-01T19:49:42","date_gmt":"2023-11-01T18:49:42","guid":{"rendered":"https:\/\/unpanierpournoel.com\/?page_id=11496"},"modified":"2023-11-02T15:57:48","modified_gmt":"2023-11-02T14:57:48","slug":"newsletter-octobre-2023","status":"publish","type":"page","link":"https:\/\/unpanierpournoel.com\/es\/newsletter-octobre-2023\/","title":{"rendered":"Newsletter Octubre 2023"},"content":{"rendered":"<div class=\"wp-block-image\">\n<figure class=\"alignright size-large\"><img loading=\"lazy\" decoding=\"async\" width=\"1024\" height=\"357\" src=\"https:\/\/unpanierpournoel.com\/wp-content\/uploads\/2022\/10\/logo_highresolution-2-1024x357.jpg\" alt=\"\" class=\"wp-image-9178\" srcset=\"https:\/\/unpanierpournoel.com\/wp-content\/uploads\/2022\/10\/logo_highresolution-2-1024x357.jpg 1024w, https:\/\/unpanierpournoel.com\/wp-content\/uploads\/2022\/10\/logo_highresolution-2-scaled-350x122.jpg 350w, https:\/\/unpanierpournoel.com\/wp-content\/uploads\/2022\/10\/logo_highresolution-2-300x105.jpg 300w, https:\/\/unpanierpournoel.com\/wp-content\/uploads\/2022\/10\/logo_highresolution-2-768x268.jpg 768w, https:\/\/unpanierpournoel.com\/wp-content\/uploads\/2022\/10\/logo_highresolution-2-1536x536.jpg 1536w, https:\/\/unpanierpournoel.com\/wp-content\/uploads\/2022\/10\/logo_highresolution-2-2048x714.jpg 2048w\" sizes=\"(max-width: 767px) 89vw, (max-width: 1000px) 54vw, (max-width: 1071px) 543px, 580px\" \/><\/figure><\/div>\n\n\n<p><\/p>\n\n\n\n<p class=\"has-text-align-right\" style=\"font-size:30px\"><strong><mark style=\"background-color:rgba(0, 0, 0, 0)\" class=\"has-inline-color has-luminous-vivid-orange-color\">Newsletter Octubre 2023<\/mark><\/strong><\/p>\n\n\n\n<p>Estimados lectores,<\/p>\n\n\n<div class=\"wp-block-image\">\n<figure class=\"alignright size-full is-resized\"><img loading=\"lazy\" decoding=\"async\" width=\"512\" height=\"614\" src=\"https:\/\/unpanierpournoel.com\/wp-content\/uploads\/2022\/10\/icon-2.png\" alt=\"\" class=\"wp-image-9223\" style=\"width:81px;height:98px\" srcset=\"https:\/\/unpanierpournoel.com\/wp-content\/uploads\/2022\/10\/icon-2.png 512w, https:\/\/unpanierpournoel.com\/wp-content\/uploads\/2022\/10\/icon-2-350x420.png 350w, https:\/\/unpanierpournoel.com\/wp-content\/uploads\/2022\/10\/icon-2-250x300.png 250w\" sizes=\"(max-width: 512px) 100vw, 512px\" \/><\/figure><\/div>\n\n<div class=\"wp-block-image\">\n<figure class=\"alignright size-full is-resized\"><img loading=\"lazy\" decoding=\"async\" width=\"512\" height=\"614\" src=\"https:\/\/unpanierpournoel.com\/wp-content\/uploads\/2022\/10\/icon-2.png\" alt=\"\" class=\"wp-image-9223\" style=\"width:31px;height:37px\" srcset=\"https:\/\/unpanierpournoel.com\/wp-content\/uploads\/2022\/10\/icon-2.png 512w, https:\/\/unpanierpournoel.com\/wp-content\/uploads\/2022\/10\/icon-2-350x420.png 350w, https:\/\/unpanierpournoel.com\/wp-content\/uploads\/2022\/10\/icon-2-250x300.png 250w\" sizes=\"(max-width: 512px) 100vw, 512px\" \/><\/figure><\/div>\n\n\n<p>Nos complace darles la bienvenida a nuestro bolet\u00edn anual, en el que compartimos con ustedes las \u00faltimas noticias y actividades de nuestra misi\u00f3n de ayuda a las familias de Ecuador. Su cont\u00ednuo apoyo y generosidad tienen un profundo impacto en las vidas que tocamos cada a\u00f1o. Gracias a su inestimable ayuda, hemos podido proporcionar un apoyo esencial a los hogares que m\u00e1s lo necesitan, ofreciendo una canasta de comida festiva digna de Navidad a estas familias que luchan a diario. Tambi\u00e9n compartimos sonrisas y carcajadas al regalar reconfortantes peluches a los ni\u00f1os, iluminando sus ojos de felicidad y esperanza.<\/p>\n\n\n\n<div class=\"wp-block-columns is-layout-flex wp-container-core-columns-is-layout-4 wp-block-columns-is-layout-flex\">\n<div class=\"wp-block-column is-layout-flow wp-block-column-is-layout-flow\" style=\"flex-basis:100%\">\n<div class=\"wp-block-group\"><div class=\"wp-block-group__inner-container is-layout-flow wp-block-group-is-layout-flow\">\n<blockquote class=\"wp-block-quote has-text-align-right is-style-default has-black-color has-luminous-vivid-amber-to-luminous-vivid-orange-gradient-background has-text-color has-background is-layout-flow wp-block-quote-is-layout-flow\" style=\"font-style:italic;font-weight:100\">\n<p class=\"has-text-align-center has-medium-font-size\">     \u00abDar en lugar de recibir. Lo que hace humano a un hombre\u00bb <\/p>\n<cite>Sarkis Simonjan<\/cite><\/blockquote>\n<\/div><\/div>\n<\/div>\n<\/div>\n\n\n\n<p><\/p>\n\n\n\n<p>En esta edici\u00f3n, destacamos el proyecto que hemos finalizado en <strong><a href=\"https:\/\/unpanierpournoel.com\/index.php\/rapport-dactivite-2022\/\" data-type=\"URL\" data-id=\"https:\/\/unpanierpournoel.com\/index.php\/rapport-dactivite-2021\/\">Diciembre 2022<\/a><\/strong> gracias a su apoyo financiero y moral. Tambi\u00e9n descubrir\u00e1n <strong><a href=\"https:\/\/unpanierpournoel.com\/index.php\/16eme-exercice-social-2022-2023\/\">las cuentas 2022<\/a><\/strong>,  elaboradas por la Sra. Alexia Bertoli de <mark><strong><a rel=\"noreferrer noopener\" href=\"https:\/\/www.local.ch\/fr\/d\/lausanne\/1004\/abexpert-fiduciaire-sarl-2vQEwCumUhqc7qDzTNTV7Q\" target=\"_blank\"><mark style=\"background-color:rgba(0, 0, 0, 0)\" class=\"has-inline-color has-vivid-cyan-blue-color\">ABExpert Fiduciaire S\u00e0rl<\/mark><\/a><\/strong><\/mark><mark style=\"background-color:rgba(0, 0, 0, 0)\" class=\"has-inline-color has-vivid-cyan-blue-color\">,<\/mark>  as\u00ed como la auditor\u00eda realizada por la Sra. Angela Recchia, y la <strong><a rel=\"noreferrer noopener\" href=\"https:\/\/www.cofirev.ch\" data-type=\"URL\" data-id=\"https:\/\/www.cofirev.ch\" target=\"_blank\"><mark style=\"background-color:rgba(0, 0, 0, 0)\" class=\"has-inline-color has-vivid-cyan-blue-color\">Fiduciaire Cofirev<\/mark><\/a><\/strong> del Sr. Thierry Jaccard. Por \u00faltimo, nos complace invitarles a nuestra <strong><a href=\"https:\/\/unpanierpournoel.com\/index.php\/tombola-2023\/\">Tombola de Navidad<\/a><\/strong>, en la que, por s\u00f3lo CHF 5.- por boleto, podr\u00e1 ganar fant\u00e1sticos premios. El dinero recaudado se destinar\u00e1 directamente a nuestra iniciativa especial de Navidad, cuyo objetivo es proporcionar canastas festivas a familias necesitadas, sin olvidar <strong><a href=\"https:\/\/unpanierpournoel.com\/index.php\/nos-adresses-coups-de-coeur\/\">nuestras direcciones favoritas. <\/a><\/strong><\/p>\n\n\n\n<div class=\"wp-block-columns is-layout-flex wp-container-core-columns-is-layout-5 wp-block-columns-is-layout-flex\">\n<div class=\"wp-block-column is-layout-flow wp-block-column-is-layout-flow\" style=\"flex-basis:100%\">\n<div class=\"wp-block-group\"><div class=\"wp-block-group__inner-container is-layout-flow wp-block-group-is-layout-flow\">\n<blockquote class=\"wp-block-quote has-text-align-right is-style-default has-black-color has-luminous-vivid-amber-to-luminous-vivid-orange-gradient-background has-text-color has-background is-layout-flow wp-block-quote-is-layout-flow\" style=\"font-style:italic;font-weight:100\">\n<p class=\"has-text-align-center has-large-font-size\">  \u00bb Dar es hacer crecer tu alma. \u00bb <\/p>\n<cite>Ariane Angeloglou<\/cite><\/blockquote>\n<\/div><\/div>\n<\/div>\n<\/div>\n\n\n\n<p>Cada donaci\u00f3n que haces, cada hora que trabajas como voluntario, ayuda a marcar una diferencia tangible en la vida de las familias desfavorecidas de Ecuador.<\/p>\n\n\n\n<p>Gracias por vuestra lealtad y compromiso con nuestra causa. Su solidaridad es la fuerza motriz que nos permite avanzar y lograr un cambio positivo en el mundo.<\/p>\n\n\n\n<p>No duden en compartir este bolet\u00edn con vuestros amigos y familiares y pueden seguirnos en <strong><a rel=\"noreferrer noopener\" href=\"https:\/\/www.facebook.com\/asso.uppn\/\" data-type=\"URL\" data-id=\"https:\/\/www.facebook.com\/asso.uppn\/\" target=\"_blank\">Facebook<\/a><\/strong>  para estar al d\u00eda de nuestras actividades y de las diferentes formas en las que puedan contribuir.<\/p>\n\n\n\n<p>Le agradecemos de todo coraz\u00f3n su inestimable apoyo.<\/p>\n\n\n\n<p>Con gratitud,<\/p>\n\n\n\n<div class=\"wp-block-columns is-layout-flex wp-container-core-columns-is-layout-6 wp-block-columns-is-layout-flex\">\n<div class=\"wp-block-column is-layout-flow wp-block-column-is-layout-flow\" style=\"flex-basis:66.66%\">\n<p><\/p>\n\n\n\n<p><\/p>\n\n\n\n<p class=\"has-text-align-right has-medium-font-size\"><strong><a href=\"https:\/\/unpanierpournoel.com\">Associaci\u00f3n Un Panier Pour No\u00ebl<\/a><\/strong> <\/p>\n<\/div>\n\n\n\n<div class=\"wp-block-column is-layout-flow wp-block-column-is-layout-flow\" style=\"flex-basis:33.33%\">\n<figure class=\"wp-block-image size-full\"><img loading=\"lazy\" decoding=\"async\" width=\"300\" height=\"300\" src=\"https:\/\/unpanierpournoel.com\/wp-content\/uploads\/2023\/11\/1166170_f4b80.gif\" alt=\"\" class=\"wp-image-11685\"\/><\/figure>\n<\/div>\n<\/div>\n\n\n\n<p class=\"has-text-align-center has-medium-font-size\">Para cualquier otra informaci\u00f3n, puede visitar nuestro sitio web: <strong><a href=\"https:\/\/unpanierpournoel.com\" data-type=\"URL\" data-id=\"https:\/\/unpanierpournoel.com\"><mark style=\"background-color:rgba(0, 0, 0, 0)\" class=\"has-inline-color has-vivid-cyan-blue-color\">www.unpanierpournoel.com<\/mark><\/a><\/strong><\/p>\n\n\n\n<figure class=\"wp-block-image size-large\"><img loading=\"lazy\" decoding=\"async\" width=\"1024\" height=\"140\" src=\"https:\/\/unpanierpournoel.com\/wp-content\/uploads\/2021\/06\/image2-1024x140.jpg\" alt=\"\" class=\"wp-image-8382\" srcset=\"https:\/\/unpanierpournoel.com\/wp-content\/uploads\/2021\/06\/image2-1024x140.jpg 1024w, https:\/\/unpanierpournoel.com\/wp-content\/uploads\/2021\/06\/image2-350x48.jpg 350w, https:\/\/unpanierpournoel.com\/wp-content\/uploads\/2021\/06\/image2-300x41.jpg 300w, https:\/\/unpanierpournoel.com\/wp-content\/uploads\/2021\/06\/image2-768x105.jpg 768w, https:\/\/unpanierpournoel.com\/wp-content\/uploads\/2021\/06\/image2.jpg 1488w\" sizes=\"(max-width: 767px) 89vw, (max-width: 1000px) 54vw, (max-width: 1071px) 543px, 580px\" \/><\/figure>\n\n\n\n<p class=\"has-text-align-center\"><strong>APADRINA UNE FAMILIA ECUATORIANA ESTA NAVIDAD <\/strong><\/p>\n\n\n\n<figure class=\"wp-block-image size-large\"><img loading=\"lazy\" decoding=\"async\" width=\"1024\" height=\"534\" src=\"https:\/\/unpanierpournoel.com\/wp-content\/uploads\/2023\/09\/IMG_5BB379A18057-1-1024x534.jpeg\" alt=\"\" class=\"wp-image-11314\" srcset=\"https:\/\/unpanierpournoel.com\/wp-content\/uploads\/2023\/09\/IMG_5BB379A18057-1-1024x534.jpeg 1024w, https:\/\/unpanierpournoel.com\/wp-content\/uploads\/2023\/09\/IMG_5BB379A18057-1-350x183.jpeg 350w, https:\/\/unpanierpournoel.com\/wp-content\/uploads\/2023\/09\/IMG_5BB379A18057-1-300x157.jpeg 300w, https:\/\/unpanierpournoel.com\/wp-content\/uploads\/2023\/09\/IMG_5BB379A18057-1-768x401.jpeg 768w, https:\/\/unpanierpournoel.com\/wp-content\/uploads\/2023\/09\/IMG_5BB379A18057-1.jpeg 1125w\" sizes=\"(max-width: 767px) 89vw, (max-width: 1000px) 54vw, (max-width: 1071px) 543px, 580px\" \/><\/figure>\n\n\n\n<figure class=\"wp-block-image size-large\"><a href=\"https:\/\/unpanierpournoel.com\/index.php\/dons-2\/\"><img loading=\"lazy\" decoding=\"async\" width=\"1024\" height=\"586\" src=\"https:\/\/unpanierpournoel.com\/wp-content\/uploads\/2023\/09\/IMG_6C5C2FAAD4E2-1-1024x586.jpeg\" alt=\"\" class=\"wp-image-11315\" srcset=\"https:\/\/unpanierpournoel.com\/wp-content\/uploads\/2023\/09\/IMG_6C5C2FAAD4E2-1-1024x586.jpeg 1024w, https:\/\/unpanierpournoel.com\/wp-content\/uploads\/2023\/09\/IMG_6C5C2FAAD4E2-1-350x200.jpeg 350w, https:\/\/unpanierpournoel.com\/wp-content\/uploads\/2023\/09\/IMG_6C5C2FAAD4E2-1-300x172.jpeg 300w, https:\/\/unpanierpournoel.com\/wp-content\/uploads\/2023\/09\/IMG_6C5C2FAAD4E2-1-768x440.jpeg 768w, https:\/\/unpanierpournoel.com\/wp-content\/uploads\/2023\/09\/IMG_6C5C2FAAD4E2-1.jpeg 1125w\" sizes=\"(max-width: 767px) 89vw, (max-width: 1000px) 54vw, (max-width: 1071px) 543px, 580px\" \/><\/a><\/figure>\n\n\n\n<p class=\"has-text-align-center\">No olvides que la verdadera magia de la Navidad reside en compartir y en la generosidad. Apadrinando a una familia ecuatoriana esta Navidad con un <mark style=\"background-color:rgba(0, 0, 0, 0)\" class=\"has-inline-color has-vivid-cyan-blue-color\"><strong><a rel=\"noreferrer noopener\" href=\"https:\/\/unpanierpournoel.com\/index.php\/dons-2\/\" target=\"_blank\">un don de CHF 20.-<\/a><\/strong><\/mark>, estar\u00e1s realizando un gesto que calienta los corazones y refuerza los lazos entre los seres humanos.<\/p>\n\n\n\n<p class=\"has-text-align-center has-medium-font-size\">Para cualquier otra informaci\u00f3n, puede visitar nuestro sitio web: <strong><a href=\"https:\/\/unpanierpournoel.com\" data-type=\"URL\" data-id=\"https:\/\/unpanierpournoel.com\"><mark style=\"background-color:rgba(0, 0, 0, 0)\" class=\"has-inline-color has-vivid-cyan-blue-color\">www.unpanierpournoel.com<\/mark><\/a><\/strong><\/p>\n\n\n\n<figure class=\"wp-block-image size-large\"><img loading=\"lazy\" decoding=\"async\" width=\"1024\" height=\"140\" src=\"https:\/\/unpanierpournoel.com\/wp-content\/uploads\/2021\/06\/image2-1024x140.jpg\" alt=\"\" class=\"wp-image-8382\" srcset=\"https:\/\/unpanierpournoel.com\/wp-content\/uploads\/2021\/06\/image2-1024x140.jpg 1024w, https:\/\/unpanierpournoel.com\/wp-content\/uploads\/2021\/06\/image2-350x48.jpg 350w, https:\/\/unpanierpournoel.com\/wp-content\/uploads\/2021\/06\/image2-300x41.jpg 300w, https:\/\/unpanierpournoel.com\/wp-content\/uploads\/2021\/06\/image2-768x105.jpg 768w, https:\/\/unpanierpournoel.com\/wp-content\/uploads\/2021\/06\/image2.jpg 1488w\" sizes=\"(max-width: 767px) 89vw, (max-width: 1000px) 54vw, (max-width: 1071px) 543px, 580px\" \/><\/figure>","protected":false},"excerpt":{"rendered":"<p>Newsletter Octubre 2023 Estimados lectores, Nos complace darles la bienvenida a nuestro bolet\u00edn anual, en el que compartimos con ustedes las \u00faltimas noticias y actividades de nuestra misi\u00f3n de ayuda a las familias de Ecuador. Su cont\u00ednuo apoyo y generosidad tienen un profundo impacto en las vidas que tocamos cada a\u00f1o. Gracias a su inestimable &hellip; <\/p>\n<p class=\"link-more\"><a href=\"https:\/\/unpanierpournoel.com\/es\/newsletter-octobre-2023\/\" class=\"more-link\">Continuar leyendo<span class=\"screen-reader-text\"> \u00abNewsletter Octubre 2023\u00bb<\/span><\/a><\/p>\n","protected":false},"author":3,"featured_media":0,"parent":0,"menu_order":0,"comment_status":"closed","ping_status":"closed","template":"","meta":{"footnotes":""},"_links":{"self":[{"href":"https:\/\/unpanierpournoel.com\/es\/wp-json\/wp\/v2\/pages\/11496"}],"collection":[{"href":"https:\/\/unpanierpournoel.com\/es\/wp-json\/wp\/v2\/pages"}],"about":[{"href":"https:\/\/unpanierpournoel.com\/es\/wp-json\/wp\/v2\/types\/page"}],"author":[{"embeddable":true,"href":"https:\/\/unpanierpournoel.com\/es\/wp-json\/wp\/v2\/users\/3"}],"replies":[{"embeddable":true,"href":"https:\/\/unpanierpournoel.com\/es\/wp-json\/wp\/v2\/comments?post=11496"}],"version-history":[{"count":75,"href":"https:\/\/unpanierpournoel.com\/es\/wp-json\/wp\/v2\/pages\/11496\/revisions"}],"predecessor-version":[{"id":11697,"href":"https:\/\/unpanierpournoel.com\/es\/wp-json\/wp\/v2\/pages\/11496\/revisions\/11697"}],"wp:attachment":[{"href":"https:\/\/unpanierpournoel.com\/es\/wp-json\/wp\/v2\/media?parent=11496"}],"curies":[{"name":"wp","href":"https:\/\/api.w.org\/{rel}","templated":true}]}}