{"id":11321,"date":"2023-09-27T22:43:49","date_gmt":"2023-09-27T20:43:49","guid":{"rendered":"https:\/\/unpanierpournoel.com\/?page_id=11321"},"modified":"2023-12-01T18:36:46","modified_gmt":"2023-12-01T17:36:46","slug":"tombola-2023","status":"publish","type":"page","link":"https:\/\/unpanierpournoel.com\/es\/tombola-2023\/","title":{"rendered":"Tombola 2023"},"content":{"rendered":"<p><\/p>\n\n\n\n<p class=\"has-text-align-center has-large-font-size\"><strong>Rifa de Navidad 2023<\/strong><\/p>\n\n\n\n<p class=\"has-text-align-center has-medium-font-size\"><strong>\u00a1Marca la diferencia por s\u00f3lo 5 CHF!<\/strong><\/p>\n\n\n\n<p>Este a\u00f1o le invitamos a participar en nuestro sorteo anual de Navidad. Cada boleto que compres contribuir\u00e1 directamente a nuestra misi\u00f3n de ayudar a las familias de Ecuador. Los fondos recaudados nos permitir\u00e1n proporcionar m\u00e1s Canastas a las familias necesitadas esta Navidad.<\/p>\n\n\n\n<p class=\"has-text-align-center\"><strong>PRIMER PREMIO<\/strong><\/p>\n\n\n\n<p class=\"has-text-align-center\">vuelo ofrecido por <strong>Stefan Baumann<\/strong>, que tambi\u00e9n ser\u00e1 su piloto.<\/p>\n\n\n\n<figure class=\"wp-block-image\" id=\"block-3bdb7047-0280-47b4-85af-9c194ec2c942\"><img decoding=\"async\" src=\"https:\/\/unpanierpournoel.com\/wp-content\/uploads\/2023\/09\/IMG_28F2A715E101-1-1.jpeg\" alt=\"L\u2019attribut alt de cette image est vide, son nom de fichier est IMG_28F2A715E101-1-1.jpeg.\"\/><\/figure>\n\n\n\n<p class=\"has-text-align-center\"><strong>SEGUNDO PREMIO <\/strong><\/p>\n\n\n\n<p class=\"has-text-align-center\">Corte de cabello para Hombre y Mujer ofrecido por <strong><a href=\"https:\/\/coiffuremac3000.ch\">Mac 3000<\/a><\/strong><\/p>\n\n\n\n<figure class=\"wp-block-image\"><img decoding=\"async\" src=\"https:\/\/unpanierpournoel.com\/wp-content\/uploads\/2023\/09\/IMG_C168968CE1C6-1-1.jpeg\" alt=\"L\u2019attribut alt de cette image est vide, son nom de fichier est IMG_C168968CE1C6-1-1.jpeg.\"\/><\/figure>\n\n\n\n<p class=\"has-text-align-center\"><strong>TERCER PREMIO<\/strong><\/p>\n\n\n\n<p class=\"has-text-align-center\">Una funda de productos <strong><a href=\"https:\/\/engagement.migros.ch\/fr\">MIGROS <\/a><\/strong><\/p>\n\n\n\n<figure class=\"wp-block-image size-full\"><img loading=\"lazy\" decoding=\"async\" width=\"756\" height=\"586\" src=\"https:\/\/unpanierpournoel.com\/wp-content\/uploads\/2023\/12\/IMG_DFD7A6EF5AD9-1-copie.jpeg\" alt=\"\" class=\"wp-image-11766\" srcset=\"https:\/\/unpanierpournoel.com\/wp-content\/uploads\/2023\/12\/IMG_DFD7A6EF5AD9-1-copie.jpeg 756w, https:\/\/unpanierpournoel.com\/wp-content\/uploads\/2023\/12\/IMG_DFD7A6EF5AD9-1-copie-350x271.jpeg 350w, https:\/\/unpanierpournoel.com\/wp-content\/uploads\/2023\/12\/IMG_DFD7A6EF5AD9-1-copie-300x233.jpeg 300w\" sizes=\"(max-width: 706px) 89vw, (max-width: 767px) 82vw, 740px\" \/><\/figure>\n\n\n\n<p class=\"has-text-align-center\">Compre su boleto por  CHF 5.- y pruebe suerte para ganar estos maravillosos premios, al tiempo que marca una diferencia significativa en la vida de las familias desfavorecidas.<\/p>\n\n\n\n<p>Para pedir su n\u00famero, ll\u00e1menos al <strong>+41 79 907 8795<\/strong>, env\u00edenos un correo electr\u00f3nico a <mark style=\"background-color:rgba(0, 0, 0, 0)\" class=\"has-inline-color has-vivid-cyan-blue-color\">uppnoel@gmail.com<\/mark>  o vis\u00edtenos en los pr\u00f3ximos stands. Estas son las fechas y ubicaciones de los stands donde puedes comprar tu entrada y elegir tu n\u00famero:<\/p>\n\n\n\n<p>-S\u00e1bado 09 de Septiembre de 2023 &#8211; Garage Sale &#8211; Chavannes-le-Ch\u00eane<\/p>\n\n\n\n<p>-Domingo 10 de Septiembre de 2023 &#8211; Venta de garaje &#8211; Pyramides de Vidy<\/p>\n\n\n\n<p>-Domingo 01 Octubre 2023 &#8211; Comida de Apoyo-La Fritada &#8211; Oulens-Sous-\u00c9challens<\/p>\n\n\n\n<p>-S\u00e1bado 21 de Octubre en Migros, Route Suisse 26, 1163 Etoy, de 8h a 17h<\/p>\n\n\n\n<p>-Viernes 27 y s\u00e1bado 28, Migros Midi-Coindet Vevey<\/p>\n\n\n\n<p>-S\u00e1bado 28 y domingo 29 de Octubre, Chemin du Ch\u00e2telard 1, Villars-le-Terroir, de 8.00 a 18.00 horas<\/p>\n\n\n\n<p>-S\u00e1bado 4 de Noviembre en Migros de la Tour de Peilz, de 8.00 a 17.00 horas<\/p>\n\n\n\n<p>-S\u00e1bado 11 de Noviembre en l Autoroute de Bavois, de 08.00 h. a 20.00 h.<\/p>\n\n\n\n<p>-Domingo 12 de Noviembre en la Autoroute de Bavois de 08.00 \u00e0 20.00 h.<\/p>\n\n\n\n<p>-S\u00e1bado 18 de Noviembre en el Migros de Rolle, de 8.00 h a 17.00 h<\/p>\n\n\n\n<p>-S\u00e1bado 24 y Domingo 25 de Noviembre en Migros Midi-Coindet, Avenue Gustave-Coindet 11, 1800 Vevey, de 8.00 a 17.00 h.<\/p>\n\n\n\n<p>-S\u00e1bado 2 de Diciembre en Migros, Rue de Chavannes 1, 1304 Cossonay, de 8.00 a 17.00 h.<\/p>\n\n\n\n<p>S\u00e1bado 9 y domingo 10 de diciembre en el mercado navide\u00f1o del Domaine Maison Blanche, chemin de Maison Blanche 2, 1185 Mont sur Rolle, de 10 a 18 horas<\/p>\n\n\n\n<p><strong>El sorteo<\/strong> tendr\u00e1 lugar en nuestro stand del mercado navide\u00f1o del Domaine Maison Blanche, al final de la jornada <strong><mark style=\"background-color:rgba(0, 0, 0, 0)\" class=\"has-inline-color has-luminous-vivid-orange-color\">del 10 de diciembre de 2023<\/mark><\/strong>.<\/p>\n\n\n\n<p>No olvides que cada acto de bondad cuenta. Participando en nuestra T\u00f3mbola de Navidad, regalas mucho m\u00e1s que un boleto: est\u00e1s ofreciendo esperanza, est\u00e1s compartiendo tu comida de Navidad con una familia ecuatoriana.<\/p>\n\n\n\n<p class=\"has-text-align-center has-large-font-size\"><strong>Buena suerte a todos los participantes!<\/strong><\/p>\n\n\n<div class=\"wp-block-image\">\n<figure class=\"aligncenter size-full\"><a href=\"https:\/\/unpanierpournoel.com\/index.php\/dons-2\/?lang=es\"><img loading=\"lazy\" decoding=\"async\" width=\"242\" height=\"134\" src=\"https:\/\/unpanierpournoel.com\/wp-content\/uploads\/2021\/06\/hacer-une-donacion.jpg\" alt=\"\" class=\"wp-image-8466\"\/><\/a><\/figure><\/div>","protected":false},"excerpt":{"rendered":"<p>Rifa de Navidad 2023 \u00a1Marca la diferencia por s\u00f3lo 5 CHF! Este a\u00f1o le invitamos a participar en nuestro sorteo anual de Navidad. Cada boleto que compres contribuir\u00e1 directamente a nuestra misi\u00f3n de ayudar a las familias de Ecuador. Los fondos recaudados nos permitir\u00e1n proporcionar m\u00e1s Canastas a las familias necesitadas esta Navidad. PRIMER PREMIO &hellip; <\/p>\n<p class=\"link-more\"><a href=\"https:\/\/unpanierpournoel.com\/es\/tombola-2023\/\" class=\"more-link\">Continuar leyendo<span class=\"screen-reader-text\"> \u00abTombola 2023\u00bb<\/span><\/a><\/p>\n","protected":false},"author":3,"featured_media":0,"parent":0,"menu_order":0,"comment_status":"closed","ping_status":"closed","template":"","meta":{"footnotes":""},"_links":{"self":[{"href":"https:\/\/unpanierpournoel.com\/es\/wp-json\/wp\/v2\/pages\/11321"}],"collection":[{"href":"https:\/\/unpanierpournoel.com\/es\/wp-json\/wp\/v2\/pages"}],"about":[{"href":"https:\/\/unpanierpournoel.com\/es\/wp-json\/wp\/v2\/types\/page"}],"author":[{"embeddable":true,"href":"https:\/\/unpanierpournoel.com\/es\/wp-json\/wp\/v2\/users\/3"}],"replies":[{"embeddable":true,"href":"https:\/\/unpanierpournoel.com\/es\/wp-json\/wp\/v2\/comments?post=11321"}],"version-history":[{"count":58,"href":"https:\/\/unpanierpournoel.com\/es\/wp-json\/wp\/v2\/pages\/11321\/revisions"}],"predecessor-version":[{"id":11770,"href":"https:\/\/unpanierpournoel.com\/es\/wp-json\/wp\/v2\/pages\/11321\/revisions\/11770"}],"wp:attachment":[{"href":"https:\/\/unpanierpournoel.com\/es\/wp-json\/wp\/v2\/media?parent=11321"}],"curies":[{"name":"wp","href":"https:\/\/api.w.org\/{rel}","templated":true}]}}