{"id":10128,"date":"2023-02-05T17:55:06","date_gmt":"2023-02-05T16:55:06","guid":{"rendered":"https:\/\/unpanierpournoel.com\/?page_id=10128"},"modified":"2023-02-05T18:04:51","modified_gmt":"2023-02-05T17:04:51","slug":"rapport-dactivite-2020","status":"publish","type":"page","link":"https:\/\/unpanierpournoel.com\/es\/rapport-dactivite-2020\/","title":{"rendered":"Reporte de actividades 2020"},"content":{"rendered":"<p><\/p>\n\n\n\n<p>En diciembre de 2020, a pesar de la pandemia, decidimos ir a Ecuador y continuar con el proyecto, para repartir canastas navide\u00f1as con alimentos a los m\u00e1s humildes. Por supuesto que no pudimos llevar a cabo el proyecto como otros a\u00f1os, tuvimos que adaptarnos a la situaci\u00f3n, no hacer grandes aglomeraciones, llevar la m\u00e1scara, respetar la distancia y las medidas de prevenci\u00f3n. Pero fue posible, como se puede ver en el siguiente video.<\/p>\n\n\n<div class=\"wp-block-image\">\n<figure class=\"aligncenter\"><a href=\"https:\/\/www.youtube.com\/watch?v=6TgLY36NSZE\" target=\"_blank\" rel=\"noreferrer noopener\"><img loading=\"lazy\" decoding=\"async\" width=\"628\" height=\"266\" src=\"https:\/\/unpanierpournoel.com\/wp-content\/uploads\/2021\/06\/image1.jpg\" alt=\"\" class=\"wp-image-8381\" srcset=\"https:\/\/unpanierpournoel.com\/wp-content\/uploads\/2021\/06\/image1.jpg 628w, https:\/\/unpanierpournoel.com\/wp-content\/uploads\/2021\/06\/image1-350x148.jpg 350w, https:\/\/unpanierpournoel.com\/wp-content\/uploads\/2021\/06\/image1-300x127.jpg 300w\" sizes=\"(max-width: 628px) 100vw, 628px\" \/><\/a><\/figure><\/div>\n\n\n<p>Sobre las m\u00e1scaras| Las m\u00e1scaras fueron hechas por Patricia y Luis, en familia. Patricia hab\u00eda recibido una m\u00e1quina de coser unos a\u00f1os antes, como parte del proyecto Coup de Pouce, para hacer m\u00e1scaras de construcci\u00f3n. En diciembre, pudimos encargarle la confecci\u00f3n de las m\u00e1scaras protectoras de tela antibacteriana, lavable y reutilizable, que luego distribuimos a cada persona que recibi\u00f3 una canasta. Las m\u00e1scaras hechas por Patricia y Luis eran muy \u00fatiles y bonitas a la vez.&nbsp;&nbsp;<\/p>\n\n\n<div class=\"wp-block-image\">\n<figure class=\"aligncenter\"><img loading=\"lazy\" decoding=\"async\" width=\"1999\" height=\"1532\" src=\"https:\/\/unpanierpournoel.com\/wp-content\/uploads\/2021\/06\/image4.jpg\" alt=\"\" class=\"wp-image-8384\" srcset=\"https:\/\/unpanierpournoel.com\/wp-content\/uploads\/2021\/06\/image4.jpg 1999w, https:\/\/unpanierpournoel.com\/wp-content\/uploads\/2021\/06\/image4-350x268.jpg 350w, https:\/\/unpanierpournoel.com\/wp-content\/uploads\/2021\/06\/image4-300x230.jpg 300w, https:\/\/unpanierpournoel.com\/wp-content\/uploads\/2021\/06\/image4-1024x785.jpg 1024w, https:\/\/unpanierpournoel.com\/wp-content\/uploads\/2021\/06\/image4-768x589.jpg 768w, https:\/\/unpanierpournoel.com\/wp-content\/uploads\/2021\/06\/image4-1536x1177.jpg 1536w\" sizes=\"(max-width: 767px) 89vw, (max-width: 1000px) 54vw, (max-width: 1071px) 543px, 580px\" \/><\/figure><\/div>\n\n\n<p>En diciembre de 2020, seg\u00fan las medidas anti-Covid en Ecuador, ya no estaba permitido que las comunidades o asociaciones distribuyeron regalos a los ni\u00f1os (fundas de caramelos, etc.), as\u00ed que no pudimos darles los peluches que estaban destinados a ellos, tra\u00eddos desde Suiza. Pero s\u00f3lo es cuesti\u00f3n de tiempo!<\/p>\n\n\n<div class=\"wp-block-image\">\n<figure class=\"aligncenter\"><img loading=\"lazy\" decoding=\"async\" width=\"1999\" height=\"1500\" src=\"https:\/\/unpanierpournoel.com\/wp-content\/uploads\/2021\/06\/image10.jpg\" alt=\"\" class=\"wp-image-8390\" srcset=\"https:\/\/unpanierpournoel.com\/wp-content\/uploads\/2021\/06\/image10.jpg 1999w, https:\/\/unpanierpournoel.com\/wp-content\/uploads\/2021\/06\/image10-350x263.jpg 350w, https:\/\/unpanierpournoel.com\/wp-content\/uploads\/2021\/06\/image10-300x225.jpg 300w, https:\/\/unpanierpournoel.com\/wp-content\/uploads\/2021\/06\/image10-1024x768.jpg 1024w, https:\/\/unpanierpournoel.com\/wp-content\/uploads\/2021\/06\/image10-768x576.jpg 768w, https:\/\/unpanierpournoel.com\/wp-content\/uploads\/2021\/06\/image10-1536x1153.jpg 1536w\" sizes=\"(max-width: 767px) 89vw, (max-width: 1000px) 54vw, (max-width: 1071px) 543px, 580px\" \/><\/figure><\/div>\n\n\n<p>Proyecto Coup de Pouce| Este a\u00f1o es Yolanda la que se beneficia de una ayuda de la asociaci\u00f3n, en forma de triciclo-triple con el que podr\u00e1 reciclar cart\u00f3n y vender papel higi\u00e9nico en las calles de Santo Domingo de los Ts\u00e1chilas. Yolanda estaba muy emocionada, muy feliz con su triciclo verde manzana y muy agradecida a sus padrinos, Kevin y B\u00e1rbara.<\/p>\n\n\n<div class=\"wp-block-image\">\n<figure class=\"aligncenter\"><img loading=\"lazy\" decoding=\"async\" width=\"1999\" height=\"1500\" src=\"https:\/\/unpanierpournoel.com\/wp-content\/uploads\/2021\/06\/image6.jpg\" alt=\"\" class=\"wp-image-8386\" srcset=\"https:\/\/unpanierpournoel.com\/wp-content\/uploads\/2021\/06\/image6.jpg 1999w, https:\/\/unpanierpournoel.com\/wp-content\/uploads\/2021\/06\/image6-350x263.jpg 350w, https:\/\/unpanierpournoel.com\/wp-content\/uploads\/2021\/06\/image6-300x225.jpg 300w, https:\/\/unpanierpournoel.com\/wp-content\/uploads\/2021\/06\/image6-1024x768.jpg 1024w, https:\/\/unpanierpournoel.com\/wp-content\/uploads\/2021\/06\/image6-768x576.jpg 768w, https:\/\/unpanierpournoel.com\/wp-content\/uploads\/2021\/06\/image6-1536x1153.jpg 1536w\" sizes=\"(max-width: 767px) 89vw, (max-width: 1000px) 54vw, (max-width: 1071px) 543px, 580px\" \/><\/figure><\/div>\n\n\n<p>La Fritada| Este a\u00f1o volveremos a organizar una fritada, un plato t\u00edpico de los Andes. Tendr\u00e1 lugar (seguramente) el domingo 3 de octubre en la Grande Salle de Oulens. Reserve la fecha ahora y se le enviar\u00e1 una invitaci\u00f3n oficial, una vez que todo est\u00e9 confirmado.<\/p>\n\n\n\n<p>Un c\u00e1lido agradecimiento a todos los voluntarios que nos ayudaron en las diversas actividades de la asociaci\u00f3n, pero en particular, para la \u00faltima Fritada, a : Gloria, G\u00e9raldine, Audrey, Kevin, B\u00e9atrice, Constance, Didier, Bernhard y Abiga\u00ebl.<\/p>\n\n\n<div class=\"wp-block-image\">\n<figure class=\"aligncenter\"><img loading=\"lazy\" decoding=\"async\" width=\"967\" height=\"547\" src=\"https:\/\/unpanierpournoel.com\/wp-content\/uploads\/2021\/06\/image5.jpg\" alt=\"\" class=\"wp-image-8385\" srcset=\"https:\/\/unpanierpournoel.com\/wp-content\/uploads\/2021\/06\/image5.jpg 967w, https:\/\/unpanierpournoel.com\/wp-content\/uploads\/2021\/06\/image5-350x198.jpg 350w, https:\/\/unpanierpournoel.com\/wp-content\/uploads\/2021\/06\/image5-300x170.jpg 300w, https:\/\/unpanierpournoel.com\/wp-content\/uploads\/2021\/06\/image5-768x434.jpg 768w\" sizes=\"(max-width: 767px) 89vw, (max-width: 1000px) 54vw, (max-width: 1071px) 543px, 580px\" \/><\/figure><\/div>\n\n\n<p>Sobre los stands| Los stands est\u00e1n ah\u00ed para hablar de la asociaci\u00f3n pero tambi\u00e9n para recaudar fondos para el proyecto en Ecuador. Un gran agradecimiento a Constance y Didier, Charlotte, Luis-Carlos, Bety, Kelly y Vincent que participaron en los 8 stands organizados en 2020. Las pr\u00f3ximas tendr\u00e1n lugar este oto\u00f1o, as\u00ed que no dudes en ponerte en contacto con nosotros si quieres <a href=\"https:\/\/unpanierpournoel.com\/index.php\/benevoles\/?lang=es\" target=\"_blank\" rel=\"noreferrer noopener\">ofrecer algo de tu tiempo como voluntario<\/a>, porque te necesitamos.<\/p>\n\n\n<div class=\"wp-block-image\">\n<figure class=\"aligncenter\"><img loading=\"lazy\" decoding=\"async\" width=\"1999\" height=\"1247\" src=\"https:\/\/unpanierpournoel.com\/wp-content\/uploads\/2021\/06\/image8.jpg\" alt=\"\" class=\"wp-image-8388\" srcset=\"https:\/\/unpanierpournoel.com\/wp-content\/uploads\/2021\/06\/image8.jpg 1999w, https:\/\/unpanierpournoel.com\/wp-content\/uploads\/2021\/06\/image8-350x218.jpg 350w, https:\/\/unpanierpournoel.com\/wp-content\/uploads\/2021\/06\/image8-300x187.jpg 300w, https:\/\/unpanierpournoel.com\/wp-content\/uploads\/2021\/06\/image8-1024x639.jpg 1024w, https:\/\/unpanierpournoel.com\/wp-content\/uploads\/2021\/06\/image8-768x479.jpg 768w, https:\/\/unpanierpournoel.com\/wp-content\/uploads\/2021\/06\/image8-1536x958.jpg 1536w\" sizes=\"(max-width: 767px) 89vw, (max-width: 1000px) 54vw, (max-width: 1071px) 543px, 580px\" \/><\/figure><\/div>\n\n<div class=\"wp-block-image\">\n<figure class=\"aligncenter\"><img loading=\"lazy\" decoding=\"async\" width=\"1999\" height=\"1187\" src=\"https:\/\/unpanierpournoel.com\/wp-content\/uploads\/2021\/06\/image11.jpg\" alt=\"\" class=\"wp-image-8391\" srcset=\"https:\/\/unpanierpournoel.com\/wp-content\/uploads\/2021\/06\/image11.jpg 1999w, https:\/\/unpanierpournoel.com\/wp-content\/uploads\/2021\/06\/image11-350x208.jpg 350w, https:\/\/unpanierpournoel.com\/wp-content\/uploads\/2021\/06\/image11-300x178.jpg 300w, https:\/\/unpanierpournoel.com\/wp-content\/uploads\/2021\/06\/image11-1024x608.jpg 1024w, https:\/\/unpanierpournoel.com\/wp-content\/uploads\/2021\/06\/image11-768x456.jpg 768w, https:\/\/unpanierpournoel.com\/wp-content\/uploads\/2021\/06\/image11-1536x912.jpg 1536w\" sizes=\"(max-width: 767px) 89vw, (max-width: 1000px) 54vw, (max-width: 1071px) 543px, 580px\" \/><\/figure><\/div>\n\n<div class=\"wp-block-image\">\n<figure class=\"aligncenter\"><img loading=\"lazy\" decoding=\"async\" width=\"1999\" height=\"1326\" src=\"https:\/\/unpanierpournoel.com\/wp-content\/uploads\/2021\/06\/image9.jpg\" alt=\"\" class=\"wp-image-8389\" srcset=\"https:\/\/unpanierpournoel.com\/wp-content\/uploads\/2021\/06\/image9.jpg 1999w, https:\/\/unpanierpournoel.com\/wp-content\/uploads\/2021\/06\/image9-350x232.jpg 350w, https:\/\/unpanierpournoel.com\/wp-content\/uploads\/2021\/06\/image9-300x199.jpg 300w, https:\/\/unpanierpournoel.com\/wp-content\/uploads\/2021\/06\/image9-1024x679.jpg 1024w, https:\/\/unpanierpournoel.com\/wp-content\/uploads\/2021\/06\/image9-768x509.jpg 768w, https:\/\/unpanierpournoel.com\/wp-content\/uploads\/2021\/06\/image9-1536x1019.jpg 1536w\" sizes=\"(max-width: 767px) 89vw, (max-width: 1000px) 54vw, (max-width: 1071px) 543px, 580px\" \/><\/figure><\/div>\n\n<div class=\"wp-block-image\">\n<figure class=\"aligncenter\"><img loading=\"lazy\" decoding=\"async\" width=\"1999\" height=\"1348\" src=\"https:\/\/unpanierpournoel.com\/wp-content\/uploads\/2021\/06\/image7.jpg\" alt=\"\" class=\"wp-image-8387\" srcset=\"https:\/\/unpanierpournoel.com\/wp-content\/uploads\/2021\/06\/image7.jpg 1999w, https:\/\/unpanierpournoel.com\/wp-content\/uploads\/2021\/06\/image7-350x236.jpg 350w, https:\/\/unpanierpournoel.com\/wp-content\/uploads\/2021\/06\/image7-300x202.jpg 300w, https:\/\/unpanierpournoel.com\/wp-content\/uploads\/2021\/06\/image7-1024x691.jpg 1024w, https:\/\/unpanierpournoel.com\/wp-content\/uploads\/2021\/06\/image7-768x518.jpg 768w, https:\/\/unpanierpournoel.com\/wp-content\/uploads\/2021\/06\/image7-1536x1036.jpg 1536w\" sizes=\"(max-width: 767px) 89vw, (max-width: 1000px) 54vw, (max-width: 1071px) 543px, 580px\" \/><\/figure><\/div>\n\n<div class=\"wp-block-image\">\n<figure class=\"aligncenter\"><img loading=\"lazy\" decoding=\"async\" width=\"1125\" height=\"1999\" src=\"https:\/\/unpanierpournoel.com\/wp-content\/uploads\/2021\/06\/image12.jpg\" alt=\"\" class=\"wp-image-8392\" srcset=\"https:\/\/unpanierpournoel.com\/wp-content\/uploads\/2021\/06\/image12.jpg 1125w, https:\/\/unpanierpournoel.com\/wp-content\/uploads\/2021\/06\/image12-350x622.jpg 350w, https:\/\/unpanierpournoel.com\/wp-content\/uploads\/2021\/06\/image12-169x300.jpg 169w, https:\/\/unpanierpournoel.com\/wp-content\/uploads\/2021\/06\/image12-576x1024.jpg 576w, https:\/\/unpanierpournoel.com\/wp-content\/uploads\/2021\/06\/image12-768x1365.jpg 768w, https:\/\/unpanierpournoel.com\/wp-content\/uploads\/2021\/06\/image12-864x1536.jpg 864w\" sizes=\"(max-width: 767px) 89vw, (max-width: 1000px) 54vw, (max-width: 1071px) 543px, 580px\" \/><\/figure><\/div>\n\n\n<p class=\"has-text-align-center\">\u201c <em>Las peque\u00f1as causas producen grandes efectos<\/em>\u201d<\/p>\n\n\n\n<p class=\"has-text-align-center\">Proverbio franc\u00e9s<\/p>\n\n\n\n<p class=\"has-text-align-center\">Gracias por su apoyo !<\/p>\n\n\n<div class=\"wp-block-image\">\n<figure class=\"aligncenter size-full\"><img loading=\"lazy\" decoding=\"async\" width=\"242\" height=\"134\" src=\"https:\/\/unpanierpournoel.com\/wp-content\/uploads\/2021\/06\/make-a-donation.jpg\" alt=\"\" class=\"wp-image-8467\"\/><\/figure><\/div>\n\n\n<figure class=\"wp-block-table\"><table><tbody><tr><td class=\"has-text-align-center\" data-align=\"center\"><a href=\"https:\/\/unpanierpournoel.com\/?lang=es\" target=\"_blank\" rel=\"noreferrer noopener\">VISITE NUESTRA P\u00c1GINA WEB PARA SABER M\u00c1S<\/a><\/td><\/tr><tr><td class=\"has-text-align-center\" data-align=\"center\"><img loading=\"lazy\" decoding=\"async\" src=\"https:\/\/unpanierpournoel.com\/wp-content\/uploads\/2021\/06\/image2.jpg\" alt=\"\" width=\"600\" height=\"82\"><\/td><\/tr><\/tbody><\/table><\/figure>\n\n\n\n<p><\/p>","protected":false},"excerpt":{"rendered":"<p>En diciembre de 2020, a pesar de la pandemia, decidimos ir a Ecuador y continuar con el proyecto, para repartir canastas navide\u00f1as con alimentos a los m\u00e1s humildes. Por supuesto que no pudimos llevar a cabo el proyecto como otros a\u00f1os, tuvimos que adaptarnos a la situaci\u00f3n, no hacer grandes aglomeraciones, llevar la m\u00e1scara, respetar &hellip; <\/p>\n<p class=\"link-more\"><a href=\"https:\/\/unpanierpournoel.com\/es\/rapport-dactivite-2020\/\" class=\"more-link\">Continuar leyendo<span class=\"screen-reader-text\"> \u00abReporte de actividades 2020\u00bb<\/span><\/a><\/p>\n","protected":false},"author":3,"featured_media":0,"parent":0,"menu_order":0,"comment_status":"closed","ping_status":"closed","template":"","meta":{"footnotes":""},"_links":{"self":[{"href":"https:\/\/unpanierpournoel.com\/es\/wp-json\/wp\/v2\/pages\/10128"}],"collection":[{"href":"https:\/\/unpanierpournoel.com\/es\/wp-json\/wp\/v2\/pages"}],"about":[{"href":"https:\/\/unpanierpournoel.com\/es\/wp-json\/wp\/v2\/types\/page"}],"author":[{"embeddable":true,"href":"https:\/\/unpanierpournoel.com\/es\/wp-json\/wp\/v2\/users\/3"}],"replies":[{"embeddable":true,"href":"https:\/\/unpanierpournoel.com\/es\/wp-json\/wp\/v2\/comments?post=10128"}],"version-history":[{"count":39,"href":"https:\/\/unpanierpournoel.com\/es\/wp-json\/wp\/v2\/pages\/10128\/revisions"}],"predecessor-version":[{"id":10178,"href":"https:\/\/unpanierpournoel.com\/es\/wp-json\/wp\/v2\/pages\/10128\/revisions\/10178"}],"wp:attachment":[{"href":"https:\/\/unpanierpournoel.com\/es\/wp-json\/wp\/v2\/media?parent=10128"}],"curies":[{"name":"wp","href":"https:\/\/api.w.org\/{rel}","templated":true}]}}