{"id":8493,"date":"2021-06-13T16:34:15","date_gmt":"2021-06-13T14:34:15","guid":{"rendered":"https:\/\/unpanierpournoel.com\/?page_id=8493"},"modified":"2023-02-05T16:31:29","modified_gmt":"2023-02-05T15:31:29","slug":"newsletter-juin-2021","status":"publish","type":"page","link":"https:\/\/unpanierpournoel.com\/en\/newsletter-juin-2021\/","title":{"rendered":"Newsletter 2020"},"content":{"rendered":"<p><\/p>\n<style type=\"text\/css\">@import url('https:\/\/themes.googleusercontent.com\/fonts\/css?kit=7W4o5b_uuFmpYfhkojRDx-1m53XbCTa0n8D0jKP-ySUp-gc51eNUXvyoS-DH3dy_');ol{margin:0;padding:0}table td,table th{padding:0}.c5{border-right-style:solid;padding:5pt 5pt 5pt 5pt;border-bottom-color:#ffffff;border-top-width:1pt;border-right-width:1pt;border-left-color:#ffffff;vertical-align:top;border-right-color:#ffffff;border-left-width:1pt;border-top-style:solid;background-color:#22c2f6;border-left-style:solid;border-bottom-width:1pt;width:406.5pt;border-top-color:#ffffff;border-bottom-style:solid}.c15{border-right-style:solid;padding:14.2pt 14.2pt 14.2pt 14.2pt;border-bottom-color:#ffffff;border-top-width:1pt;border-right-width:1pt;border-left-color:#ffffff;vertical-align:top;border-right-color:#ffffff;border-left-width:1pt;border-top-style:solid;background-color:#ffffff;border-left-style:solid;border-bottom-width:1pt;width:406.5pt;border-top-color:#ffffff;border-bottom-style:solid}.c17{border-right-style:solid;padding:14.2pt 14.2pt 14.2pt 14.2pt;border-bottom-color:#ffffff;border-top-width:1pt;border-right-width:1pt;border-left-color:#ffffff;vertical-align:middle;border-right-color:#ffffff;border-left-width:1pt;border-top-style:solid;background-color:#22c2f6;border-left-style:solid;border-bottom-width:1pt;width:406.5pt;border-top-color:#ffffff;border-bottom-style:solid}.c14{border-right-style:solid;padding:14.2pt 14.2pt 14.2pt 14.2pt;border-bottom-color:#ffffff;border-top-width:1pt;border-right-width:1pt;border-left-color:#ffffff;vertical-align:top;border-right-color:#ffffff;border-left-width:1pt;border-top-style:solid;background-color:#22c2f6;border-left-style:solid;border-bottom-width:1pt;width:406.5pt;border-top-color:#ffffff;border-bottom-style:solid}.c32{border-right-style:solid;padding:8.5pt 8.5pt 8.5pt 8.5pt;border-bottom-color:#ffffff;border-top-width:1pt;border-right-width:1pt;border-left-color:#ffffff;vertical-align:top;border-right-color:#ffffff;border-left-width:1pt;border-top-style:solid;background-color:#ffffff;border-left-style:solid;border-bottom-width:1pt;width:406.5pt;border-top-color:#ffffff;border-bottom-style:solid}.c29{border-right-style:solid;padding:5pt 5pt 5pt 5pt;border-bottom-color:#ffffff;border-top-width:1pt;border-right-width:1pt;border-left-color:#ffffff;vertical-align:middle;border-right-color:#ffffff;border-left-width:1pt;border-top-style:solid;border-left-style:solid;border-bottom-width:1pt;width:406.5pt;border-top-color:#ffffff;border-bottom-style:solid}.c12{border-right-style:solid;padding:5pt 5pt 5pt 5pt;border-bottom-color:#ffffff;border-top-width:1pt;border-right-width:1pt;border-left-color:#ffffff;vertical-align:top;border-right-color:#ffffff;border-left-width:1pt;border-top-style:solid;border-left-style:solid;border-bottom-width:1pt;width:406.5pt;border-top-color:#ffffff;border-bottom-style:solid}.c2{margin-left:28.3pt;padding-top:0pt;padding-bottom:0pt;line-height:1.15;orphans:2;widows:2;text-align:justify;margin-right:23.7pt}.c41{margin-left:14.2pt;padding-top:0pt;padding-bottom:0pt;line-height:1.15;orphans:2;widows:2;text-align:center;margin-right:13.9pt}.c16{margin-left:28.3pt;padding-top:0pt;padding-bottom:0pt;line-height:1.15;orphans:2;widows:2;text-align:left}.c43{padding-top:0pt;padding-bottom:0pt;line-height:1.0;orphans:2;widows:2;text-align:left;height:11pt}.c34{padding-top:0pt;padding-bottom:0pt;line-height:1.15;orphans:2;widows:2;text-align:left;height:11pt}.c20{color:#ffffff;font-weight:400;text-decoration:none;vertical-align:baseline;font-size:25pt;font-family:\"Impact\";font-style:normal}.c37{margin-left:63.8pt;padding-top:0pt;text-indent:-35.4pt;padding-bottom:0pt;line-height:1.0;text-align:left;margin-right:13.9pt}.c9{color:#ffffff;font-weight:400;text-decoration:none;vertical-align:baseline;font-size:11pt;font-family:\"Comfortaa\";font-style:normal}.c18{-webkit-text-decoration-skip:none;color:#ffffff;font-weight:700;text-decoration:underline;text-decoration-skip-ink:none;font-size:12pt;font-family:\"Quicksand\"}.c7{color:#ffffff;font-weight:400;text-decoration:none;vertical-align:baseline;font-size:12pt;font-family:\"Verdana\";font-style:normal}.c22{color:#ffffff;font-weight:400;text-decoration:none;vertical-align:baseline;font-size:12pt;font-family:\"Comfortaa\";font-style:normal}.c25{color:#000000;font-weight:400;text-decoration:none;vertical-align:baseline;font-size:11pt;font-family:\"Arial\";font-style:normal}.c42{color:#ffffff;font-weight:400;text-decoration:none;vertical-align:baseline;font-size:22pt;font-family:\"Caveat\";font-style:italic}.c23{-webkit-text-decoration-skip:none;color:#1155cc;font-weight:400;text-decoration:underline;text-decoration-skip-ink:none;font-size:12pt;font-family:\"Verdana\"}.c19{color:#ffffff;font-weight:400;text-decoration:none;vertical-align:baseline;font-size:11pt;font-family:\"Verdana\";font-style:normal}.c13{color:#000000;font-weight:400;text-decoration:none;vertical-align:baseline;font-size:11pt;font-family:\"Lora\";font-style:normal}.c38{padding-top:0pt;padding-bottom:0pt;line-height:1.0;text-indent:226.8pt;text-align:left;height:11pt}.c10{margin-left:28.3pt;padding-top:0pt;padding-bottom:0pt;line-height:1.15;text-align:left;margin-right:23.7pt}.c0{padding-top:0pt;padding-bottom:0pt;line-height:1.0;orphans:2;widows:2;text-align:center}.c6{margin-left:28.3pt;padding-top:0pt;padding-bottom:0pt;line-height:1.15;text-align:justify;margin-right:23.7pt}.c24{padding-top:10pt;padding-bottom:0pt;line-height:1.15;orphans:2;widows:2;text-align:center}.c36{font-size:23pt;font-family:\"Caveat\";font-style:italic;color:#ffffff;font-weight:400}.c39{padding-top:0pt;padding-bottom:0pt;line-height:1.0;text-indent:226.8pt;text-align:left}.c4{margin-left:28.3pt;padding-top:0pt;padding-bottom:0pt;line-height:1.0;text-align:left}.c28{color:#ffffff;font-weight:400;text-decoration:none;font-size:14pt;font-family:\"Verdana\"}.c35{color:#ffffff;font-weight:400;text-decoration:none;font-size:1pt;font-family:\"Caveat\"}.c30{padding-top:0pt;padding-bottom:0pt;line-height:0.06;text-align:left;height:11pt}.c27{color:#000000;font-weight:700;text-decoration:none;font-size:11pt;font-family:\"Quicksand\"}.c21{margin-left:14.2pt;border-spacing:0;border-collapse:collapse;margin-right:auto}.c8{font-size:12pt;font-family:\"Verdana\";color:#ffffff;font-weight:400}.c40{font-size:12pt;font-family:\"Comfortaa\";color:#ffffff;font-weight:400}.c31{padding-top:0pt;padding-bottom:0pt;line-height:1.0;text-align:center}.c33{background-color:#ffffff;max-width:451.4pt;padding:21.3pt 72pt 72pt 72pt}.c26{vertical-align:baseline;font-style:normal}.c3{color:inherit;text-decoration:inherit}.c11{height:26.1pt}.c1{height:0pt}.title{padding-top:0pt;color:#000000;font-size:26pt;padding-bottom:3pt;font-family:\"Arial\";line-height:1.15;page-break-after:avoid;orphans:2;widows:2;text-align:left}.subtitle{padding-top:0pt;color:#666666;font-size:15pt;padding-bottom:16pt;font-family:\"Arial\";line-height:1.15;page-break-after:avoid;orphans:2;widows:2;text-align:left}li{color:#000000;font-size:11pt;font-family:\"Arial\"}p{margin:0;color:#000000;font-size:11pt;font-family:\"Arial\"}h1{padding-top:20pt;color:#000000;font-size:20pt;padding-bottom:6pt;font-family:\"Arial\";line-height:1.15;page-break-after:avoid;orphans:2;widows:2;text-align:left}h2{padding-top:18pt;color:#000000;font-size:16pt;padding-bottom:6pt;font-family:\"Arial\";line-height:1.15;page-break-after:avoid;orphans:2;widows:2;text-align:left}h3{padding-top:16pt;color:#434343;font-size:14pt;padding-bottom:4pt;font-family:\"Arial\";line-height:1.15;page-break-after:avoid;orphans:2;widows:2;text-align:left}h4{padding-top:14pt;color:#666666;font-size:12pt;padding-bottom:4pt;font-family:\"Arial\";line-height:1.15;page-break-after:avoid;orphans:2;widows:2;text-align:left}h5{padding-top:12pt;color:#666666;font-size:11pt;padding-bottom:4pt;font-family:\"Arial\";line-height:1.15;page-break-after:avoid;orphans:2;widows:2;text-align:left}h6{padding-top:12pt;color:#666666;font-size:11pt;padding-bottom:4pt;font-family:\"Arial\";line-height:1.15;page-break-after:avoid;font-style:italic;orphans:2;widows:2;text-align:left}<\/style>\n<table class=\"c21\">\n<tbody>\n<tr class=\"c1\">\n<td class=\"c14\" colspan=\"1\" rowspan=\"1\">\n<p class=\"c0\"><span class=\"c20\">NEWSLETTER JUNE 2021<\/span><\/p>\n<\/td>\n<\/tr>\n<tr class=\"c11\">\n<td class=\"c14\" colspan=\"1\" rowspan=\"1\">\n<p class=\"c2\"><span class=\"c7\">I<span style=\"font-weight: 400;\">n December 2020, despite the pandemic, we decided to go to Ecuador and continue the project, to distribute Christmas baskets with food to the poorest. Of course we could not carry out the project as in other years, we had to adapt to the situation, not to make large gatherings, to wear the mask, to respect the distance and the barrier gestures. But it was possible, as you can see in the following short film<\/span>.<\/span><\/p>\n<\/td>\n<\/tr>\n<tr class=\"c1\">\n<td class=\"c12\" colspan=\"1\" rowspan=\"1\">\n<p class=\"c16\"><a href=\"https:\/\/www.youtube.com\/watch?v=6TgLY36NSZE\" target=\"_blank\" rel=\"noopener\"><img loading=\"lazy\" decoding=\"async\" class=\"aligncenter wp-image-8381\" src=\"https:\/\/unpanierpournoel.com\/wp-content\/uploads\/2021\/06\/image1.jpg\" alt=\"\" width=\"600\" height=\"254\" srcset=\"https:\/\/unpanierpournoel.com\/wp-content\/uploads\/2021\/06\/image1.jpg 628w, https:\/\/unpanierpournoel.com\/wp-content\/uploads\/2021\/06\/image1-350x148.jpg 350w, https:\/\/unpanierpournoel.com\/wp-content\/uploads\/2021\/06\/image1-300x127.jpg 300w\" sizes=\"(max-width: 600px) 100vw, 600px\" \/><\/a><\/p>\n<\/td>\n<\/tr>\n<tr class=\"c11\">\n<td class=\"c14\" colspan=\"1\" rowspan=\"1\">\n<p class=\"c2\"><span class=\"c8\">A<span style=\"font-weight: 400;\">bout the masks| The masks were made by Patricia and Luis, as a family. Patricia had been given a sewing machine a few years before, as part of the Coup de Pouce project, to make construction masks. In December, we were able to commission her to make the protective masks out of antibacterial, washable and reusable fabric, which we then distributed to each person who received a basket. The masks made by Patricia and Luis were very useful and pretty at the same time<\/span>.<\/span><span class=\"c40\">\u00a0<\/span><span class=\"c9\">\u00a0 <\/span><\/p>\n<\/td>\n<\/tr>\n<tr class=\"c1\">\n<td class=\"c32\" colspan=\"1\" rowspan=\"1\">\n<p class=\"c24\"><span style=\"overflow: hidden; display: inline-block; margin: 0.00px 0.00px; border: 0.00px solid #000000; transform: rotate(0.00rad) translateZ(0px); -webkit-transform: rotate(0.00rad) translateZ(0px); width: 305.50px; height: 233.48px;\"><img loading=\"lazy\" decoding=\"async\" class=\"aligncenter size-full wp-image-8384\" src=\"https:\/\/unpanierpournoel.com\/wp-content\/uploads\/2021\/06\/image4.jpg\" alt=\"\" width=\"1999\" height=\"1532\" srcset=\"https:\/\/unpanierpournoel.com\/wp-content\/uploads\/2021\/06\/image4.jpg 1999w, https:\/\/unpanierpournoel.com\/wp-content\/uploads\/2021\/06\/image4-350x268.jpg 350w, https:\/\/unpanierpournoel.com\/wp-content\/uploads\/2021\/06\/image4-300x230.jpg 300w, https:\/\/unpanierpournoel.com\/wp-content\/uploads\/2021\/06\/image4-1024x785.jpg 1024w, https:\/\/unpanierpournoel.com\/wp-content\/uploads\/2021\/06\/image4-768x589.jpg 768w, https:\/\/unpanierpournoel.com\/wp-content\/uploads\/2021\/06\/image4-1536x1177.jpg 1536w\" sizes=\"(max-width: 767px) 89vw, (max-width: 1000px) 54vw, (max-width: 1071px) 543px, 580px\" \/><\/span><\/p>\n<\/td>\n<\/tr>\n<tr class=\"c11\">\n<td class=\"c14\" colspan=\"1\" rowspan=\"1\">\n<p class=\"c6\"><span class=\"c7\">I<span style=\"font-weight: 400;\">n December 2020, according to the anti-Covid measures in Ecuador, it was no longer allowed for communities or associations to distribute gifts to children (bags of caramels, etc.), which is why we were not able to give them the teddies that were intended for them, brought from Switzerland. But it&#8217;s only a postponement<\/span>!<\/span><\/p>\n<\/td>\n<\/tr>\n<tr class=\"c1\">\n<td class=\"c5\" colspan=\"1\" rowspan=\"1\">\n<p class=\"c4\"><img loading=\"lazy\" decoding=\"async\" class=\"aligncenter wp-image-8390\" src=\"https:\/\/unpanierpournoel.com\/wp-content\/uploads\/2021\/06\/image10.jpg\" alt=\"\" width=\"600\" height=\"450\" srcset=\"https:\/\/unpanierpournoel.com\/wp-content\/uploads\/2021\/06\/image10.jpg 1999w, https:\/\/unpanierpournoel.com\/wp-content\/uploads\/2021\/06\/image10-350x263.jpg 350w, https:\/\/unpanierpournoel.com\/wp-content\/uploads\/2021\/06\/image10-300x225.jpg 300w, https:\/\/unpanierpournoel.com\/wp-content\/uploads\/2021\/06\/image10-1024x768.jpg 1024w, https:\/\/unpanierpournoel.com\/wp-content\/uploads\/2021\/06\/image10-768x576.jpg 768w, https:\/\/unpanierpournoel.com\/wp-content\/uploads\/2021\/06\/image10-1536x1153.jpg 1536w\" sizes=\"(max-width: 600px) 100vw, 600px\" \/><\/p>\n<\/td>\n<\/tr>\n<tr class=\"c11\">\n<td class=\"c14\" colspan=\"1\" rowspan=\"1\">\n<p class=\"c10\"><span class=\"c7\">C<span style=\"font-weight: 400;\">oup de Pouce project| This year it is Yolanda who benefits from a hand from the association, in the form of a tricycle triporteur with which she will be able to recycle cardboard and sell toilet paper in the streets of Santo Domingo de los Ts\u00e1chilas. Yolanda was very moved, super happy with her apple green tricycle and very grateful to her sponsors, Kevin and Barbara<\/span>.<\/span><\/p>\n<\/td>\n<\/tr>\n<tr class=\"c1\">\n<td class=\"c5\" colspan=\"1\" rowspan=\"1\">\n<p class=\"c4\"><img loading=\"lazy\" decoding=\"async\" class=\"aligncenter wp-image-8386\" src=\"https:\/\/unpanierpournoel.com\/wp-content\/uploads\/2021\/06\/image6.jpg\" alt=\"\" width=\"600\" height=\"450\" srcset=\"https:\/\/unpanierpournoel.com\/wp-content\/uploads\/2021\/06\/image6.jpg 1999w, https:\/\/unpanierpournoel.com\/wp-content\/uploads\/2021\/06\/image6-350x263.jpg 350w, https:\/\/unpanierpournoel.com\/wp-content\/uploads\/2021\/06\/image6-300x225.jpg 300w, https:\/\/unpanierpournoel.com\/wp-content\/uploads\/2021\/06\/image6-1024x768.jpg 1024w, https:\/\/unpanierpournoel.com\/wp-content\/uploads\/2021\/06\/image6-768x576.jpg 768w, https:\/\/unpanierpournoel.com\/wp-content\/uploads\/2021\/06\/image6-1536x1153.jpg 1536w\" sizes=\"(max-width: 600px) 100vw, 600px\" \/><\/p>\n<\/td>\n<\/tr>\n<tr class=\"c11\">\n<td class=\"c14\" colspan=\"1\" rowspan=\"1\">\n<p class=\"c6\"><span class=\"c7\">T<span style=\"font-weight: 400;\">he Fritada| This year again we will organize a fritada, a typical dish from the Andes. It will (certainly) take place on Sunday, October 3rd at the Grande Salle in Oulens. Reserve the date already and an official invitation will follow, when everything will be confirmed<\/span>. <\/span><\/p>\n<p class=\"c6\"><span class=\"c7\">A <span style=\"font-weight: 400;\">warm thank you to all the volunteers who helped us in the various activities of the association, but in particular, for the last Fritada, to : Gloria, G\u00e9raldine, Audrey, Kevin, B\u00e9atrice, Constance, Didier, Bernhard and Abiga\u00ebl<\/span>.<\/span><\/p>\n<\/td>\n<\/tr>\n<tr class=\"c1\">\n<td class=\"c15\" colspan=\"1\" rowspan=\"1\">\n<p class=\"c4\"><img loading=\"lazy\" decoding=\"async\" class=\"aligncenter wp-image-8385\" src=\"https:\/\/unpanierpournoel.com\/wp-content\/uploads\/2021\/06\/image5.jpg\" alt=\"\" width=\"600\" height=\"339\" srcset=\"https:\/\/unpanierpournoel.com\/wp-content\/uploads\/2021\/06\/image5.jpg 967w, https:\/\/unpanierpournoel.com\/wp-content\/uploads\/2021\/06\/image5-350x198.jpg 350w, https:\/\/unpanierpournoel.com\/wp-content\/uploads\/2021\/06\/image5-300x170.jpg 300w, https:\/\/unpanierpournoel.com\/wp-content\/uploads\/2021\/06\/image5-768x434.jpg 768w\" sizes=\"(max-width: 600px) 100vw, 600px\" \/><\/p>\n<\/td>\n<\/tr>\n<tr class=\"c11\">\n<td class=\"c14\" colspan=\"1\" rowspan=\"1\">\n<p class=\"c2\"><span class=\"c8\">A<span style=\"font-weight: 400;\">bout the stands| The stands are there to talk about the association but also to raise funds for the project in Ecuador. A big thank you to Constance and Didier, Charlotte, Luis-Carlos, Bety, Kelly and Vincent who participated in the 8 stands organized in 2020. The next ones will take place this autumn, do not hesitate to contact us <\/span><a href=\"https:\/\/unpanierpournoel.com\/index.php\/benevoles\/?lang=en\"><span style=\"font-weight: 400;\">if you wish to offer some of your time as a volunteer<\/span><\/a><span style=\"font-weight: 400;\">, because we need you<\/span><\/span><span class=\"c8\">.<\/span><\/p>\n<\/td>\n<\/tr>\n<tr class=\"c1\">\n<td class=\"c5\" colspan=\"1\" rowspan=\"1\">\n<p class=\"c4\"><img loading=\"lazy\" decoding=\"async\" class=\"aligncenter wp-image-8388\" src=\"https:\/\/unpanierpournoel.com\/wp-content\/uploads\/2021\/06\/image8.jpg\" alt=\"\" width=\"600\" height=\"374\" srcset=\"https:\/\/unpanierpournoel.com\/wp-content\/uploads\/2021\/06\/image8.jpg 1999w, https:\/\/unpanierpournoel.com\/wp-content\/uploads\/2021\/06\/image8-350x218.jpg 350w, https:\/\/unpanierpournoel.com\/wp-content\/uploads\/2021\/06\/image8-300x187.jpg 300w, https:\/\/unpanierpournoel.com\/wp-content\/uploads\/2021\/06\/image8-1024x639.jpg 1024w, https:\/\/unpanierpournoel.com\/wp-content\/uploads\/2021\/06\/image8-768x479.jpg 768w, https:\/\/unpanierpournoel.com\/wp-content\/uploads\/2021\/06\/image8-1536x958.jpg 1536w\" sizes=\"(max-width: 600px) 100vw, 600px\" \/><\/p>\n<\/td>\n<\/tr>\n<tr class=\"c1\">\n<td class=\"c5\" colspan=\"1\" rowspan=\"1\">\n<p class=\"c4\"><img loading=\"lazy\" decoding=\"async\" class=\"aligncenter wp-image-8391\" src=\"https:\/\/unpanierpournoel.com\/wp-content\/uploads\/2021\/06\/image11.jpg\" alt=\"\" width=\"600\" height=\"356\" srcset=\"https:\/\/unpanierpournoel.com\/wp-content\/uploads\/2021\/06\/image11.jpg 1999w, https:\/\/unpanierpournoel.com\/wp-content\/uploads\/2021\/06\/image11-350x208.jpg 350w, https:\/\/unpanierpournoel.com\/wp-content\/uploads\/2021\/06\/image11-300x178.jpg 300w, https:\/\/unpanierpournoel.com\/wp-content\/uploads\/2021\/06\/image11-1024x608.jpg 1024w, https:\/\/unpanierpournoel.com\/wp-content\/uploads\/2021\/06\/image11-768x456.jpg 768w, https:\/\/unpanierpournoel.com\/wp-content\/uploads\/2021\/06\/image11-1536x912.jpg 1536w\" sizes=\"(max-width: 600px) 100vw, 600px\" \/><\/p>\n<\/td>\n<\/tr>\n<tr class=\"c1\">\n<td class=\"c5\" colspan=\"1\" rowspan=\"1\">\n<p class=\"c4\"><img loading=\"lazy\" decoding=\"async\" class=\"aligncenter wp-image-8389\" src=\"https:\/\/unpanierpournoel.com\/wp-content\/uploads\/2021\/06\/image9.jpg\" alt=\"\" width=\"600\" height=\"398\" srcset=\"https:\/\/unpanierpournoel.com\/wp-content\/uploads\/2021\/06\/image9.jpg 1999w, https:\/\/unpanierpournoel.com\/wp-content\/uploads\/2021\/06\/image9-350x232.jpg 350w, https:\/\/unpanierpournoel.com\/wp-content\/uploads\/2021\/06\/image9-300x199.jpg 300w, https:\/\/unpanierpournoel.com\/wp-content\/uploads\/2021\/06\/image9-1024x679.jpg 1024w, https:\/\/unpanierpournoel.com\/wp-content\/uploads\/2021\/06\/image9-768x509.jpg 768w, https:\/\/unpanierpournoel.com\/wp-content\/uploads\/2021\/06\/image9-1536x1019.jpg 1536w\" sizes=\"(max-width: 600px) 100vw, 600px\" \/><\/p>\n<\/td>\n<\/tr>\n<tr class=\"c1\">\n<td class=\"c5\" colspan=\"1\" rowspan=\"1\">\n<p class=\"c4\"><img loading=\"lazy\" decoding=\"async\" class=\"aligncenter wp-image-8387\" src=\"https:\/\/unpanierpournoel.com\/wp-content\/uploads\/2021\/06\/image7.jpg\" alt=\"\" width=\"600\" height=\"405\" srcset=\"https:\/\/unpanierpournoel.com\/wp-content\/uploads\/2021\/06\/image7.jpg 1999w, https:\/\/unpanierpournoel.com\/wp-content\/uploads\/2021\/06\/image7-350x236.jpg 350w, https:\/\/unpanierpournoel.com\/wp-content\/uploads\/2021\/06\/image7-300x202.jpg 300w, https:\/\/unpanierpournoel.com\/wp-content\/uploads\/2021\/06\/image7-1024x691.jpg 1024w, https:\/\/unpanierpournoel.com\/wp-content\/uploads\/2021\/06\/image7-768x518.jpg 768w, https:\/\/unpanierpournoel.com\/wp-content\/uploads\/2021\/06\/image7-1536x1036.jpg 1536w\" sizes=\"(max-width: 600px) 100vw, 600px\" \/><\/p>\n<\/td>\n<\/tr>\n<tr class=\"c1\">\n<td class=\"c5\" colspan=\"1\" rowspan=\"1\">\n<p class=\"c4\"><img loading=\"lazy\" decoding=\"async\" class=\"aligncenter wp-image-8392\" src=\"https:\/\/unpanierpournoel.com\/wp-content\/uploads\/2021\/06\/image12.jpg\" alt=\"\" width=\"600\" height=\"1066\" srcset=\"https:\/\/unpanierpournoel.com\/wp-content\/uploads\/2021\/06\/image12.jpg 1125w, https:\/\/unpanierpournoel.com\/wp-content\/uploads\/2021\/06\/image12-350x622.jpg 350w, https:\/\/unpanierpournoel.com\/wp-content\/uploads\/2021\/06\/image12-169x300.jpg 169w, https:\/\/unpanierpournoel.com\/wp-content\/uploads\/2021\/06\/image12-576x1024.jpg 576w, https:\/\/unpanierpournoel.com\/wp-content\/uploads\/2021\/06\/image12-768x1365.jpg 768w, https:\/\/unpanierpournoel.com\/wp-content\/uploads\/2021\/06\/image12-864x1536.jpg 864w\" sizes=\"(max-width: 600px) 100vw, 600px\" \/><\/p>\n<\/td>\n<\/tr>\n<tr class=\"c1\">\n<td class=\"c14\" colspan=\"1\" rowspan=\"1\">\n<p class=\"c37\" style=\"text-align: center;\"><span class=\"c36\">\u201c<\/span><span class=\"c42\"> Small causes produce big effects\u201d <\/span><\/p>\n<p class=\"c38\">\n<p class=\"c39\"><span class=\"c22\">French proverb<\/span><\/p>\n<\/td>\n<\/tr>\n<tr class=\"c1\">\n<td class=\"c15\" colspan=\"1\" rowspan=\"1\">\n<p class=\"c30\">\n<\/td>\n<\/tr>\n<tr class=\"c1\">\n<td class=\"c14\" colspan=\"1\" rowspan=\"1\">\n<p class=\"c41\"><span class=\"c26 c28\">Thank you for your support !<\/span><\/p>\n<\/td>\n<\/tr>\n<tr class=\"c1\">\n<td class=\"c15\" colspan=\"1\" rowspan=\"1\"><a href=\"https:\/\/unpanierpournoel.com\/index.php\/dons-2\/?lang=en\" target=\"_blank\" rel=\"noopener\"><img loading=\"lazy\" decoding=\"async\" class=\"aligncenter size-full wp-image-8467\" src=\"https:\/\/unpanierpournoel.com\/wp-content\/uploads\/2021\/06\/make-a-donation.jpg\" alt=\"\" width=\"242\" height=\"134\" \/><\/a><\/p>\n<p class=\"c31\">\n<\/td>\n<\/tr>\n<tr class=\"c1\">\n<td class=\"c17\" colspan=\"1\" rowspan=\"1\">\n<p class=\"c0\"><span class=\"c18\"><a class=\"c3\" href=\"https:\/\/unpanierpournoel.com\/?lang=en\" target=\"_blank\" rel=\"noopener\">VISIT OUR WEBSITE TO KNOW MORE<\/a><\/span><\/p>\n<\/td>\n<\/tr>\n<tr class=\"c1\">\n<td class=\"c29\" colspan=\"1\" rowspan=\"1\">\n<p class=\"c0\"><img loading=\"lazy\" decoding=\"async\" class=\"aligncenter wp-image-8382\" src=\"https:\/\/unpanierpournoel.com\/wp-content\/uploads\/2021\/06\/image2.jpg\" alt=\"\" width=\"600\" height=\"82\" srcset=\"https:\/\/unpanierpournoel.com\/wp-content\/uploads\/2021\/06\/image2.jpg 1488w, https:\/\/unpanierpournoel.com\/wp-content\/uploads\/2021\/06\/image2-350x48.jpg 350w, https:\/\/unpanierpournoel.com\/wp-content\/uploads\/2021\/06\/image2-300x41.jpg 300w, https:\/\/unpanierpournoel.com\/wp-content\/uploads\/2021\/06\/image2-1024x140.jpg 1024w, https:\/\/unpanierpournoel.com\/wp-content\/uploads\/2021\/06\/image2-768x105.jpg 768w\" sizes=\"(max-width: 600px) 100vw, 600px\" \/><\/p>\n<\/td>\n<\/tr>\n<\/tbody>\n<\/table>\n<p class=\"c34\">","protected":false},"excerpt":{"rendered":"<p>NEWSLETTER JUNE 2021 In December 2020, despite the pandemic, we decided to go to Ecuador and continue the project, to distribute Christmas baskets with food to the poorest. Of course we could not carry out the project as in other years, we had to adapt to the situation, not to make large gatherings, to wear &hellip; <\/p>\n<p class=\"link-more\"><a href=\"https:\/\/unpanierpournoel.com\/en\/newsletter-juin-2021\/\" class=\"more-link\">Continue reading<span class=\"screen-reader-text\"> &#8220;Newsletter 2020&#8221;<\/span><\/a><\/p>\n","protected":false},"author":1,"featured_media":0,"parent":0,"menu_order":0,"comment_status":"closed","ping_status":"closed","template":"","meta":{"footnotes":""},"_links":{"self":[{"href":"https:\/\/unpanierpournoel.com\/en\/wp-json\/wp\/v2\/pages\/8493"}],"collection":[{"href":"https:\/\/unpanierpournoel.com\/en\/wp-json\/wp\/v2\/pages"}],"about":[{"href":"https:\/\/unpanierpournoel.com\/en\/wp-json\/wp\/v2\/types\/page"}],"author":[{"embeddable":true,"href":"https:\/\/unpanierpournoel.com\/en\/wp-json\/wp\/v2\/users\/1"}],"replies":[{"embeddable":true,"href":"https:\/\/unpanierpournoel.com\/en\/wp-json\/wp\/v2\/comments?post=8493"}],"version-history":[{"count":10,"href":"https:\/\/unpanierpournoel.com\/en\/wp-json\/wp\/v2\/pages\/8493\/revisions"}],"predecessor-version":[{"id":10127,"href":"https:\/\/unpanierpournoel.com\/en\/wp-json\/wp\/v2\/pages\/8493\/revisions\/10127"}],"wp:attachment":[{"href":"https:\/\/unpanierpournoel.com\/en\/wp-json\/wp\/v2\/media?parent=8493"}],"curies":[{"name":"wp","href":"https:\/\/api.w.org\/{rel}","templated":true}]}}