{"id":2898,"date":"2015-08-22T15:58:20","date_gmt":"2015-08-22T13:58:20","guid":{"rendered":"http:\/\/www.unpanierpournoel.com\/?page_id=2898"},"modified":"2015-08-22T15:58:20","modified_gmt":"2015-08-22T13:58:20","slug":"speed-meeting-du-benevolat","status":"publish","type":"page","link":"https:\/\/unpanierpournoel.com\/en\/speed-meeting-du-benevolat\/","title":{"rendered":"2\u00e8me Speed Meeting du b\u00e9n\u00e9volat"},"content":{"rendered":"<p class=\"qtranxs-available-languages-message qtranxs-available-languages-message-en\">Sorry, this entry is only available in <a href=\"https:\/\/unpanierpournoel.com\/fr\/wp-json\/wp\/v2\/pages\/2898\" class=\"qtranxs-available-language-link qtranxs-available-language-link-fr\" title=\"Fran\u00e7ais\">Fran\u00e7ais<\/a>.<\/p>","protected":false},"excerpt":{"rendered":"<p>Sorry, this entry is only available in Fran\u00e7ais.<\/p>\n","protected":false},"author":1,"featured_media":0,"parent":0,"menu_order":0,"comment_status":"open","ping_status":"open","template":"","meta":{"footnotes":""},"_links":{"self":[{"href":"https:\/\/unpanierpournoel.com\/en\/wp-json\/wp\/v2\/pages\/2898"}],"collection":[{"href":"https:\/\/unpanierpournoel.com\/en\/wp-json\/wp\/v2\/pages"}],"about":[{"href":"https:\/\/unpanierpournoel.com\/en\/wp-json\/wp\/v2\/types\/page"}],"author":[{"embeddable":true,"href":"https:\/\/unpanierpournoel.com\/en\/wp-json\/wp\/v2\/users\/1"}],"replies":[{"embeddable":true,"href":"https:\/\/unpanierpournoel.com\/en\/wp-json\/wp\/v2\/comments?post=2898"}],"version-history":[{"count":0,"href":"https:\/\/unpanierpournoel.com\/en\/wp-json\/wp\/v2\/pages\/2898\/revisions"}],"wp:attachment":[{"href":"https:\/\/unpanierpournoel.com\/en\/wp-json\/wp\/v2\/media?parent=2898"}],"curies":[{"name":"wp","href":"https:\/\/api.w.org\/{rel}","templated":true}]}}